{"id":15665,"date":"2019-10-15T15:17:19","date_gmt":"2019-10-15T15:17:19","guid":{"rendered":"https:\/\/www.hytorcatlantique.fr\/lst\/"},"modified":"2025-09-11T09:45:05","modified_gmt":"2025-09-11T09:45:05","slug":"lst","status":"publish","type":"page","link":"https:\/\/www.hytorcatlantique.fr\/fr-cd\/visseuses-dynamometriques\/lst\/","title":{"rendered":"LST"},"content":{"rendered":"","protected":false},"excerpt":{"rendered":"","protected":false},"author":1,"featured_media":15666,"parent":15674,"menu_order":3,"comment_status":"closed","ping_status":"closed","template":"templates\/produit.php","meta":{"_acf_changed":false,"footnotes":""},"pompe-hydraulique":[],"class_list":["post-15665","page","type-page","status-publish","has-post-thumbnail","hentry"],"acf":[],"yoast_head":"<!-- This site is optimized with the Yoast SEO plugin v27.4 - https:\/\/yoast.com\/product\/yoast-seo-wordpress\/ -->\n<title>Visseuse dynamom\u00e9trique \u00e0 batterie LST - HYTORC France<\/title>\n<meta name=\"description\" content=\"Visseuse d\u00e9visseuse dynamom\u00e9trique \u00e0 batterie pour les industriels et professionnels. Serrage au couple allant de 45 \u00e0 6 700Nm.\" \/>\n<meta name=\"robots\" content=\"index, follow, max-snippet:-1, max-image-preview:large, max-video-preview:-1\" \/>\n<link rel=\"canonical\" href=\"https:\/\/www.hytorcatlantique.fr\/fr-cd\/visseuses-dynamometriques\/lst\/\" \/>\n<meta property=\"og:locale\" content=\"fr_FR\" \/>\n<meta property=\"og:type\" content=\"article\" \/>\n<meta property=\"og:title\" content=\"Visseuse dynamom\u00e9trique \u00e0 batterie LST - HYTORC France\" \/>\n<meta property=\"og:description\" content=\"Visseuse d\u00e9visseuse dynamom\u00e9trique \u00e0 batterie pour les industriels et professionnels. Serrage au couple allant de 45 \u00e0 6 700Nm.\" \/>\n<meta property=\"og:url\" content=\"https:\/\/www.hytorcatlantique.fr\/fr-cd\/visseuses-dynamometriques\/lst\/\" \/>\n<meta property=\"og:site_name\" content=\"Hytorc France\" \/>\n<meta property=\"article:publisher\" content=\"https:\/\/www.facebook.com\/HytorcATLANTIQUE\" \/>\n<meta property=\"article:modified_time\" content=\"2025-09-11T09:45:05+00:00\" \/>\n<meta property=\"og:image\" content=\"https:\/\/www.hytorcatlantique.fr\/wp-content\/uploads\/2019\/10\/visseuse-lst.png\" \/>\n\t<meta property=\"og:image:width\" content=\"436\" \/>\n\t<meta property=\"og:image:height\" content=\"242\" \/>\n\t<meta property=\"og:image:type\" content=\"image\/png\" \/>\n<meta name=\"twitter:card\" content=\"summary_large_image\" \/>\n<script type=\"application\/ld+json\" class=\"yoast-schema-graph\">{\"@context\":\"https:\\\/\\\/schema.org\",\"@graph\":[{\"@type\":\"WebPage\",\"@id\":\"https:\\\/\\\/www.hytorcatlantique.fr\\\/fr-cd\\\/visseuses-dynamometriques\\\/lst\\\/\",\"url\":\"https:\\\/\\\/www.hytorcatlantique.fr\\\/fr-cd\\\/visseuses-dynamometriques\\\/lst\\\/\",\"name\":\"Visseuse dynamom\u00e9trique \u00e0 batterie LST - HYTORC France\",\"isPartOf\":{\"@id\":\"https:\\\/\\\/www.hytorcatlantique.fr\\\/fr-cd\\\/#website\"},\"primaryImageOfPage\":{\"@id\":\"https:\\\/\\\/www.hytorcatlantique.fr\\\/fr-cd\\\/visseuses-dynamometriques\\\/lst\\\/#primaryimage\"},\"image\":{\"@id\":\"https:\\\/\\\/www.hytorcatlantique.fr\\\/fr-cd\\\/visseuses-dynamometriques\\\/lst\\\/#primaryimage\"},\"thumbnailUrl\":\"https:\\\/\\\/www.hytorcatlantique.fr\\\/wp-content\\\/uploads\\\/2019\\\/10\\\/visseuse-lst.png\",\"datePublished\":\"2019-10-15T15:17:19+00:00\",\"dateModified\":\"2025-09-11T09:45:05+00:00\",\"description\":\"Visseuse d\u00e9visseuse dynamom\u00e9trique \u00e0 batterie pour les industriels et professionnels. Serrage au couple allant de 45 \u00e0 6 700Nm.\",\"breadcrumb\":{\"@id\":\"https:\\\/\\\/www.hytorcatlantique.fr\\\/fr-cd\\\/visseuses-dynamometriques\\\/lst\\\/#breadcrumb\"},\"inLanguage\":\"fr-CD\",\"potentialAction\":[{\"@type\":\"ReadAction\",\"target\":[\"https:\\\/\\\/www.hytorcatlantique.fr\\\/fr-cd\\\/visseuses-dynamometriques\\\/lst\\\/\"]}]},{\"@type\":\"ImageObject\",\"inLanguage\":\"fr-CD\",\"@id\":\"https:\\\/\\\/www.hytorcatlantique.fr\\\/fr-cd\\\/visseuses-dynamometriques\\\/lst\\\/#primaryimage\",\"url\":\"https:\\\/\\\/www.hytorcatlantique.fr\\\/wp-content\\\/uploads\\\/2019\\\/10\\\/visseuse-lst.png\",\"contentUrl\":\"https:\\\/\\\/www.hytorcatlantique.fr\\\/wp-content\\\/uploads\\\/2019\\\/10\\\/visseuse-lst.png\",\"width\":436,\"height\":242},{\"@type\":\"BreadcrumbList\",\"@id\":\"https:\\\/\\\/www.hytorcatlantique.fr\\\/fr-cd\\\/visseuses-dynamometriques\\\/lst\\\/#breadcrumb\",\"itemListElement\":[{\"@type\":\"ListItem\",\"position\":1,\"name\":\"Accueil\",\"item\":\"https:\\\/\\\/www.hytorcatlantique.fr\\\/fr-cd\\\/\"},{\"@type\":\"ListItem\",\"position\":2,\"name\":\"Visseuses Dynamom\u00e9triques\",\"item\":\"https:\\\/\\\/www.hytorcatlantique.fr\\\/fr-cd\\\/visseuses-dynamometriques\\\/\"},{\"@type\":\"ListItem\",\"position\":3,\"name\":\"LST\"}]},{\"@type\":\"WebSite\",\"@id\":\"https:\\\/\\\/www.hytorcatlantique.fr\\\/fr-cd\\\/#website\",\"url\":\"https:\\\/\\\/www.hytorcatlantique.fr\\\/fr-cd\\\/\",\"name\":\"Hytorc France\",\"description\":\"Solution pour application de serrage\",\"publisher\":{\"@id\":\"https:\\\/\\\/www.hytorcatlantique.fr\\\/fr-cd\\\/#organization\"},\"potentialAction\":[{\"@type\":\"SearchAction\",\"target\":{\"@type\":\"EntryPoint\",\"urlTemplate\":\"https:\\\/\\\/www.hytorcatlantique.fr\\\/fr-cd\\\/?s={search_term_string}\"},\"query-input\":{\"@type\":\"PropertyValueSpecification\",\"valueRequired\":true,\"valueName\":\"search_term_string\"}}],\"inLanguage\":\"fr-CD\"},{\"@type\":\"Organization\",\"@id\":\"https:\\\/\\\/www.hytorcatlantique.fr\\\/fr-cd\\\/#organization\",\"name\":\"Hytorc France\",\"url\":\"https:\\\/\\\/www.hytorcatlantique.fr\\\/fr-cd\\\/\",\"logo\":{\"@type\":\"ImageObject\",\"inLanguage\":\"fr-CD\",\"@id\":\"https:\\\/\\\/www.hytorcatlantique.fr\\\/fr-cd\\\/#\\\/schema\\\/logo\\\/image\\\/\",\"url\":\"https:\\\/\\\/www.hytorcatlantique.fr\\\/wp-content\\\/uploads\\\/2019\\\/07\\\/logo-hytorc.png\",\"contentUrl\":\"https:\\\/\\\/www.hytorcatlantique.fr\\\/wp-content\\\/uploads\\\/2019\\\/07\\\/logo-hytorc.png\",\"width\":239,\"height\":57,\"caption\":\"Hytorc France\"},\"image\":{\"@id\":\"https:\\\/\\\/www.hytorcatlantique.fr\\\/fr-cd\\\/#\\\/schema\\\/logo\\\/image\\\/\"},\"sameAs\":[\"https:\\\/\\\/www.facebook.com\\\/HytorcATLANTIQUE\",\"https:\\\/\\\/www.linkedin.com\\\/company\\\/hytorc-atlantique\\\/about\\\/\",\"https:\\\/\\\/www.youtube.com\\\/user\\\/HytorcAtlantique\"]}]}<\/script>\n<!-- \/ Yoast SEO plugin. -->","yoast_head_json":{"title":"Visseuse dynamom\u00e9trique \u00e0 batterie LST - HYTORC France","description":"Visseuse d\u00e9visseuse dynamom\u00e9trique \u00e0 batterie pour les industriels et professionnels. Serrage au couple allant de 45 \u00e0 6 700Nm.","robots":{"index":"index","follow":"follow","max-snippet":"max-snippet:-1","max-image-preview":"max-image-preview:large","max-video-preview":"max-video-preview:-1"},"canonical":"https:\/\/www.hytorcatlantique.fr\/fr-cd\/visseuses-dynamometriques\/lst\/","og_locale":"fr_FR","og_type":"article","og_title":"Visseuse dynamom\u00e9trique \u00e0 batterie LST - HYTORC France","og_description":"Visseuse d\u00e9visseuse dynamom\u00e9trique \u00e0 batterie pour les industriels et professionnels. Serrage au couple allant de 45 \u00e0 6 700Nm.","og_url":"https:\/\/www.hytorcatlantique.fr\/fr-cd\/visseuses-dynamometriques\/lst\/","og_site_name":"Hytorc France","article_publisher":"https:\/\/www.facebook.com\/HytorcATLANTIQUE","article_modified_time":"2025-09-11T09:45:05+00:00","og_image":[{"width":436,"height":242,"url":"https:\/\/www.hytorcatlantique.fr\/wp-content\/uploads\/2019\/10\/visseuse-lst.png","type":"image\/png"}],"twitter_card":"summary_large_image","schema":{"@context":"https:\/\/schema.org","@graph":[{"@type":"WebPage","@id":"https:\/\/www.hytorcatlantique.fr\/fr-cd\/visseuses-dynamometriques\/lst\/","url":"https:\/\/www.hytorcatlantique.fr\/fr-cd\/visseuses-dynamometriques\/lst\/","name":"Visseuse dynamom\u00e9trique \u00e0 batterie LST - HYTORC France","isPartOf":{"@id":"https:\/\/www.hytorcatlantique.fr\/fr-cd\/#website"},"primaryImageOfPage":{"@id":"https:\/\/www.hytorcatlantique.fr\/fr-cd\/visseuses-dynamometriques\/lst\/#primaryimage"},"image":{"@id":"https:\/\/www.hytorcatlantique.fr\/fr-cd\/visseuses-dynamometriques\/lst\/#primaryimage"},"thumbnailUrl":"https:\/\/www.hytorcatlantique.fr\/wp-content\/uploads\/2019\/10\/visseuse-lst.png","datePublished":"2019-10-15T15:17:19+00:00","dateModified":"2025-09-11T09:45:05+00:00","description":"Visseuse d\u00e9visseuse dynamom\u00e9trique \u00e0 batterie pour les industriels et professionnels. Serrage au couple allant de 45 \u00e0 6 700Nm.","breadcrumb":{"@id":"https:\/\/www.hytorcatlantique.fr\/fr-cd\/visseuses-dynamometriques\/lst\/#breadcrumb"},"inLanguage":"fr-CD","potentialAction":[{"@type":"ReadAction","target":["https:\/\/www.hytorcatlantique.fr\/fr-cd\/visseuses-dynamometriques\/lst\/"]}]},{"@type":"ImageObject","inLanguage":"fr-CD","@id":"https:\/\/www.hytorcatlantique.fr\/fr-cd\/visseuses-dynamometriques\/lst\/#primaryimage","url":"https:\/\/www.hytorcatlantique.fr\/wp-content\/uploads\/2019\/10\/visseuse-lst.png","contentUrl":"https:\/\/www.hytorcatlantique.fr\/wp-content\/uploads\/2019\/10\/visseuse-lst.png","width":436,"height":242},{"@type":"BreadcrumbList","@id":"https:\/\/www.hytorcatlantique.fr\/fr-cd\/visseuses-dynamometriques\/lst\/#breadcrumb","itemListElement":[{"@type":"ListItem","position":1,"name":"Accueil","item":"https:\/\/www.hytorcatlantique.fr\/fr-cd\/"},{"@type":"ListItem","position":2,"name":"Visseuses Dynamom\u00e9triques","item":"https:\/\/www.hytorcatlantique.fr\/fr-cd\/visseuses-dynamometriques\/"},{"@type":"ListItem","position":3,"name":"LST"}]},{"@type":"WebSite","@id":"https:\/\/www.hytorcatlantique.fr\/fr-cd\/#website","url":"https:\/\/www.hytorcatlantique.fr\/fr-cd\/","name":"Hytorc France","description":"Solution pour application de serrage","publisher":{"@id":"https:\/\/www.hytorcatlantique.fr\/fr-cd\/#organization"},"potentialAction":[{"@type":"SearchAction","target":{"@type":"EntryPoint","urlTemplate":"https:\/\/www.hytorcatlantique.fr\/fr-cd\/?s={search_term_string}"},"query-input":{"@type":"PropertyValueSpecification","valueRequired":true,"valueName":"search_term_string"}}],"inLanguage":"fr-CD"},{"@type":"Organization","@id":"https:\/\/www.hytorcatlantique.fr\/fr-cd\/#organization","name":"Hytorc France","url":"https:\/\/www.hytorcatlantique.fr\/fr-cd\/","logo":{"@type":"ImageObject","inLanguage":"fr-CD","@id":"https:\/\/www.hytorcatlantique.fr\/fr-cd\/#\/schema\/logo\/image\/","url":"https:\/\/www.hytorcatlantique.fr\/wp-content\/uploads\/2019\/07\/logo-hytorc.png","contentUrl":"https:\/\/www.hytorcatlantique.fr\/wp-content\/uploads\/2019\/07\/logo-hytorc.png","width":239,"height":57,"caption":"Hytorc France"},"image":{"@id":"https:\/\/www.hytorcatlantique.fr\/fr-cd\/#\/schema\/logo\/image\/"},"sameAs":["https:\/\/www.facebook.com\/HytorcATLANTIQUE","https:\/\/www.linkedin.com\/company\/hytorc-atlantique\/about\/","https:\/\/www.youtube.com\/user\/HytorcAtlantique"]}]}},"_links":{"self":[{"href":"https:\/\/www.hytorcatlantique.fr\/fr-cd\/wp-json\/wp\/v2\/pages\/15665","targetHints":{"allow":["GET"]}}],"collection":[{"href":"https:\/\/www.hytorcatlantique.fr\/fr-cd\/wp-json\/wp\/v2\/pages"}],"about":[{"href":"https:\/\/www.hytorcatlantique.fr\/fr-cd\/wp-json\/wp\/v2\/types\/page"}],"author":[{"embeddable":true,"href":"https:\/\/www.hytorcatlantique.fr\/fr-cd\/wp-json\/wp\/v2\/users\/1"}],"replies":[{"embeddable":true,"href":"https:\/\/www.hytorcatlantique.fr\/fr-cd\/wp-json\/wp\/v2\/comments?post=15665"}],"version-history":[{"count":4,"href":"https:\/\/www.hytorcatlantique.fr\/fr-cd\/wp-json\/wp\/v2\/pages\/15665\/revisions"}],"predecessor-version":[{"id":28322,"href":"https:\/\/www.hytorcatlantique.fr\/fr-cd\/wp-json\/wp\/v2\/pages\/15665\/revisions\/28322"}],"up":[{"embeddable":true,"href":"https:\/\/www.hytorcatlantique.fr\/fr-cd\/wp-json\/wp\/v2\/pages\/15674"}],"wp:featuredmedia":[{"embeddable":true,"href":"https:\/\/www.hytorcatlantique.fr\/fr-cd\/wp-json\/wp\/v2\/media\/15666"}],"wp:attachment":[{"href":"https:\/\/www.hytorcatlantique.fr\/fr-cd\/wp-json\/wp\/v2\/media?parent=15665"}],"wp:term":[{"taxonomy":"pompe-hydraulique","embeddable":true,"href":"https:\/\/www.hytorcatlantique.fr\/fr-cd\/wp-json\/wp\/v2\/pompe-hydraulique?post=15665"}],"curies":[{"name":"wp","href":"https:\/\/api.w.org\/{rel}","templated":true}]}}