{"id":15740,"date":"2019-10-11T15:13:33","date_gmt":"2019-10-11T15:13:33","guid":{"rendered":"https:\/\/www.hytorcatlantique.fr\/cles-hydrauliques\/edge\/"},"modified":"2025-09-11T09:07:35","modified_gmt":"2025-09-11T09:07:35","slug":"edge","status":"publish","type":"page","link":"https:\/\/www.hytorcatlantique.fr\/fr-cd\/cles-hydrauliques\/edge\/","title":{"rendered":"EDGE"},"content":{"rendered":"","protected":false},"excerpt":{"rendered":"","protected":false},"author":1,"featured_media":15741,"parent":15704,"menu_order":8,"comment_status":"closed","ping_status":"closed","template":"templates\/produit.php","meta":{"_acf_changed":false,"footnotes":""},"pompe-hydraulique":[],"class_list":["post-15740","page","type-page","status-publish","has-post-thumbnail","hentry"],"acf":[],"yoast_head":"<!-- This site is optimized with the Yoast SEO plugin v27.4 - https:\/\/yoast.com\/product\/yoast-seo-wordpress\/ -->\n<title>Cl\u00e9 hydraulique dynamom\u00e9trique EDGE - HYTORC France<\/title>\n<meta name=\"description\" content=\"Retrouvez toutes les informations n\u00e9cessaires sur la cl\u00e9 hydraulique dynamom\u00e9trique EDGE : couple de serrage, carr\u00e9 conducteur, bras de r\u00e9action ...\" \/>\n<meta name=\"robots\" content=\"index, follow, max-snippet:-1, max-image-preview:large, max-video-preview:-1\" \/>\n<link rel=\"canonical\" href=\"https:\/\/www.hytorcatlantique.fr\/fr-cd\/cles-hydrauliques\/edge\/\" \/>\n<meta property=\"og:locale\" content=\"fr_FR\" \/>\n<meta property=\"og:type\" content=\"article\" \/>\n<meta property=\"og:title\" content=\"Cl\u00e9 hydraulique dynamom\u00e9trique EDGE - HYTORC France\" \/>\n<meta property=\"og:description\" content=\"Retrouvez toutes les informations n\u00e9cessaires sur la cl\u00e9 hydraulique dynamom\u00e9trique EDGE : couple de serrage, carr\u00e9 conducteur, bras de r\u00e9action ...\" \/>\n<meta property=\"og:url\" content=\"https:\/\/www.hytorcatlantique.fr\/fr-cd\/cles-hydrauliques\/edge\/\" \/>\n<meta property=\"og:site_name\" content=\"Hytorc France\" \/>\n<meta property=\"article:publisher\" content=\"https:\/\/www.facebook.com\/HytorcATLANTIQUE\" \/>\n<meta property=\"article:modified_time\" content=\"2025-09-11T09:07:35+00:00\" \/>\n<meta property=\"og:image\" content=\"https:\/\/www.hytorcatlantique.fr\/wp-content\/uploads\/2019\/10\/produit-cle-hydraulique-edge.png\" \/>\n\t<meta property=\"og:image:width\" content=\"436\" \/>\n\t<meta property=\"og:image:height\" content=\"242\" \/>\n\t<meta property=\"og:image:type\" content=\"image\/png\" \/>\n<meta name=\"twitter:card\" content=\"summary_large_image\" \/>\n<script type=\"application\/ld+json\" class=\"yoast-schema-graph\">{\"@context\":\"https:\\\/\\\/schema.org\",\"@graph\":[{\"@type\":\"WebPage\",\"@id\":\"https:\\\/\\\/www.hytorcatlantique.fr\\\/fr-cd\\\/cles-hydrauliques\\\/edge\\\/\",\"url\":\"https:\\\/\\\/www.hytorcatlantique.fr\\\/fr-cd\\\/cles-hydrauliques\\\/edge\\\/\",\"name\":\"Cl\u00e9 hydraulique dynamom\u00e9trique EDGE - HYTORC France\",\"isPartOf\":{\"@id\":\"https:\\\/\\\/www.hytorcatlantique.fr\\\/fr-cd\\\/#website\"},\"primaryImageOfPage\":{\"@id\":\"https:\\\/\\\/www.hytorcatlantique.fr\\\/fr-cd\\\/cles-hydrauliques\\\/edge\\\/#primaryimage\"},\"image\":{\"@id\":\"https:\\\/\\\/www.hytorcatlantique.fr\\\/fr-cd\\\/cles-hydrauliques\\\/edge\\\/#primaryimage\"},\"thumbnailUrl\":\"https:\\\/\\\/www.hytorcatlantique.fr\\\/wp-content\\\/uploads\\\/2019\\\/10\\\/produit-cle-hydraulique-edge.png\",\"datePublished\":\"2019-10-11T15:13:33+00:00\",\"dateModified\":\"2025-09-11T09:07:35+00:00\",\"description\":\"Retrouvez toutes les informations n\u00e9cessaires sur la cl\u00e9 hydraulique dynamom\u00e9trique EDGE : couple de serrage, carr\u00e9 conducteur, bras de r\u00e9action ...\",\"breadcrumb\":{\"@id\":\"https:\\\/\\\/www.hytorcatlantique.fr\\\/fr-cd\\\/cles-hydrauliques\\\/edge\\\/#breadcrumb\"},\"inLanguage\":\"fr-CD\",\"potentialAction\":[{\"@type\":\"ReadAction\",\"target\":[\"https:\\\/\\\/www.hytorcatlantique.fr\\\/fr-cd\\\/cles-hydrauliques\\\/edge\\\/\"]}]},{\"@type\":\"ImageObject\",\"inLanguage\":\"fr-CD\",\"@id\":\"https:\\\/\\\/www.hytorcatlantique.fr\\\/fr-cd\\\/cles-hydrauliques\\\/edge\\\/#primaryimage\",\"url\":\"https:\\\/\\\/www.hytorcatlantique.fr\\\/wp-content\\\/uploads\\\/2019\\\/10\\\/produit-cle-hydraulique-edge.png\",\"contentUrl\":\"https:\\\/\\\/www.hytorcatlantique.fr\\\/wp-content\\\/uploads\\\/2019\\\/10\\\/produit-cle-hydraulique-edge.png\",\"width\":436,\"height\":242},{\"@type\":\"BreadcrumbList\",\"@id\":\"https:\\\/\\\/www.hytorcatlantique.fr\\\/fr-cd\\\/cles-hydrauliques\\\/edge\\\/#breadcrumb\",\"itemListElement\":[{\"@type\":\"ListItem\",\"position\":1,\"name\":\"Accueil\",\"item\":\"https:\\\/\\\/www.hytorcatlantique.fr\\\/fr-cd\\\/\"},{\"@type\":\"ListItem\",\"position\":2,\"name\":\"Cl\u00e9s hydrauliques\",\"item\":\"https:\\\/\\\/www.hytorcatlantique.fr\\\/fr-cd\\\/cles-hydrauliques\\\/\"},{\"@type\":\"ListItem\",\"position\":3,\"name\":\"EDGE\"}]},{\"@type\":\"WebSite\",\"@id\":\"https:\\\/\\\/www.hytorcatlantique.fr\\\/fr-cd\\\/#website\",\"url\":\"https:\\\/\\\/www.hytorcatlantique.fr\\\/fr-cd\\\/\",\"name\":\"Hytorc France\",\"description\":\"Solution pour application de serrage\",\"publisher\":{\"@id\":\"https:\\\/\\\/www.hytorcatlantique.fr\\\/fr-cd\\\/#organization\"},\"potentialAction\":[{\"@type\":\"SearchAction\",\"target\":{\"@type\":\"EntryPoint\",\"urlTemplate\":\"https:\\\/\\\/www.hytorcatlantique.fr\\\/fr-cd\\\/?s={search_term_string}\"},\"query-input\":{\"@type\":\"PropertyValueSpecification\",\"valueRequired\":true,\"valueName\":\"search_term_string\"}}],\"inLanguage\":\"fr-CD\"},{\"@type\":\"Organization\",\"@id\":\"https:\\\/\\\/www.hytorcatlantique.fr\\\/fr-cd\\\/#organization\",\"name\":\"Hytorc France\",\"url\":\"https:\\\/\\\/www.hytorcatlantique.fr\\\/fr-cd\\\/\",\"logo\":{\"@type\":\"ImageObject\",\"inLanguage\":\"fr-CD\",\"@id\":\"https:\\\/\\\/www.hytorcatlantique.fr\\\/fr-cd\\\/#\\\/schema\\\/logo\\\/image\\\/\",\"url\":\"https:\\\/\\\/www.hytorcatlantique.fr\\\/wp-content\\\/uploads\\\/2019\\\/07\\\/logo-hytorc.png\",\"contentUrl\":\"https:\\\/\\\/www.hytorcatlantique.fr\\\/wp-content\\\/uploads\\\/2019\\\/07\\\/logo-hytorc.png\",\"width\":239,\"height\":57,\"caption\":\"Hytorc France\"},\"image\":{\"@id\":\"https:\\\/\\\/www.hytorcatlantique.fr\\\/fr-cd\\\/#\\\/schema\\\/logo\\\/image\\\/\"},\"sameAs\":[\"https:\\\/\\\/www.facebook.com\\\/HytorcATLANTIQUE\",\"https:\\\/\\\/www.linkedin.com\\\/company\\\/hytorc-atlantique\\\/about\\\/\",\"https:\\\/\\\/www.youtube.com\\\/user\\\/HytorcAtlantique\"]}]}<\/script>\n<!-- \/ Yoast SEO plugin. -->","yoast_head_json":{"title":"Cl\u00e9 hydraulique dynamom\u00e9trique EDGE - HYTORC France","description":"Retrouvez toutes les informations n\u00e9cessaires sur la cl\u00e9 hydraulique dynamom\u00e9trique EDGE : couple de serrage, carr\u00e9 conducteur, bras de r\u00e9action ...","robots":{"index":"index","follow":"follow","max-snippet":"max-snippet:-1","max-image-preview":"max-image-preview:large","max-video-preview":"max-video-preview:-1"},"canonical":"https:\/\/www.hytorcatlantique.fr\/fr-cd\/cles-hydrauliques\/edge\/","og_locale":"fr_FR","og_type":"article","og_title":"Cl\u00e9 hydraulique dynamom\u00e9trique EDGE - HYTORC France","og_description":"Retrouvez toutes les informations n\u00e9cessaires sur la cl\u00e9 hydraulique dynamom\u00e9trique EDGE : couple de serrage, carr\u00e9 conducteur, bras de r\u00e9action ...","og_url":"https:\/\/www.hytorcatlantique.fr\/fr-cd\/cles-hydrauliques\/edge\/","og_site_name":"Hytorc France","article_publisher":"https:\/\/www.facebook.com\/HytorcATLANTIQUE","article_modified_time":"2025-09-11T09:07:35+00:00","og_image":[{"width":436,"height":242,"url":"https:\/\/www.hytorcatlantique.fr\/wp-content\/uploads\/2019\/10\/produit-cle-hydraulique-edge.png","type":"image\/png"}],"twitter_card":"summary_large_image","schema":{"@context":"https:\/\/schema.org","@graph":[{"@type":"WebPage","@id":"https:\/\/www.hytorcatlantique.fr\/fr-cd\/cles-hydrauliques\/edge\/","url":"https:\/\/www.hytorcatlantique.fr\/fr-cd\/cles-hydrauliques\/edge\/","name":"Cl\u00e9 hydraulique dynamom\u00e9trique EDGE - HYTORC France","isPartOf":{"@id":"https:\/\/www.hytorcatlantique.fr\/fr-cd\/#website"},"primaryImageOfPage":{"@id":"https:\/\/www.hytorcatlantique.fr\/fr-cd\/cles-hydrauliques\/edge\/#primaryimage"},"image":{"@id":"https:\/\/www.hytorcatlantique.fr\/fr-cd\/cles-hydrauliques\/edge\/#primaryimage"},"thumbnailUrl":"https:\/\/www.hytorcatlantique.fr\/wp-content\/uploads\/2019\/10\/produit-cle-hydraulique-edge.png","datePublished":"2019-10-11T15:13:33+00:00","dateModified":"2025-09-11T09:07:35+00:00","description":"Retrouvez toutes les informations n\u00e9cessaires sur la cl\u00e9 hydraulique dynamom\u00e9trique EDGE : couple de serrage, carr\u00e9 conducteur, bras de r\u00e9action ...","breadcrumb":{"@id":"https:\/\/www.hytorcatlantique.fr\/fr-cd\/cles-hydrauliques\/edge\/#breadcrumb"},"inLanguage":"fr-CD","potentialAction":[{"@type":"ReadAction","target":["https:\/\/www.hytorcatlantique.fr\/fr-cd\/cles-hydrauliques\/edge\/"]}]},{"@type":"ImageObject","inLanguage":"fr-CD","@id":"https:\/\/www.hytorcatlantique.fr\/fr-cd\/cles-hydrauliques\/edge\/#primaryimage","url":"https:\/\/www.hytorcatlantique.fr\/wp-content\/uploads\/2019\/10\/produit-cle-hydraulique-edge.png","contentUrl":"https:\/\/www.hytorcatlantique.fr\/wp-content\/uploads\/2019\/10\/produit-cle-hydraulique-edge.png","width":436,"height":242},{"@type":"BreadcrumbList","@id":"https:\/\/www.hytorcatlantique.fr\/fr-cd\/cles-hydrauliques\/edge\/#breadcrumb","itemListElement":[{"@type":"ListItem","position":1,"name":"Accueil","item":"https:\/\/www.hytorcatlantique.fr\/fr-cd\/"},{"@type":"ListItem","position":2,"name":"Cl\u00e9s hydrauliques","item":"https:\/\/www.hytorcatlantique.fr\/fr-cd\/cles-hydrauliques\/"},{"@type":"ListItem","position":3,"name":"EDGE"}]},{"@type":"WebSite","@id":"https:\/\/www.hytorcatlantique.fr\/fr-cd\/#website","url":"https:\/\/www.hytorcatlantique.fr\/fr-cd\/","name":"Hytorc France","description":"Solution pour application de serrage","publisher":{"@id":"https:\/\/www.hytorcatlantique.fr\/fr-cd\/#organization"},"potentialAction":[{"@type":"SearchAction","target":{"@type":"EntryPoint","urlTemplate":"https:\/\/www.hytorcatlantique.fr\/fr-cd\/?s={search_term_string}"},"query-input":{"@type":"PropertyValueSpecification","valueRequired":true,"valueName":"search_term_string"}}],"inLanguage":"fr-CD"},{"@type":"Organization","@id":"https:\/\/www.hytorcatlantique.fr\/fr-cd\/#organization","name":"Hytorc France","url":"https:\/\/www.hytorcatlantique.fr\/fr-cd\/","logo":{"@type":"ImageObject","inLanguage":"fr-CD","@id":"https:\/\/www.hytorcatlantique.fr\/fr-cd\/#\/schema\/logo\/image\/","url":"https:\/\/www.hytorcatlantique.fr\/wp-content\/uploads\/2019\/07\/logo-hytorc.png","contentUrl":"https:\/\/www.hytorcatlantique.fr\/wp-content\/uploads\/2019\/07\/logo-hytorc.png","width":239,"height":57,"caption":"Hytorc France"},"image":{"@id":"https:\/\/www.hytorcatlantique.fr\/fr-cd\/#\/schema\/logo\/image\/"},"sameAs":["https:\/\/www.facebook.com\/HytorcATLANTIQUE","https:\/\/www.linkedin.com\/company\/hytorc-atlantique\/about\/","https:\/\/www.youtube.com\/user\/HytorcAtlantique"]}]}},"_links":{"self":[{"href":"https:\/\/www.hytorcatlantique.fr\/fr-cd\/wp-json\/wp\/v2\/pages\/15740","targetHints":{"allow":["GET"]}}],"collection":[{"href":"https:\/\/www.hytorcatlantique.fr\/fr-cd\/wp-json\/wp\/v2\/pages"}],"about":[{"href":"https:\/\/www.hytorcatlantique.fr\/fr-cd\/wp-json\/wp\/v2\/types\/page"}],"author":[{"embeddable":true,"href":"https:\/\/www.hytorcatlantique.fr\/fr-cd\/wp-json\/wp\/v2\/users\/1"}],"replies":[{"embeddable":true,"href":"https:\/\/www.hytorcatlantique.fr\/fr-cd\/wp-json\/wp\/v2\/comments?post=15740"}],"version-history":[{"count":4,"href":"https:\/\/www.hytorcatlantique.fr\/fr-cd\/wp-json\/wp\/v2\/pages\/15740\/revisions"}],"predecessor-version":[{"id":28037,"href":"https:\/\/www.hytorcatlantique.fr\/fr-cd\/wp-json\/wp\/v2\/pages\/15740\/revisions\/28037"}],"up":[{"embeddable":true,"href":"https:\/\/www.hytorcatlantique.fr\/fr-cd\/wp-json\/wp\/v2\/pages\/15704"}],"wp:featuredmedia":[{"embeddable":true,"href":"https:\/\/www.hytorcatlantique.fr\/fr-cd\/wp-json\/wp\/v2\/media\/15741"}],"wp:attachment":[{"href":"https:\/\/www.hytorcatlantique.fr\/fr-cd\/wp-json\/wp\/v2\/media?parent=15740"}],"wp:term":[{"taxonomy":"pompe-hydraulique","embeddable":true,"href":"https:\/\/www.hytorcatlantique.fr\/fr-cd\/wp-json\/wp\/v2\/pompe-hydraulique?post=15740"}],"curies":[{"name":"wp","href":"https:\/\/api.w.org\/{rel}","templated":true}]}}