{"id":15373,"date":"2019-10-22T11:37:25","date_gmt":"2019-10-22T11:37:25","guid":{"rendered":"https:\/\/www.hytorcatlantique.fr\/serrage-a-la-limite-elastique\/"},"modified":"2023-07-03T08:09:37","modified_gmt":"2023-07-03T08:09:37","slug":"serrage-a-la-limite-elastique","status":"publish","type":"page","link":"https:\/\/www.hytorcatlantique.fr\/fr-ga\/serrage-a-la-limite-elastique\/","title":{"rendered":"Serrage \u00e0 la limite \u00e9lastique"},"content":{"rendered":"","protected":false},"excerpt":{"rendered":"","protected":false},"author":1,"featured_media":0,"parent":0,"menu_order":0,"comment_status":"closed","ping_status":"closed","template":"templates\/multibloc.php","meta":{"_acf_changed":false,"footnotes":""},"pompe-hydraulique":[],"class_list":["post-15373","page","type-page","status-publish","hentry"],"acf":[],"yoast_head":"<!-- This site is optimized with the Yoast SEO plugin v27.4 - https:\/\/yoast.com\/product\/yoast-seo-wordpress\/ -->\n<title>Serrage \u00e0 la limite \u00e9lastique : serrage industriel - HYTORC France<\/title>\n<meta name=\"description\" content=\"La m\u00e9thode de serrage \u00e0 la limite \u00e9lastique, propos\u00e9 par HYTORC, est une technique de serrage des boulons utilis\u00e9e par les industriels.\" \/>\n<meta name=\"robots\" content=\"index, follow, max-snippet:-1, max-image-preview:large, max-video-preview:-1\" \/>\n<link rel=\"canonical\" href=\"https:\/\/www.hytorcatlantique.fr\/fr-ga\/serrage-a-la-limite-elastique\/\" \/>\n<meta property=\"og:locale\" content=\"fr_FR\" \/>\n<meta property=\"og:type\" content=\"article\" \/>\n<meta property=\"og:title\" content=\"Serrage \u00e0 la limite \u00e9lastique : serrage industriel - HYTORC France\" \/>\n<meta property=\"og:description\" content=\"La m\u00e9thode de serrage \u00e0 la limite \u00e9lastique, propos\u00e9 par HYTORC, est une technique de serrage des boulons utilis\u00e9e par les industriels.\" \/>\n<meta property=\"og:url\" content=\"https:\/\/www.hytorcatlantique.fr\/fr-ga\/serrage-a-la-limite-elastique\/\" \/>\n<meta property=\"og:site_name\" content=\"Hytorc France\" \/>\n<meta property=\"article:publisher\" content=\"https:\/\/www.facebook.com\/HytorcATLANTIQUE\" \/>\n<meta property=\"article:modified_time\" content=\"2023-07-03T08:09:37+00:00\" \/>\n<meta name=\"twitter:card\" content=\"summary_large_image\" \/>\n<script type=\"application\/ld+json\" class=\"yoast-schema-graph\">{\"@context\":\"https:\\\/\\\/schema.org\",\"@graph\":[{\"@type\":\"WebPage\",\"@id\":\"https:\\\/\\\/www.hytorcatlantique.fr\\\/fr-ga\\\/serrage-a-la-limite-elastique\\\/\",\"url\":\"https:\\\/\\\/www.hytorcatlantique.fr\\\/fr-ga\\\/serrage-a-la-limite-elastique\\\/\",\"name\":\"Serrage \u00e0 la limite \u00e9lastique : serrage industriel - HYTORC France\",\"isPartOf\":{\"@id\":\"https:\\\/\\\/www.hytorcatlantique.fr\\\/fr-ga\\\/#website\"},\"datePublished\":\"2019-10-22T11:37:25+00:00\",\"dateModified\":\"2023-07-03T08:09:37+00:00\",\"description\":\"La m\u00e9thode de serrage \u00e0 la limite \u00e9lastique, propos\u00e9 par HYTORC, est une technique de serrage des boulons utilis\u00e9e par les industriels.\",\"breadcrumb\":{\"@id\":\"https:\\\/\\\/www.hytorcatlantique.fr\\\/fr-ga\\\/serrage-a-la-limite-elastique\\\/#breadcrumb\"},\"inLanguage\":\"fr-GA\",\"potentialAction\":[{\"@type\":\"ReadAction\",\"target\":[\"https:\\\/\\\/www.hytorcatlantique.fr\\\/fr-ga\\\/serrage-a-la-limite-elastique\\\/\"]}]},{\"@type\":\"BreadcrumbList\",\"@id\":\"https:\\\/\\\/www.hytorcatlantique.fr\\\/fr-ga\\\/serrage-a-la-limite-elastique\\\/#breadcrumb\",\"itemListElement\":[{\"@type\":\"ListItem\",\"position\":1,\"name\":\"Accueil\",\"item\":\"https:\\\/\\\/www.hytorcatlantique.fr\\\/fr-ga\\\/\"},{\"@type\":\"ListItem\",\"position\":2,\"name\":\"Serrage \u00e0 la limite \u00e9lastique\"}]},{\"@type\":\"WebSite\",\"@id\":\"https:\\\/\\\/www.hytorcatlantique.fr\\\/fr-ga\\\/#website\",\"url\":\"https:\\\/\\\/www.hytorcatlantique.fr\\\/fr-ga\\\/\",\"name\":\"Hytorc France\",\"description\":\"Solution pour application de serrage\",\"publisher\":{\"@id\":\"https:\\\/\\\/www.hytorcatlantique.fr\\\/fr-ga\\\/#organization\"},\"potentialAction\":[{\"@type\":\"SearchAction\",\"target\":{\"@type\":\"EntryPoint\",\"urlTemplate\":\"https:\\\/\\\/www.hytorcatlantique.fr\\\/fr-ga\\\/?s={search_term_string}\"},\"query-input\":{\"@type\":\"PropertyValueSpecification\",\"valueRequired\":true,\"valueName\":\"search_term_string\"}}],\"inLanguage\":\"fr-GA\"},{\"@type\":\"Organization\",\"@id\":\"https:\\\/\\\/www.hytorcatlantique.fr\\\/fr-ga\\\/#organization\",\"name\":\"Hytorc France\",\"url\":\"https:\\\/\\\/www.hytorcatlantique.fr\\\/fr-ga\\\/\",\"logo\":{\"@type\":\"ImageObject\",\"inLanguage\":\"fr-GA\",\"@id\":\"https:\\\/\\\/www.hytorcatlantique.fr\\\/fr-ga\\\/#\\\/schema\\\/logo\\\/image\\\/\",\"url\":\"https:\\\/\\\/www.hytorcatlantique.fr\\\/wp-content\\\/uploads\\\/2019\\\/07\\\/logo-hytorc.png\",\"contentUrl\":\"https:\\\/\\\/www.hytorcatlantique.fr\\\/wp-content\\\/uploads\\\/2019\\\/07\\\/logo-hytorc.png\",\"width\":239,\"height\":57,\"caption\":\"Hytorc France\"},\"image\":{\"@id\":\"https:\\\/\\\/www.hytorcatlantique.fr\\\/fr-ga\\\/#\\\/schema\\\/logo\\\/image\\\/\"},\"sameAs\":[\"https:\\\/\\\/www.facebook.com\\\/HytorcATLANTIQUE\",\"https:\\\/\\\/www.linkedin.com\\\/company\\\/hytorc-atlantique\\\/about\\\/\",\"https:\\\/\\\/www.youtube.com\\\/user\\\/HytorcAtlantique\"]}]}<\/script>\n<!-- \/ Yoast SEO plugin. -->","yoast_head_json":{"title":"Serrage \u00e0 la limite \u00e9lastique : serrage industriel - HYTORC France","description":"La m\u00e9thode de serrage \u00e0 la limite \u00e9lastique, propos\u00e9 par HYTORC, est une technique de serrage des boulons utilis\u00e9e par les industriels.","robots":{"index":"index","follow":"follow","max-snippet":"max-snippet:-1","max-image-preview":"max-image-preview:large","max-video-preview":"max-video-preview:-1"},"canonical":"https:\/\/www.hytorcatlantique.fr\/fr-ga\/serrage-a-la-limite-elastique\/","og_locale":"fr_FR","og_type":"article","og_title":"Serrage \u00e0 la limite \u00e9lastique : serrage industriel - HYTORC France","og_description":"La m\u00e9thode de serrage \u00e0 la limite \u00e9lastique, propos\u00e9 par HYTORC, est une technique de serrage des boulons utilis\u00e9e par les industriels.","og_url":"https:\/\/www.hytorcatlantique.fr\/fr-ga\/serrage-a-la-limite-elastique\/","og_site_name":"Hytorc France","article_publisher":"https:\/\/www.facebook.com\/HytorcATLANTIQUE","article_modified_time":"2023-07-03T08:09:37+00:00","twitter_card":"summary_large_image","schema":{"@context":"https:\/\/schema.org","@graph":[{"@type":"WebPage","@id":"https:\/\/www.hytorcatlantique.fr\/fr-ga\/serrage-a-la-limite-elastique\/","url":"https:\/\/www.hytorcatlantique.fr\/fr-ga\/serrage-a-la-limite-elastique\/","name":"Serrage \u00e0 la limite \u00e9lastique : serrage industriel - HYTORC France","isPartOf":{"@id":"https:\/\/www.hytorcatlantique.fr\/fr-ga\/#website"},"datePublished":"2019-10-22T11:37:25+00:00","dateModified":"2023-07-03T08:09:37+00:00","description":"La m\u00e9thode de serrage \u00e0 la limite \u00e9lastique, propos\u00e9 par HYTORC, est une technique de serrage des boulons utilis\u00e9e par les industriels.","breadcrumb":{"@id":"https:\/\/www.hytorcatlantique.fr\/fr-ga\/serrage-a-la-limite-elastique\/#breadcrumb"},"inLanguage":"fr-GA","potentialAction":[{"@type":"ReadAction","target":["https:\/\/www.hytorcatlantique.fr\/fr-ga\/serrage-a-la-limite-elastique\/"]}]},{"@type":"BreadcrumbList","@id":"https:\/\/www.hytorcatlantique.fr\/fr-ga\/serrage-a-la-limite-elastique\/#breadcrumb","itemListElement":[{"@type":"ListItem","position":1,"name":"Accueil","item":"https:\/\/www.hytorcatlantique.fr\/fr-ga\/"},{"@type":"ListItem","position":2,"name":"Serrage \u00e0 la limite \u00e9lastique"}]},{"@type":"WebSite","@id":"https:\/\/www.hytorcatlantique.fr\/fr-ga\/#website","url":"https:\/\/www.hytorcatlantique.fr\/fr-ga\/","name":"Hytorc France","description":"Solution pour application de serrage","publisher":{"@id":"https:\/\/www.hytorcatlantique.fr\/fr-ga\/#organization"},"potentialAction":[{"@type":"SearchAction","target":{"@type":"EntryPoint","urlTemplate":"https:\/\/www.hytorcatlantique.fr\/fr-ga\/?s={search_term_string}"},"query-input":{"@type":"PropertyValueSpecification","valueRequired":true,"valueName":"search_term_string"}}],"inLanguage":"fr-GA"},{"@type":"Organization","@id":"https:\/\/www.hytorcatlantique.fr\/fr-ga\/#organization","name":"Hytorc France","url":"https:\/\/www.hytorcatlantique.fr\/fr-ga\/","logo":{"@type":"ImageObject","inLanguage":"fr-GA","@id":"https:\/\/www.hytorcatlantique.fr\/fr-ga\/#\/schema\/logo\/image\/","url":"https:\/\/www.hytorcatlantique.fr\/wp-content\/uploads\/2019\/07\/logo-hytorc.png","contentUrl":"https:\/\/www.hytorcatlantique.fr\/wp-content\/uploads\/2019\/07\/logo-hytorc.png","width":239,"height":57,"caption":"Hytorc France"},"image":{"@id":"https:\/\/www.hytorcatlantique.fr\/fr-ga\/#\/schema\/logo\/image\/"},"sameAs":["https:\/\/www.facebook.com\/HytorcATLANTIQUE","https:\/\/www.linkedin.com\/company\/hytorc-atlantique\/about\/","https:\/\/www.youtube.com\/user\/HytorcAtlantique"]}]}},"_links":{"self":[{"href":"https:\/\/www.hytorcatlantique.fr\/fr-ga\/wp-json\/wp\/v2\/pages\/15373","targetHints":{"allow":["GET"]}}],"collection":[{"href":"https:\/\/www.hytorcatlantique.fr\/fr-ga\/wp-json\/wp\/v2\/pages"}],"about":[{"href":"https:\/\/www.hytorcatlantique.fr\/fr-ga\/wp-json\/wp\/v2\/types\/page"}],"author":[{"embeddable":true,"href":"https:\/\/www.hytorcatlantique.fr\/fr-ga\/wp-json\/wp\/v2\/users\/1"}],"replies":[{"embeddable":true,"href":"https:\/\/www.hytorcatlantique.fr\/fr-ga\/wp-json\/wp\/v2\/comments?post=15373"}],"version-history":[{"count":1,"href":"https:\/\/www.hytorcatlantique.fr\/fr-ga\/wp-json\/wp\/v2\/pages\/15373\/revisions"}],"predecessor-version":[{"id":20235,"href":"https:\/\/www.hytorcatlantique.fr\/fr-ga\/wp-json\/wp\/v2\/pages\/15373\/revisions\/20235"}],"wp:attachment":[{"href":"https:\/\/www.hytorcatlantique.fr\/fr-ga\/wp-json\/wp\/v2\/media?parent=15373"}],"wp:term":[{"taxonomy":"pompe-hydraulique","embeddable":true,"href":"https:\/\/www.hytorcatlantique.fr\/fr-ga\/wp-json\/wp\/v2\/pompe-hydraulique?post=15373"}],"curies":[{"name":"wp","href":"https:\/\/api.w.org\/{rel}","templated":true}]}}