{"id":15409,"date":"2019-10-22T10:48:01","date_gmt":"2019-10-22T10:48:01","guid":{"rendered":"https:\/\/www.hytorcatlantique.fr\/reparation\/"},"modified":"2025-03-27T15:31:52","modified_gmt":"2025-03-27T15:31:52","slug":"reparation","status":"publish","type":"page","link":"https:\/\/www.hytorcatlantique.fr\/fr-ga\/reparation\/","title":{"rendered":"R\u00e9paration"},"content":{"rendered":"","protected":false},"excerpt":{"rendered":"","protected":false},"author":1,"featured_media":0,"parent":0,"menu_order":0,"comment_status":"closed","ping_status":"closed","template":"templates\/multibloc.php","meta":{"_acf_changed":false,"footnotes":""},"pompe-hydraulique":[],"class_list":["post-15409","page","type-page","status-publish","hentry"],"acf":[],"yoast_head":"<!-- This site is optimized with the Yoast SEO plugin v27.4 - https:\/\/yoast.com\/product\/yoast-seo-wordpress\/ -->\n<title>R\u00e9paration outils HYTORC : cl\u00e9s hydrauliques, pompes et visseuses<\/title>\n<meta name=\"description\" content=\"HYTORC poss\u00e8de un atelier de r\u00e9paration \u00e0 Bordeaux afin de r\u00e9parer le mat\u00e9riel d\u00e9fectueux : pompes hydrauliques, visseuses et cl\u00e9s hydrauliques etc..\" \/>\n<meta name=\"robots\" content=\"index, follow, max-snippet:-1, max-image-preview:large, max-video-preview:-1\" \/>\n<link rel=\"canonical\" href=\"https:\/\/www.hytorcatlantique.fr\/fr-ga\/reparation\/\" \/>\n<meta property=\"og:locale\" content=\"fr_FR\" \/>\n<meta property=\"og:type\" content=\"article\" \/>\n<meta property=\"og:title\" content=\"R\u00e9paration outils HYTORC : cl\u00e9s hydrauliques, pompes et visseuses\" \/>\n<meta property=\"og:description\" content=\"HYTORC poss\u00e8de un atelier de r\u00e9paration \u00e0 Bordeaux afin de r\u00e9parer le mat\u00e9riel d\u00e9fectueux : pompes hydrauliques, visseuses et cl\u00e9s hydrauliques etc..\" \/>\n<meta property=\"og:url\" content=\"https:\/\/www.hytorcatlantique.fr\/fr-ga\/reparation\/\" \/>\n<meta property=\"og:site_name\" content=\"Hytorc France\" \/>\n<meta property=\"article:publisher\" content=\"https:\/\/www.facebook.com\/HytorcATLANTIQUE\" \/>\n<meta property=\"article:modified_time\" content=\"2025-03-27T15:31:52+00:00\" \/>\n<meta name=\"twitter:card\" content=\"summary_large_image\" \/>\n<script type=\"application\/ld+json\" class=\"yoast-schema-graph\">{\"@context\":\"https:\\\/\\\/schema.org\",\"@graph\":[{\"@type\":\"WebPage\",\"@id\":\"https:\\\/\\\/www.hytorcatlantique.fr\\\/fr-ga\\\/reparation\\\/\",\"url\":\"https:\\\/\\\/www.hytorcatlantique.fr\\\/fr-ga\\\/reparation\\\/\",\"name\":\"R\u00e9paration outils HYTORC : cl\u00e9s hydrauliques, pompes et visseuses\",\"isPartOf\":{\"@id\":\"https:\\\/\\\/www.hytorcatlantique.fr\\\/fr-ga\\\/#website\"},\"datePublished\":\"2019-10-22T10:48:01+00:00\",\"dateModified\":\"2025-03-27T15:31:52+00:00\",\"description\":\"HYTORC poss\u00e8de un atelier de r\u00e9paration \u00e0 Bordeaux afin de r\u00e9parer le mat\u00e9riel d\u00e9fectueux : pompes hydrauliques, visseuses et cl\u00e9s hydrauliques etc..\",\"breadcrumb\":{\"@id\":\"https:\\\/\\\/www.hytorcatlantique.fr\\\/fr-ga\\\/reparation\\\/#breadcrumb\"},\"inLanguage\":\"fr-GA\",\"potentialAction\":[{\"@type\":\"ReadAction\",\"target\":[\"https:\\\/\\\/www.hytorcatlantique.fr\\\/fr-ga\\\/reparation\\\/\"]}]},{\"@type\":\"BreadcrumbList\",\"@id\":\"https:\\\/\\\/www.hytorcatlantique.fr\\\/fr-ga\\\/reparation\\\/#breadcrumb\",\"itemListElement\":[{\"@type\":\"ListItem\",\"position\":1,\"name\":\"Accueil\",\"item\":\"https:\\\/\\\/www.hytorcatlantique.fr\\\/fr-ga\\\/\"},{\"@type\":\"ListItem\",\"position\":2,\"name\":\"R\u00e9paration\"}]},{\"@type\":\"WebSite\",\"@id\":\"https:\\\/\\\/www.hytorcatlantique.fr\\\/fr-ga\\\/#website\",\"url\":\"https:\\\/\\\/www.hytorcatlantique.fr\\\/fr-ga\\\/\",\"name\":\"Hytorc France\",\"description\":\"Solution pour application de serrage\",\"publisher\":{\"@id\":\"https:\\\/\\\/www.hytorcatlantique.fr\\\/fr-ga\\\/#organization\"},\"potentialAction\":[{\"@type\":\"SearchAction\",\"target\":{\"@type\":\"EntryPoint\",\"urlTemplate\":\"https:\\\/\\\/www.hytorcatlantique.fr\\\/fr-ga\\\/?s={search_term_string}\"},\"query-input\":{\"@type\":\"PropertyValueSpecification\",\"valueRequired\":true,\"valueName\":\"search_term_string\"}}],\"inLanguage\":\"fr-GA\"},{\"@type\":\"Organization\",\"@id\":\"https:\\\/\\\/www.hytorcatlantique.fr\\\/fr-ga\\\/#organization\",\"name\":\"Hytorc France\",\"url\":\"https:\\\/\\\/www.hytorcatlantique.fr\\\/fr-ga\\\/\",\"logo\":{\"@type\":\"ImageObject\",\"inLanguage\":\"fr-GA\",\"@id\":\"https:\\\/\\\/www.hytorcatlantique.fr\\\/fr-ga\\\/#\\\/schema\\\/logo\\\/image\\\/\",\"url\":\"https:\\\/\\\/www.hytorcatlantique.fr\\\/wp-content\\\/uploads\\\/2019\\\/07\\\/logo-hytorc.png\",\"contentUrl\":\"https:\\\/\\\/www.hytorcatlantique.fr\\\/wp-content\\\/uploads\\\/2019\\\/07\\\/logo-hytorc.png\",\"width\":239,\"height\":57,\"caption\":\"Hytorc France\"},\"image\":{\"@id\":\"https:\\\/\\\/www.hytorcatlantique.fr\\\/fr-ga\\\/#\\\/schema\\\/logo\\\/image\\\/\"},\"sameAs\":[\"https:\\\/\\\/www.facebook.com\\\/HytorcATLANTIQUE\",\"https:\\\/\\\/www.linkedin.com\\\/company\\\/hytorc-atlantique\\\/about\\\/\",\"https:\\\/\\\/www.youtube.com\\\/user\\\/HytorcAtlantique\"]}]}<\/script>\n<!-- \/ Yoast SEO plugin. -->","yoast_head_json":{"title":"R\u00e9paration outils HYTORC : cl\u00e9s hydrauliques, pompes et visseuses","description":"HYTORC poss\u00e8de un atelier de r\u00e9paration \u00e0 Bordeaux afin de r\u00e9parer le mat\u00e9riel d\u00e9fectueux : pompes hydrauliques, visseuses et cl\u00e9s hydrauliques etc..","robots":{"index":"index","follow":"follow","max-snippet":"max-snippet:-1","max-image-preview":"max-image-preview:large","max-video-preview":"max-video-preview:-1"},"canonical":"https:\/\/www.hytorcatlantique.fr\/fr-ga\/reparation\/","og_locale":"fr_FR","og_type":"article","og_title":"R\u00e9paration outils HYTORC : cl\u00e9s hydrauliques, pompes et visseuses","og_description":"HYTORC poss\u00e8de un atelier de r\u00e9paration \u00e0 Bordeaux afin de r\u00e9parer le mat\u00e9riel d\u00e9fectueux : pompes hydrauliques, visseuses et cl\u00e9s hydrauliques etc..","og_url":"https:\/\/www.hytorcatlantique.fr\/fr-ga\/reparation\/","og_site_name":"Hytorc France","article_publisher":"https:\/\/www.facebook.com\/HytorcATLANTIQUE","article_modified_time":"2025-03-27T15:31:52+00:00","twitter_card":"summary_large_image","schema":{"@context":"https:\/\/schema.org","@graph":[{"@type":"WebPage","@id":"https:\/\/www.hytorcatlantique.fr\/fr-ga\/reparation\/","url":"https:\/\/www.hytorcatlantique.fr\/fr-ga\/reparation\/","name":"R\u00e9paration outils HYTORC : cl\u00e9s hydrauliques, pompes et visseuses","isPartOf":{"@id":"https:\/\/www.hytorcatlantique.fr\/fr-ga\/#website"},"datePublished":"2019-10-22T10:48:01+00:00","dateModified":"2025-03-27T15:31:52+00:00","description":"HYTORC poss\u00e8de un atelier de r\u00e9paration \u00e0 Bordeaux afin de r\u00e9parer le mat\u00e9riel d\u00e9fectueux : pompes hydrauliques, visseuses et cl\u00e9s hydrauliques etc..","breadcrumb":{"@id":"https:\/\/www.hytorcatlantique.fr\/fr-ga\/reparation\/#breadcrumb"},"inLanguage":"fr-GA","potentialAction":[{"@type":"ReadAction","target":["https:\/\/www.hytorcatlantique.fr\/fr-ga\/reparation\/"]}]},{"@type":"BreadcrumbList","@id":"https:\/\/www.hytorcatlantique.fr\/fr-ga\/reparation\/#breadcrumb","itemListElement":[{"@type":"ListItem","position":1,"name":"Accueil","item":"https:\/\/www.hytorcatlantique.fr\/fr-ga\/"},{"@type":"ListItem","position":2,"name":"R\u00e9paration"}]},{"@type":"WebSite","@id":"https:\/\/www.hytorcatlantique.fr\/fr-ga\/#website","url":"https:\/\/www.hytorcatlantique.fr\/fr-ga\/","name":"Hytorc France","description":"Solution pour application de serrage","publisher":{"@id":"https:\/\/www.hytorcatlantique.fr\/fr-ga\/#organization"},"potentialAction":[{"@type":"SearchAction","target":{"@type":"EntryPoint","urlTemplate":"https:\/\/www.hytorcatlantique.fr\/fr-ga\/?s={search_term_string}"},"query-input":{"@type":"PropertyValueSpecification","valueRequired":true,"valueName":"search_term_string"}}],"inLanguage":"fr-GA"},{"@type":"Organization","@id":"https:\/\/www.hytorcatlantique.fr\/fr-ga\/#organization","name":"Hytorc France","url":"https:\/\/www.hytorcatlantique.fr\/fr-ga\/","logo":{"@type":"ImageObject","inLanguage":"fr-GA","@id":"https:\/\/www.hytorcatlantique.fr\/fr-ga\/#\/schema\/logo\/image\/","url":"https:\/\/www.hytorcatlantique.fr\/wp-content\/uploads\/2019\/07\/logo-hytorc.png","contentUrl":"https:\/\/www.hytorcatlantique.fr\/wp-content\/uploads\/2019\/07\/logo-hytorc.png","width":239,"height":57,"caption":"Hytorc France"},"image":{"@id":"https:\/\/www.hytorcatlantique.fr\/fr-ga\/#\/schema\/logo\/image\/"},"sameAs":["https:\/\/www.facebook.com\/HytorcATLANTIQUE","https:\/\/www.linkedin.com\/company\/hytorc-atlantique\/about\/","https:\/\/www.youtube.com\/user\/HytorcAtlantique"]}]}},"_links":{"self":[{"href":"https:\/\/www.hytorcatlantique.fr\/fr-ga\/wp-json\/wp\/v2\/pages\/15409","targetHints":{"allow":["GET"]}}],"collection":[{"href":"https:\/\/www.hytorcatlantique.fr\/fr-ga\/wp-json\/wp\/v2\/pages"}],"about":[{"href":"https:\/\/www.hytorcatlantique.fr\/fr-ga\/wp-json\/wp\/v2\/types\/page"}],"author":[{"embeddable":true,"href":"https:\/\/www.hytorcatlantique.fr\/fr-ga\/wp-json\/wp\/v2\/users\/1"}],"replies":[{"embeddable":true,"href":"https:\/\/www.hytorcatlantique.fr\/fr-ga\/wp-json\/wp\/v2\/comments?post=15409"}],"version-history":[{"count":2,"href":"https:\/\/www.hytorcatlantique.fr\/fr-ga\/wp-json\/wp\/v2\/pages\/15409\/revisions"}],"predecessor-version":[{"id":24053,"href":"https:\/\/www.hytorcatlantique.fr\/fr-ga\/wp-json\/wp\/v2\/pages\/15409\/revisions\/24053"}],"wp:attachment":[{"href":"https:\/\/www.hytorcatlantique.fr\/fr-ga\/wp-json\/wp\/v2\/media?parent=15409"}],"wp:term":[{"taxonomy":"pompe-hydraulique","embeddable":true,"href":"https:\/\/www.hytorcatlantique.fr\/fr-ga\/wp-json\/wp\/v2\/pompe-hydraulique?post=15409"}],"curies":[{"name":"wp","href":"https:\/\/api.w.org\/{rel}","templated":true}]}}