{"id":15583,"date":"2019-10-15T15:24:46","date_gmt":"2019-10-15T15:24:46","guid":{"rendered":"https:\/\/www.hytorcatlantique.fr\/hy-air\/"},"modified":"2025-09-11T12:27:57","modified_gmt":"2025-09-11T12:27:57","slug":"hy-air","status":"publish","type":"page","link":"https:\/\/www.hytorcatlantique.fr\/fr-ga\/pompes-hydrauliques\/hy-air\/","title":{"rendered":"Hy Air"},"content":{"rendered":"","protected":false},"excerpt":{"rendered":"","protected":false},"author":1,"featured_media":24906,"parent":15616,"menu_order":0,"comment_status":"closed","ping_status":"closed","template":"templates\/produit.php","meta":{"_acf_changed":false,"footnotes":""},"pompe-hydraulique":[116],"class_list":["post-15583","page","type-page","status-publish","has-post-thumbnail","hentry","pompe-hydraulique-pneumatique"],"acf":[],"yoast_head":"<!-- This site is optimized with the Yoast SEO plugin v27.4 - https:\/\/yoast.com\/product\/yoast-seo-wordpress\/ -->\n<title>Pompe hydraulique HY AIR \u00e0 moteur pneumatique - HYTORC<\/title>\n<meta name=\"description\" content=\"Pompe hydraulique HY AIR HYTORC \u00e0 moteur pneumatique : d\u00e9bit de 12.5 L\/min. Pompe s&#039;adaptant \u00e0 tous types de cl\u00e9s hydrauliques.\" \/>\n<meta name=\"robots\" content=\"index, follow, max-snippet:-1, max-image-preview:large, max-video-preview:-1\" \/>\n<link rel=\"canonical\" href=\"https:\/\/www.hytorcatlantique.fr\/fr-ga\/pompes-hydrauliques\/hy-air\/\" \/>\n<meta property=\"og:locale\" content=\"fr_FR\" \/>\n<meta property=\"og:type\" content=\"article\" \/>\n<meta property=\"og:title\" content=\"Pompe hydraulique HY AIR \u00e0 moteur pneumatique - HYTORC\" \/>\n<meta property=\"og:description\" content=\"Pompe hydraulique HY AIR HYTORC \u00e0 moteur pneumatique : d\u00e9bit de 12.5 L\/min. Pompe s&#039;adaptant \u00e0 tous types de cl\u00e9s hydrauliques.\" \/>\n<meta property=\"og:url\" content=\"https:\/\/www.hytorcatlantique.fr\/fr-ga\/pompes-hydrauliques\/hy-air\/\" \/>\n<meta property=\"og:site_name\" content=\"Hytorc France\" \/>\n<meta property=\"article:publisher\" content=\"https:\/\/www.facebook.com\/HytorcATLANTIQUE\" \/>\n<meta property=\"article:modified_time\" content=\"2025-09-11T12:27:57+00:00\" \/>\n<meta property=\"og:image\" content=\"https:\/\/www.hytorcatlantique.fr\/wp-content\/uploads\/2025\/04\/hy-air-pump-7-silhouetted.png\" \/>\n\t<meta property=\"og:image:width\" content=\"400\" \/>\n\t<meta property=\"og:image:height\" content=\"340\" \/>\n\t<meta property=\"og:image:type\" content=\"image\/png\" \/>\n<meta name=\"twitter:card\" content=\"summary_large_image\" \/>\n<script type=\"application\/ld+json\" class=\"yoast-schema-graph\">{\"@context\":\"https:\\\/\\\/schema.org\",\"@graph\":[{\"@type\":\"WebPage\",\"@id\":\"https:\\\/\\\/www.hytorcatlantique.fr\\\/fr-ga\\\/pompes-hydrauliques\\\/hy-air\\\/\",\"url\":\"https:\\\/\\\/www.hytorcatlantique.fr\\\/fr-ga\\\/pompes-hydrauliques\\\/hy-air\\\/\",\"name\":\"Pompe hydraulique HY AIR \u00e0 moteur pneumatique - HYTORC\",\"isPartOf\":{\"@id\":\"https:\\\/\\\/www.hytorcatlantique.fr\\\/fr-ga\\\/#website\"},\"primaryImageOfPage\":{\"@id\":\"https:\\\/\\\/www.hytorcatlantique.fr\\\/fr-ga\\\/pompes-hydrauliques\\\/hy-air\\\/#primaryimage\"},\"image\":{\"@id\":\"https:\\\/\\\/www.hytorcatlantique.fr\\\/fr-ga\\\/pompes-hydrauliques\\\/hy-air\\\/#primaryimage\"},\"thumbnailUrl\":\"https:\\\/\\\/www.hytorcatlantique.fr\\\/wp-content\\\/uploads\\\/2025\\\/04\\\/hy-air-pump-7-silhouetted.png\",\"datePublished\":\"2019-10-15T15:24:46+00:00\",\"dateModified\":\"2025-09-11T12:27:57+00:00\",\"description\":\"Pompe hydraulique HY AIR HYTORC \u00e0 moteur pneumatique : d\u00e9bit de 12.5 L\\\/min. Pompe s'adaptant \u00e0 tous types de cl\u00e9s hydrauliques.\",\"breadcrumb\":{\"@id\":\"https:\\\/\\\/www.hytorcatlantique.fr\\\/fr-ga\\\/pompes-hydrauliques\\\/hy-air\\\/#breadcrumb\"},\"inLanguage\":\"fr-GA\",\"potentialAction\":[{\"@type\":\"ReadAction\",\"target\":[\"https:\\\/\\\/www.hytorcatlantique.fr\\\/fr-ga\\\/pompes-hydrauliques\\\/hy-air\\\/\"]}]},{\"@type\":\"ImageObject\",\"inLanguage\":\"fr-GA\",\"@id\":\"https:\\\/\\\/www.hytorcatlantique.fr\\\/fr-ga\\\/pompes-hydrauliques\\\/hy-air\\\/#primaryimage\",\"url\":\"https:\\\/\\\/www.hytorcatlantique.fr\\\/wp-content\\\/uploads\\\/2025\\\/04\\\/hy-air-pump-7-silhouetted.png\",\"contentUrl\":\"https:\\\/\\\/www.hytorcatlantique.fr\\\/wp-content\\\/uploads\\\/2025\\\/04\\\/hy-air-pump-7-silhouetted.png\",\"width\":400,\"height\":340},{\"@type\":\"BreadcrumbList\",\"@id\":\"https:\\\/\\\/www.hytorcatlantique.fr\\\/fr-ga\\\/pompes-hydrauliques\\\/hy-air\\\/#breadcrumb\",\"itemListElement\":[{\"@type\":\"ListItem\",\"position\":1,\"name\":\"Accueil\",\"item\":\"https:\\\/\\\/www.hytorcatlantique.fr\\\/fr-ga\\\/\"},{\"@type\":\"ListItem\",\"position\":2,\"name\":\"Pompes hydrauliques\",\"item\":\"https:\\\/\\\/www.hytorcatlantique.fr\\\/fr-ga\\\/pompes-hydrauliques\\\/\"},{\"@type\":\"ListItem\",\"position\":3,\"name\":\"Hy Air\"}]},{\"@type\":\"WebSite\",\"@id\":\"https:\\\/\\\/www.hytorcatlantique.fr\\\/fr-ga\\\/#website\",\"url\":\"https:\\\/\\\/www.hytorcatlantique.fr\\\/fr-ga\\\/\",\"name\":\"Hytorc France\",\"description\":\"Solution pour application de serrage\",\"publisher\":{\"@id\":\"https:\\\/\\\/www.hytorcatlantique.fr\\\/fr-ga\\\/#organization\"},\"potentialAction\":[{\"@type\":\"SearchAction\",\"target\":{\"@type\":\"EntryPoint\",\"urlTemplate\":\"https:\\\/\\\/www.hytorcatlantique.fr\\\/fr-ga\\\/?s={search_term_string}\"},\"query-input\":{\"@type\":\"PropertyValueSpecification\",\"valueRequired\":true,\"valueName\":\"search_term_string\"}}],\"inLanguage\":\"fr-GA\"},{\"@type\":\"Organization\",\"@id\":\"https:\\\/\\\/www.hytorcatlantique.fr\\\/fr-ga\\\/#organization\",\"name\":\"Hytorc France\",\"url\":\"https:\\\/\\\/www.hytorcatlantique.fr\\\/fr-ga\\\/\",\"logo\":{\"@type\":\"ImageObject\",\"inLanguage\":\"fr-GA\",\"@id\":\"https:\\\/\\\/www.hytorcatlantique.fr\\\/fr-ga\\\/#\\\/schema\\\/logo\\\/image\\\/\",\"url\":\"https:\\\/\\\/www.hytorcatlantique.fr\\\/wp-content\\\/uploads\\\/2019\\\/07\\\/logo-hytorc.png\",\"contentUrl\":\"https:\\\/\\\/www.hytorcatlantique.fr\\\/wp-content\\\/uploads\\\/2019\\\/07\\\/logo-hytorc.png\",\"width\":239,\"height\":57,\"caption\":\"Hytorc France\"},\"image\":{\"@id\":\"https:\\\/\\\/www.hytorcatlantique.fr\\\/fr-ga\\\/#\\\/schema\\\/logo\\\/image\\\/\"},\"sameAs\":[\"https:\\\/\\\/www.facebook.com\\\/HytorcATLANTIQUE\",\"https:\\\/\\\/www.linkedin.com\\\/company\\\/hytorc-atlantique\\\/about\\\/\",\"https:\\\/\\\/www.youtube.com\\\/user\\\/HytorcAtlantique\"]}]}<\/script>\n<!-- \/ Yoast SEO plugin. -->","yoast_head_json":{"title":"Pompe hydraulique HY AIR \u00e0 moteur pneumatique - HYTORC","description":"Pompe hydraulique HY AIR HYTORC \u00e0 moteur pneumatique : d\u00e9bit de 12.5 L\/min. Pompe s'adaptant \u00e0 tous types de cl\u00e9s hydrauliques.","robots":{"index":"index","follow":"follow","max-snippet":"max-snippet:-1","max-image-preview":"max-image-preview:large","max-video-preview":"max-video-preview:-1"},"canonical":"https:\/\/www.hytorcatlantique.fr\/fr-ga\/pompes-hydrauliques\/hy-air\/","og_locale":"fr_FR","og_type":"article","og_title":"Pompe hydraulique HY AIR \u00e0 moteur pneumatique - HYTORC","og_description":"Pompe hydraulique HY AIR HYTORC \u00e0 moteur pneumatique : d\u00e9bit de 12.5 L\/min. Pompe s'adaptant \u00e0 tous types de cl\u00e9s hydrauliques.","og_url":"https:\/\/www.hytorcatlantique.fr\/fr-ga\/pompes-hydrauliques\/hy-air\/","og_site_name":"Hytorc France","article_publisher":"https:\/\/www.facebook.com\/HytorcATLANTIQUE","article_modified_time":"2025-09-11T12:27:57+00:00","og_image":[{"width":400,"height":340,"url":"https:\/\/www.hytorcatlantique.fr\/wp-content\/uploads\/2025\/04\/hy-air-pump-7-silhouetted.png","type":"image\/png"}],"twitter_card":"summary_large_image","schema":{"@context":"https:\/\/schema.org","@graph":[{"@type":"WebPage","@id":"https:\/\/www.hytorcatlantique.fr\/fr-ga\/pompes-hydrauliques\/hy-air\/","url":"https:\/\/www.hytorcatlantique.fr\/fr-ga\/pompes-hydrauliques\/hy-air\/","name":"Pompe hydraulique HY AIR \u00e0 moteur pneumatique - HYTORC","isPartOf":{"@id":"https:\/\/www.hytorcatlantique.fr\/fr-ga\/#website"},"primaryImageOfPage":{"@id":"https:\/\/www.hytorcatlantique.fr\/fr-ga\/pompes-hydrauliques\/hy-air\/#primaryimage"},"image":{"@id":"https:\/\/www.hytorcatlantique.fr\/fr-ga\/pompes-hydrauliques\/hy-air\/#primaryimage"},"thumbnailUrl":"https:\/\/www.hytorcatlantique.fr\/wp-content\/uploads\/2025\/04\/hy-air-pump-7-silhouetted.png","datePublished":"2019-10-15T15:24:46+00:00","dateModified":"2025-09-11T12:27:57+00:00","description":"Pompe hydraulique HY AIR HYTORC \u00e0 moteur pneumatique : d\u00e9bit de 12.5 L\/min. Pompe s'adaptant \u00e0 tous types de cl\u00e9s hydrauliques.","breadcrumb":{"@id":"https:\/\/www.hytorcatlantique.fr\/fr-ga\/pompes-hydrauliques\/hy-air\/#breadcrumb"},"inLanguage":"fr-GA","potentialAction":[{"@type":"ReadAction","target":["https:\/\/www.hytorcatlantique.fr\/fr-ga\/pompes-hydrauliques\/hy-air\/"]}]},{"@type":"ImageObject","inLanguage":"fr-GA","@id":"https:\/\/www.hytorcatlantique.fr\/fr-ga\/pompes-hydrauliques\/hy-air\/#primaryimage","url":"https:\/\/www.hytorcatlantique.fr\/wp-content\/uploads\/2025\/04\/hy-air-pump-7-silhouetted.png","contentUrl":"https:\/\/www.hytorcatlantique.fr\/wp-content\/uploads\/2025\/04\/hy-air-pump-7-silhouetted.png","width":400,"height":340},{"@type":"BreadcrumbList","@id":"https:\/\/www.hytorcatlantique.fr\/fr-ga\/pompes-hydrauliques\/hy-air\/#breadcrumb","itemListElement":[{"@type":"ListItem","position":1,"name":"Accueil","item":"https:\/\/www.hytorcatlantique.fr\/fr-ga\/"},{"@type":"ListItem","position":2,"name":"Pompes hydrauliques","item":"https:\/\/www.hytorcatlantique.fr\/fr-ga\/pompes-hydrauliques\/"},{"@type":"ListItem","position":3,"name":"Hy Air"}]},{"@type":"WebSite","@id":"https:\/\/www.hytorcatlantique.fr\/fr-ga\/#website","url":"https:\/\/www.hytorcatlantique.fr\/fr-ga\/","name":"Hytorc France","description":"Solution pour application de serrage","publisher":{"@id":"https:\/\/www.hytorcatlantique.fr\/fr-ga\/#organization"},"potentialAction":[{"@type":"SearchAction","target":{"@type":"EntryPoint","urlTemplate":"https:\/\/www.hytorcatlantique.fr\/fr-ga\/?s={search_term_string}"},"query-input":{"@type":"PropertyValueSpecification","valueRequired":true,"valueName":"search_term_string"}}],"inLanguage":"fr-GA"},{"@type":"Organization","@id":"https:\/\/www.hytorcatlantique.fr\/fr-ga\/#organization","name":"Hytorc France","url":"https:\/\/www.hytorcatlantique.fr\/fr-ga\/","logo":{"@type":"ImageObject","inLanguage":"fr-GA","@id":"https:\/\/www.hytorcatlantique.fr\/fr-ga\/#\/schema\/logo\/image\/","url":"https:\/\/www.hytorcatlantique.fr\/wp-content\/uploads\/2019\/07\/logo-hytorc.png","contentUrl":"https:\/\/www.hytorcatlantique.fr\/wp-content\/uploads\/2019\/07\/logo-hytorc.png","width":239,"height":57,"caption":"Hytorc France"},"image":{"@id":"https:\/\/www.hytorcatlantique.fr\/fr-ga\/#\/schema\/logo\/image\/"},"sameAs":["https:\/\/www.facebook.com\/HytorcATLANTIQUE","https:\/\/www.linkedin.com\/company\/hytorc-atlantique\/about\/","https:\/\/www.youtube.com\/user\/HytorcAtlantique"]}]}},"_links":{"self":[{"href":"https:\/\/www.hytorcatlantique.fr\/fr-ga\/wp-json\/wp\/v2\/pages\/15583","targetHints":{"allow":["GET"]}}],"collection":[{"href":"https:\/\/www.hytorcatlantique.fr\/fr-ga\/wp-json\/wp\/v2\/pages"}],"about":[{"href":"https:\/\/www.hytorcatlantique.fr\/fr-ga\/wp-json\/wp\/v2\/types\/page"}],"author":[{"embeddable":true,"href":"https:\/\/www.hytorcatlantique.fr\/fr-ga\/wp-json\/wp\/v2\/users\/1"}],"replies":[{"embeddable":true,"href":"https:\/\/www.hytorcatlantique.fr\/fr-ga\/wp-json\/wp\/v2\/comments?post=15583"}],"version-history":[{"count":5,"href":"https:\/\/www.hytorcatlantique.fr\/fr-ga\/wp-json\/wp\/v2\/pages\/15583\/revisions"}],"predecessor-version":[{"id":28893,"href":"https:\/\/www.hytorcatlantique.fr\/fr-ga\/wp-json\/wp\/v2\/pages\/15583\/revisions\/28893"}],"up":[{"embeddable":true,"href":"https:\/\/www.hytorcatlantique.fr\/fr-ga\/wp-json\/wp\/v2\/pages\/15616"}],"wp:featuredmedia":[{"embeddable":true,"href":"https:\/\/www.hytorcatlantique.fr\/fr-ga\/wp-json\/wp\/v2\/media\/24906"}],"wp:attachment":[{"href":"https:\/\/www.hytorcatlantique.fr\/fr-ga\/wp-json\/wp\/v2\/media?parent=15583"}],"wp:term":[{"taxonomy":"pompe-hydraulique","embeddable":true,"href":"https:\/\/www.hytorcatlantique.fr\/fr-ga\/wp-json\/wp\/v2\/pompe-hydraulique?post=15583"}],"curies":[{"name":"wp","href":"https:\/\/api.w.org\/{rel}","templated":true}]}}