{"id":15763,"date":"2019-09-17T08:00:13","date_gmt":"2019-09-17T08:00:13","guid":{"rendered":"https:\/\/www.hytorcatlantique.fr\/location-de-materiel\/"},"modified":"2023-07-03T08:14:02","modified_gmt":"2023-07-03T08:14:02","slug":"location-de-materiel","status":"publish","type":"page","link":"https:\/\/www.hytorcatlantique.fr\/fr-ga\/location-de-materiel\/","title":{"rendered":"Location de mat\u00e9riel"},"content":{"rendered":"","protected":false},"excerpt":{"rendered":"","protected":false},"author":1,"featured_media":0,"parent":0,"menu_order":0,"comment_status":"closed","ping_status":"closed","template":"templates\/categorie.php","meta":{"_acf_changed":false,"footnotes":""},"pompe-hydraulique":[],"class_list":["post-15763","page","type-page","status-publish","hentry"],"acf":[],"yoast_head":"<!-- This site is optimized with the Yoast SEO plugin v27.4 - https:\/\/yoast.com\/product\/yoast-seo-wordpress\/ -->\n<title>Location de mat\u00e9riel d&#039;outils de serrage - HYTORC France<\/title>\n<meta name=\"description\" content=\"Vous cherchez \u00e0 louer une cl\u00e9 hydraulique, une visseuse dynamom\u00e9trique ou une pompe hydraulique ? Faites appel \u00e0 HYTORC France.\" \/>\n<meta name=\"robots\" content=\"index, follow, max-snippet:-1, max-image-preview:large, max-video-preview:-1\" \/>\n<link rel=\"canonical\" href=\"https:\/\/www.hytorcatlantique.fr\/fr-ga\/location-de-materiel\/\" \/>\n<meta property=\"og:locale\" content=\"fr_FR\" \/>\n<meta property=\"og:type\" content=\"article\" \/>\n<meta property=\"og:title\" content=\"Location de mat\u00e9riel d&#039;outils de serrage - HYTORC France\" \/>\n<meta property=\"og:description\" content=\"Vous cherchez \u00e0 louer une cl\u00e9 hydraulique, une visseuse dynamom\u00e9trique ou une pompe hydraulique ? Faites appel \u00e0 HYTORC France.\" \/>\n<meta property=\"og:url\" content=\"https:\/\/www.hytorcatlantique.fr\/fr-ga\/location-de-materiel\/\" \/>\n<meta property=\"og:site_name\" content=\"Hytorc France\" \/>\n<meta property=\"article:publisher\" content=\"https:\/\/www.facebook.com\/HytorcATLANTIQUE\" \/>\n<meta property=\"article:modified_time\" content=\"2023-07-03T08:14:02+00:00\" \/>\n<meta name=\"twitter:card\" content=\"summary_large_image\" \/>\n<script type=\"application\/ld+json\" class=\"yoast-schema-graph\">{\"@context\":\"https:\\\/\\\/schema.org\",\"@graph\":[{\"@type\":\"WebPage\",\"@id\":\"https:\\\/\\\/www.hytorcatlantique.fr\\\/fr-ga\\\/location-de-materiel\\\/\",\"url\":\"https:\\\/\\\/www.hytorcatlantique.fr\\\/fr-ga\\\/location-de-materiel\\\/\",\"name\":\"Location de mat\u00e9riel d'outils de serrage - HYTORC France\",\"isPartOf\":{\"@id\":\"https:\\\/\\\/www.hytorcatlantique.fr\\\/fr-ga\\\/#website\"},\"datePublished\":\"2019-09-17T08:00:13+00:00\",\"dateModified\":\"2023-07-03T08:14:02+00:00\",\"description\":\"Vous cherchez \u00e0 louer une cl\u00e9 hydraulique, une visseuse dynamom\u00e9trique ou une pompe hydraulique ? Faites appel \u00e0 HYTORC France.\",\"breadcrumb\":{\"@id\":\"https:\\\/\\\/www.hytorcatlantique.fr\\\/fr-ga\\\/location-de-materiel\\\/#breadcrumb\"},\"inLanguage\":\"fr-GA\",\"potentialAction\":[{\"@type\":\"ReadAction\",\"target\":[\"https:\\\/\\\/www.hytorcatlantique.fr\\\/fr-ga\\\/location-de-materiel\\\/\"]}]},{\"@type\":\"BreadcrumbList\",\"@id\":\"https:\\\/\\\/www.hytorcatlantique.fr\\\/fr-ga\\\/location-de-materiel\\\/#breadcrumb\",\"itemListElement\":[{\"@type\":\"ListItem\",\"position\":1,\"name\":\"Accueil\",\"item\":\"https:\\\/\\\/www.hytorcatlantique.fr\\\/fr-ga\\\/\"},{\"@type\":\"ListItem\",\"position\":2,\"name\":\"Location de mat\u00e9riel\"}]},{\"@type\":\"WebSite\",\"@id\":\"https:\\\/\\\/www.hytorcatlantique.fr\\\/fr-ga\\\/#website\",\"url\":\"https:\\\/\\\/www.hytorcatlantique.fr\\\/fr-ga\\\/\",\"name\":\"Hytorc France\",\"description\":\"Solution pour application de serrage\",\"publisher\":{\"@id\":\"https:\\\/\\\/www.hytorcatlantique.fr\\\/fr-ga\\\/#organization\"},\"potentialAction\":[{\"@type\":\"SearchAction\",\"target\":{\"@type\":\"EntryPoint\",\"urlTemplate\":\"https:\\\/\\\/www.hytorcatlantique.fr\\\/fr-ga\\\/?s={search_term_string}\"},\"query-input\":{\"@type\":\"PropertyValueSpecification\",\"valueRequired\":true,\"valueName\":\"search_term_string\"}}],\"inLanguage\":\"fr-GA\"},{\"@type\":\"Organization\",\"@id\":\"https:\\\/\\\/www.hytorcatlantique.fr\\\/fr-ga\\\/#organization\",\"name\":\"Hytorc France\",\"url\":\"https:\\\/\\\/www.hytorcatlantique.fr\\\/fr-ga\\\/\",\"logo\":{\"@type\":\"ImageObject\",\"inLanguage\":\"fr-GA\",\"@id\":\"https:\\\/\\\/www.hytorcatlantique.fr\\\/fr-ga\\\/#\\\/schema\\\/logo\\\/image\\\/\",\"url\":\"https:\\\/\\\/www.hytorcatlantique.fr\\\/wp-content\\\/uploads\\\/2019\\\/07\\\/logo-hytorc.png\",\"contentUrl\":\"https:\\\/\\\/www.hytorcatlantique.fr\\\/wp-content\\\/uploads\\\/2019\\\/07\\\/logo-hytorc.png\",\"width\":239,\"height\":57,\"caption\":\"Hytorc France\"},\"image\":{\"@id\":\"https:\\\/\\\/www.hytorcatlantique.fr\\\/fr-ga\\\/#\\\/schema\\\/logo\\\/image\\\/\"},\"sameAs\":[\"https:\\\/\\\/www.facebook.com\\\/HytorcATLANTIQUE\",\"https:\\\/\\\/www.linkedin.com\\\/company\\\/hytorc-atlantique\\\/about\\\/\",\"https:\\\/\\\/www.youtube.com\\\/user\\\/HytorcAtlantique\"]}]}<\/script>\n<!-- \/ Yoast SEO plugin. -->","yoast_head_json":{"title":"Location de mat\u00e9riel d'outils de serrage - HYTORC France","description":"Vous cherchez \u00e0 louer une cl\u00e9 hydraulique, une visseuse dynamom\u00e9trique ou une pompe hydraulique ? Faites appel \u00e0 HYTORC France.","robots":{"index":"index","follow":"follow","max-snippet":"max-snippet:-1","max-image-preview":"max-image-preview:large","max-video-preview":"max-video-preview:-1"},"canonical":"https:\/\/www.hytorcatlantique.fr\/fr-ga\/location-de-materiel\/","og_locale":"fr_FR","og_type":"article","og_title":"Location de mat\u00e9riel d'outils de serrage - HYTORC France","og_description":"Vous cherchez \u00e0 louer une cl\u00e9 hydraulique, une visseuse dynamom\u00e9trique ou une pompe hydraulique ? Faites appel \u00e0 HYTORC France.","og_url":"https:\/\/www.hytorcatlantique.fr\/fr-ga\/location-de-materiel\/","og_site_name":"Hytorc France","article_publisher":"https:\/\/www.facebook.com\/HytorcATLANTIQUE","article_modified_time":"2023-07-03T08:14:02+00:00","twitter_card":"summary_large_image","schema":{"@context":"https:\/\/schema.org","@graph":[{"@type":"WebPage","@id":"https:\/\/www.hytorcatlantique.fr\/fr-ga\/location-de-materiel\/","url":"https:\/\/www.hytorcatlantique.fr\/fr-ga\/location-de-materiel\/","name":"Location de mat\u00e9riel d'outils de serrage - HYTORC France","isPartOf":{"@id":"https:\/\/www.hytorcatlantique.fr\/fr-ga\/#website"},"datePublished":"2019-09-17T08:00:13+00:00","dateModified":"2023-07-03T08:14:02+00:00","description":"Vous cherchez \u00e0 louer une cl\u00e9 hydraulique, une visseuse dynamom\u00e9trique ou une pompe hydraulique ? Faites appel \u00e0 HYTORC France.","breadcrumb":{"@id":"https:\/\/www.hytorcatlantique.fr\/fr-ga\/location-de-materiel\/#breadcrumb"},"inLanguage":"fr-GA","potentialAction":[{"@type":"ReadAction","target":["https:\/\/www.hytorcatlantique.fr\/fr-ga\/location-de-materiel\/"]}]},{"@type":"BreadcrumbList","@id":"https:\/\/www.hytorcatlantique.fr\/fr-ga\/location-de-materiel\/#breadcrumb","itemListElement":[{"@type":"ListItem","position":1,"name":"Accueil","item":"https:\/\/www.hytorcatlantique.fr\/fr-ga\/"},{"@type":"ListItem","position":2,"name":"Location de mat\u00e9riel"}]},{"@type":"WebSite","@id":"https:\/\/www.hytorcatlantique.fr\/fr-ga\/#website","url":"https:\/\/www.hytorcatlantique.fr\/fr-ga\/","name":"Hytorc France","description":"Solution pour application de serrage","publisher":{"@id":"https:\/\/www.hytorcatlantique.fr\/fr-ga\/#organization"},"potentialAction":[{"@type":"SearchAction","target":{"@type":"EntryPoint","urlTemplate":"https:\/\/www.hytorcatlantique.fr\/fr-ga\/?s={search_term_string}"},"query-input":{"@type":"PropertyValueSpecification","valueRequired":true,"valueName":"search_term_string"}}],"inLanguage":"fr-GA"},{"@type":"Organization","@id":"https:\/\/www.hytorcatlantique.fr\/fr-ga\/#organization","name":"Hytorc France","url":"https:\/\/www.hytorcatlantique.fr\/fr-ga\/","logo":{"@type":"ImageObject","inLanguage":"fr-GA","@id":"https:\/\/www.hytorcatlantique.fr\/fr-ga\/#\/schema\/logo\/image\/","url":"https:\/\/www.hytorcatlantique.fr\/wp-content\/uploads\/2019\/07\/logo-hytorc.png","contentUrl":"https:\/\/www.hytorcatlantique.fr\/wp-content\/uploads\/2019\/07\/logo-hytorc.png","width":239,"height":57,"caption":"Hytorc France"},"image":{"@id":"https:\/\/www.hytorcatlantique.fr\/fr-ga\/#\/schema\/logo\/image\/"},"sameAs":["https:\/\/www.facebook.com\/HytorcATLANTIQUE","https:\/\/www.linkedin.com\/company\/hytorc-atlantique\/about\/","https:\/\/www.youtube.com\/user\/HytorcAtlantique"]}]}},"_links":{"self":[{"href":"https:\/\/www.hytorcatlantique.fr\/fr-ga\/wp-json\/wp\/v2\/pages\/15763","targetHints":{"allow":["GET"]}}],"collection":[{"href":"https:\/\/www.hytorcatlantique.fr\/fr-ga\/wp-json\/wp\/v2\/pages"}],"about":[{"href":"https:\/\/www.hytorcatlantique.fr\/fr-ga\/wp-json\/wp\/v2\/types\/page"}],"author":[{"embeddable":true,"href":"https:\/\/www.hytorcatlantique.fr\/fr-ga\/wp-json\/wp\/v2\/users\/1"}],"replies":[{"embeddable":true,"href":"https:\/\/www.hytorcatlantique.fr\/fr-ga\/wp-json\/wp\/v2\/comments?post=15763"}],"version-history":[{"count":1,"href":"https:\/\/www.hytorcatlantique.fr\/fr-ga\/wp-json\/wp\/v2\/pages\/15763\/revisions"}],"predecessor-version":[{"id":21182,"href":"https:\/\/www.hytorcatlantique.fr\/fr-ga\/wp-json\/wp\/v2\/pages\/15763\/revisions\/21182"}],"wp:attachment":[{"href":"https:\/\/www.hytorcatlantique.fr\/fr-ga\/wp-json\/wp\/v2\/media?parent=15763"}],"wp:term":[{"taxonomy":"pompe-hydraulique","embeddable":true,"href":"https:\/\/www.hytorcatlantique.fr\/fr-ga\/wp-json\/wp\/v2\/pompe-hydraulique?post=15763"}],"curies":[{"name":"wp","href":"https:\/\/api.w.org\/{rel}","templated":true}]}}