{"id":15108,"date":"2019-10-25T14:35:41","date_gmt":"2019-10-25T14:35:41","guid":{"rendered":"https:\/\/www.hytorcatlantique.fr\/foire-aux-questions-2\/"},"modified":"2023-07-03T08:14:32","modified_gmt":"2023-07-03T08:14:32","slug":"foire-aux-questions-2","status":"publish","type":"page","link":"https:\/\/www.hytorcatlantique.fr\/fr-mr\/foire-aux-questions-2\/","title":{"rendered":"Foire aux questions"},"content":{"rendered":"<h1 style=\"text-align: center\">Foire aux questions Hytorc France<\/h1>\n<p>&nbsp;<\/p>\n<h2>Questions G\u00e9n\u00e9rales<\/h2>\n<p>&nbsp;<\/p>\n<h3>Qu\u2019est-ce qu\u2019un couple de serrage ?<\/h3>\n<p><strong>Couple<\/strong> = Force x Longueur<\/p>\n<p><img decoding=\"async\" loading=\"lazy\" class=\"alignnone size-medium wp-image-1637\" src=\"https:\/\/www.hytorcatlantique.fr\/wp-content\/uploads\/2019\/10\/couple-de-serrage-300x144.jpg\" alt=\"Qu'est ce qu'un couple de serrage - Hytorc\" width=\"300\" height=\"144\" srcset=\"https:\/\/www.hytorcatlantique.fr\/wp-content\/uploads\/2019\/10\/couple-de-serrage-300x144.jpg 300w, https:\/\/www.hytorcatlantique.fr\/wp-content\/uploads\/2019\/10\/couple-de-serrage.jpg 605w\" sizes=\"auto, (max-width: 300px) 100vw, 300px\" \/><\/p>\n<p>&nbsp;<\/p>\n<h3>Comment d\u00e9termine-t-on un couple de serrage ?<\/h3>\n<p>Pour d\u00e9terminer un <strong>couple de serrage<\/strong>, il faut prendre en compte plusieurs \u00e9l\u00e9ments :<\/p>\n<ul>\n<li>Le type d\u2019application et les contraintes li\u00e9s \u00e0 cette derni\u00e8re<\/li>\n<li>Le type de vis utilis\u00e9<\/li>\n<li>Le type de graisse utilis\u00e9<\/li>\n<\/ul>\n<p>&nbsp;<\/p>\n<h2>Cl\u00e9 hydraulique<\/h2>\n<p>&nbsp;<\/p>\n<h3>Qu\u2019est-ce qu\u2019une cl\u00e9 hydraulique ?<\/h3>\n<p>Une <strong>cl\u00e9 hydraulique<\/strong> est une cl\u00e9 dynamom\u00e9trique r\u00e9glable qui permet de serrer au couple les \u00e9crous afin que ceux-ci soit serr\u00e9s de mani\u00e8re tr\u00e8s pr\u00e9cise (+\/- 3%).<\/p>\n<p>&nbsp;<\/p>\n<h3>A combien dois-je serrer ?<\/h3>\n<p>Tout d\u00e9pend du type d\u2019application de vis, ainsi que des contraintes li\u00e9es \u00e0 l\u2019application ou \u00e0 l\u2019environnement de celle-ci.<\/p>\n<p>&nbsp;<\/p>\n<h3>Comment fonctionne une cl\u00e9 hydraulique ?<\/h3>\n<div style=\"width: 484px\" class=\"wp-video\"><video class=\"wp-video-shortcode\" id=\"video-15108-15\" width=\"484\" height=\"360\" preload=\"metadata\" controls=\"controls\"><a href=\"https:\/\/www.hytorcatlantique.fr\/wp-content\/uploads\/2019\/10\/fonctionnement-cle-hydraulique.mp4\">https:\/\/www.hytorcatlantique.fr\/wp-content\/uploads\/2019\/10\/fonctionnement-cle-hydraulique.mp4<\/a><\/video><\/div>\n<p>&nbsp;<\/p>\n<h3>Comment d\u00e9brayer une cl\u00e9 hydraulique ?<\/h3>\n<p>Si la cl\u00e9 se retrouve bloqu\u00e9, vous pouvez <strong>d\u00e9brayer<\/strong> les cl\u00e9s hydrauliques HYTORC gr\u00e2ce aux leviers de d\u00e9verrouillage de chaque c\u00f4t\u00e9 de cl\u00e9, plus besoin de frapper au marteau !<\/p>\n<p>&nbsp;<\/p>\n<h3>Comment passer du serrage au desserrage (et vice-versa) pour une cl\u00e9 hydraulique ?<\/h3>\n<ul>\n<li><strong>Pour une cl\u00e9 \u00e0 \u0153il :<\/strong> Il suffit simplement de retourner la cl\u00e9.<\/li>\n<li><strong>Pour une cl\u00e9 \u00e0 carr\u00e9e conducteur :<\/strong> il suffit d\u2019inverser le sens du carr\u00e9e conducteur par l\u2019interm\u00e9diaire du bouton poussoir.<\/li>\n<\/ul>\n<p>&nbsp;<\/p>\n<h3>Quelle est la pression d\u2019utilisation d\u2019une cl\u00e9 hydraulique ?<\/h3>\n<p>Une <strong>cl\u00e9<\/strong> s\u2019utilise avec une pression de 700 bars, fournit par la <strong>pompe hydraulique<\/strong>.<\/p>\n<p>&nbsp;<\/p>\n<h3>Quel est le r\u00f4le d\u2019un bras de r\u00e9action ?<\/h3>\n<p>Le <strong>bras de r\u00e9action<\/strong> permet de r\u00e9cup\u00e9rer l\u2019effort de serrage exerc\u00e9 par la cl\u00e9.<\/p>\n<p>&nbsp;<\/p>\n<h3>Comment positionne-t-on un bras de r\u00e9action ?<\/h3>\n<p>Il faut le placer de mani\u00e8re \u00e0 ce que la tranche du talon vienne en appuie sur une partie fixe de l\u2019application.<\/p>\n<p>&nbsp;<\/p>\n<h2>Les pompes hydrauliques<\/h2>\n<p>&nbsp;<\/p>\n<h3>Ou se situe les entr\u00e9es et sorties d\u2019une pompe hydraulique ?<\/h3>\n<p>Les entr\u00e9es et sorties sont les raccords m\u00e2les et femelles que vous trouverez sur toutes pompes, il n\u2019y a pas de montage pr\u00e9cis \u00e0 respecter.<\/p>\n<p>&nbsp;<\/p>\n<h3>Comment r\u00e9gler la pression d\u2019une pompe hydraulique ?<\/h3>\n<p>Vous trouverez sur toute pompe HYTORC une molette \u00e0 visser pour augmenter la pression ou \u00e0 d\u00e9visser pour baisser la pression de la pompe.<\/p>\n<p>&nbsp;<\/p>\n<h3>Sur les pompes pneumatiques, \u00e0 quoi sert le FRL ?<\/h3>\n<p>Il sert \u00e0 huiler le moteur pneumatique de la pompe.<\/p>\n<p>&nbsp;<\/p>\n<h3>Quelle est la pression et le d\u00e9bit d\u2019air n\u00e9cessaire pour faire fonctionner une pompe pneumatique ?<\/h3>\n<p>La <strong>pression<\/strong> est comprise entre 4 et 6 Bars et le <strong>d\u00e9bit d\u2019air<\/strong> n\u00e9cessaire est de 950l\/minute.<\/p>\n<p>&nbsp;<\/p>\n<h3>Quelle alimentation pour une pompe \u00e9lectrique ?<\/h3>\n<ul>\n<li>Moteur monophas\u00e9 : 230V<\/li>\n<li>Moteur triphas\u00e9 : 400V<\/li>\n<\/ul>\n<p>&nbsp;<\/p>\n<h3><i class=\"icon-plus acc-icon-plus\"><\/i>Comment utilis\u00e9 une pompe ?<\/h3>\n<p><a href=\"https:\/\/youtu.be\/aJaukndJO-U\">https:\/\/youtu.be\/aJaukndJO-U<\/a><\/p>\n<p>&nbsp;<\/p>\n<h2 class=\"title\">Les visseuses<\/h2>\n<p>&nbsp;<\/p>\n<h3><i class=\"icon-minus acc-icon-minus\"><\/i>Quelle est la pression d\u2019air n\u00e9cessaire au bon fonctionnement d\u2019une visseuse pneumatique ?<\/h3>\n<p>Le <strong>d\u00e9bit d\u2019air<\/strong> n\u00e9cessaire est de 950l\/minute.<\/p>\n<p>&nbsp;<\/p>\n<h3>Comment fonctionne une visseuse ?<\/h3>\n<p>C\u2019est un moteur pneumatique ou \u00e9lectrique qui entra\u00eene un carr\u00e9e conducteur par l\u2019interm\u00e9diaire d\u2019un r\u00e9ducteur d\u2019engrenage<\/p>\n<p>&nbsp;<\/p>\n<div>\n<h2 class=\"title\"><span id=\"faq_5\">Les autres produits<\/span><\/h2>\n<p>&nbsp;<\/p>\n<h3>Qu\u2019est-ce qu\u2019un Clamp Nut ?<\/h3>\n<p><strong>L\u2019\u00e9crou<\/strong> <strong>HYTORC<\/strong> <strong>Clamp<\/strong> est un syst\u00e8me m\u00e9canique de mise en pr\u00e9contrainte qui se monte directement sur la tige filet\u00e9.<\/p>\n<p>&nbsp;<\/p>\n<h3>A quoi sert-il ?<\/h3>\n<p><strong>Le Clamp<\/strong> sert \u00e0 la fois de pr\u00e9-tensionneur mais \u00e9galement d\u2019\u00e9crou et est entrain\u00e9 par une cl\u00e9 hydraulique de serrage au couple. De plus, il annule aussi la r\u00e9action de celle-ci.<\/p>\n<\/div>\n<p>&nbsp;<\/p>\n<p>&nbsp;<\/p>\n","protected":false},"excerpt":{"rendered":"<p>Foire aux questions Hytorc France &nbsp; Questions G\u00e9n\u00e9rales &nbsp; Qu\u2019est-ce qu\u2019un couple de serrage ? Couple = Force x Longueur &nbsp; Comment d\u00e9termine-t-on un couple de serrage ? Pour d\u00e9terminer un couple de serrage, il faut prendre en compte plusieurs \u00e9l\u00e9ments : Le type d\u2019application et les contraintes li\u00e9s \u00e0 cette derni\u00e8re Le type de [&hellip;]<\/p>\n","protected":false},"author":1,"featured_media":0,"parent":0,"menu_order":0,"comment_status":"closed","ping_status":"closed","template":"templates\/metions.php","meta":{"_acf_changed":false,"footnotes":""},"pompe-hydraulique":[],"class_list":["post-15108","page","type-page","status-publish","hentry"],"acf":[],"yoast_head":"<!-- This site is optimized with the Yoast SEO plugin v27.4 - https:\/\/yoast.com\/product\/yoast-seo-wordpress\/ -->\n<title>FAQ outils de serrage : cl\u00e9 hydraulique, pompes et visseuses<\/title>\n<meta name=\"description\" content=\"Foire aux questions HYTORC France, outils de serrages pour boulons industriel : couple de serrage, cl\u00e9 hydraulique, pompe hydraulique et visseuses etc.\" \/>\n<meta name=\"robots\" content=\"index, follow, max-snippet:-1, max-image-preview:large, max-video-preview:-1\" \/>\n<link rel=\"canonical\" href=\"https:\/\/www.hytorcatlantique.fr\/fr-mr\/foire-aux-questions-2\/\" \/>\n<meta property=\"og:locale\" content=\"fr_FR\" \/>\n<meta property=\"og:type\" content=\"article\" \/>\n<meta property=\"og:title\" content=\"FAQ outils de serrage : cl\u00e9 hydraulique, pompes et visseuses\" \/>\n<meta property=\"og:description\" content=\"Foire aux questions HYTORC France, outils de serrages pour boulons industriel : couple de serrage, cl\u00e9 hydraulique, pompe hydraulique et visseuses etc.\" \/>\n<meta property=\"og:url\" content=\"https:\/\/www.hytorcatlantique.fr\/fr-mr\/foire-aux-questions-2\/\" \/>\n<meta property=\"og:site_name\" content=\"Hytorc France\" \/>\n<meta property=\"article:publisher\" content=\"https:\/\/www.facebook.com\/HytorcATLANTIQUE\" \/>\n<meta property=\"article:modified_time\" content=\"2023-07-03T08:14:32+00:00\" \/>\n<meta property=\"og:image\" content=\"https:\/\/www.hytorcatlantique.fr\/wp-content\/uploads\/2019\/10\/couple-de-serrage-300x144.jpg\" \/>\n<meta name=\"twitter:card\" content=\"summary_large_image\" \/>\n<meta name=\"twitter:label1\" content=\"Est. reading time\" \/>\n\t<meta name=\"twitter:data1\" content=\"3 minutes\" \/>\n<script type=\"application\/ld+json\" class=\"yoast-schema-graph\">{\"@context\":\"https:\\\/\\\/schema.org\",\"@graph\":[{\"@type\":\"WebPage\",\"@id\":\"https:\\\/\\\/www.hytorcatlantique.fr\\\/fr-mr\\\/foire-aux-questions-2\\\/\",\"url\":\"https:\\\/\\\/www.hytorcatlantique.fr\\\/fr-mr\\\/foire-aux-questions-2\\\/\",\"name\":\"FAQ outils de serrage : cl\u00e9 hydraulique, pompes et visseuses\",\"isPartOf\":{\"@id\":\"https:\\\/\\\/www.hytorcatlantique.fr\\\/fr-mr\\\/#website\"},\"primaryImageOfPage\":{\"@id\":\"https:\\\/\\\/www.hytorcatlantique.fr\\\/fr-mr\\\/foire-aux-questions-2\\\/#primaryimage\"},\"image\":{\"@id\":\"https:\\\/\\\/www.hytorcatlantique.fr\\\/fr-mr\\\/foire-aux-questions-2\\\/#primaryimage\"},\"thumbnailUrl\":\"https:\\\/\\\/www.hytorcatlantique.fr\\\/wp-content\\\/uploads\\\/2019\\\/10\\\/couple-de-serrage-300x144.jpg\",\"datePublished\":\"2019-10-25T14:35:41+00:00\",\"dateModified\":\"2023-07-03T08:14:32+00:00\",\"description\":\"Foire aux questions HYTORC France, outils de serrages pour boulons industriel : couple de serrage, cl\u00e9 hydraulique, pompe hydraulique et visseuses etc.\",\"breadcrumb\":{\"@id\":\"https:\\\/\\\/www.hytorcatlantique.fr\\\/fr-mr\\\/foire-aux-questions-2\\\/#breadcrumb\"},\"inLanguage\":\"fr-MR\",\"potentialAction\":[{\"@type\":\"ReadAction\",\"target\":[\"https:\\\/\\\/www.hytorcatlantique.fr\\\/fr-mr\\\/foire-aux-questions-2\\\/\"]}]},{\"@type\":\"ImageObject\",\"inLanguage\":\"fr-MR\",\"@id\":\"https:\\\/\\\/www.hytorcatlantique.fr\\\/fr-mr\\\/foire-aux-questions-2\\\/#primaryimage\",\"url\":\"https:\\\/\\\/www.hytorcatlantique.fr\\\/wp-content\\\/uploads\\\/2019\\\/10\\\/couple-de-serrage-300x144.jpg\",\"contentUrl\":\"https:\\\/\\\/www.hytorcatlantique.fr\\\/wp-content\\\/uploads\\\/2019\\\/10\\\/couple-de-serrage-300x144.jpg\"},{\"@type\":\"BreadcrumbList\",\"@id\":\"https:\\\/\\\/www.hytorcatlantique.fr\\\/fr-mr\\\/foire-aux-questions-2\\\/#breadcrumb\",\"itemListElement\":[{\"@type\":\"ListItem\",\"position\":1,\"name\":\"Accueil\",\"item\":\"https:\\\/\\\/www.hytorcatlantique.fr\\\/fr-mr\\\/\"},{\"@type\":\"ListItem\",\"position\":2,\"name\":\"Foire aux questions\"}]},{\"@type\":\"WebSite\",\"@id\":\"https:\\\/\\\/www.hytorcatlantique.fr\\\/fr-mr\\\/#website\",\"url\":\"https:\\\/\\\/www.hytorcatlantique.fr\\\/fr-mr\\\/\",\"name\":\"Hytorc France\",\"description\":\"Solution pour application de serrage\",\"publisher\":{\"@id\":\"https:\\\/\\\/www.hytorcatlantique.fr\\\/fr-mr\\\/#organization\"},\"potentialAction\":[{\"@type\":\"SearchAction\",\"target\":{\"@type\":\"EntryPoint\",\"urlTemplate\":\"https:\\\/\\\/www.hytorcatlantique.fr\\\/fr-mr\\\/?s={search_term_string}\"},\"query-input\":{\"@type\":\"PropertyValueSpecification\",\"valueRequired\":true,\"valueName\":\"search_term_string\"}}],\"inLanguage\":\"fr-MR\"},{\"@type\":\"Organization\",\"@id\":\"https:\\\/\\\/www.hytorcatlantique.fr\\\/fr-mr\\\/#organization\",\"name\":\"Hytorc France\",\"url\":\"https:\\\/\\\/www.hytorcatlantique.fr\\\/fr-mr\\\/\",\"logo\":{\"@type\":\"ImageObject\",\"inLanguage\":\"fr-MR\",\"@id\":\"https:\\\/\\\/www.hytorcatlantique.fr\\\/fr-mr\\\/#\\\/schema\\\/logo\\\/image\\\/\",\"url\":\"https:\\\/\\\/www.hytorcatlantique.fr\\\/wp-content\\\/uploads\\\/2019\\\/07\\\/logo-hytorc.png\",\"contentUrl\":\"https:\\\/\\\/www.hytorcatlantique.fr\\\/wp-content\\\/uploads\\\/2019\\\/07\\\/logo-hytorc.png\",\"width\":239,\"height\":57,\"caption\":\"Hytorc France\"},\"image\":{\"@id\":\"https:\\\/\\\/www.hytorcatlantique.fr\\\/fr-mr\\\/#\\\/schema\\\/logo\\\/image\\\/\"},\"sameAs\":[\"https:\\\/\\\/www.facebook.com\\\/HytorcATLANTIQUE\",\"https:\\\/\\\/www.linkedin.com\\\/company\\\/hytorc-atlantique\\\/about\\\/\",\"https:\\\/\\\/www.youtube.com\\\/user\\\/HytorcAtlantique\"]}]}<\/script>\n<!-- \/ Yoast SEO plugin. -->","yoast_head_json":{"title":"FAQ outils de serrage : cl\u00e9 hydraulique, pompes et visseuses","description":"Foire aux questions HYTORC France, outils de serrages pour boulons industriel : couple de serrage, cl\u00e9 hydraulique, pompe hydraulique et visseuses etc.","robots":{"index":"index","follow":"follow","max-snippet":"max-snippet:-1","max-image-preview":"max-image-preview:large","max-video-preview":"max-video-preview:-1"},"canonical":"https:\/\/www.hytorcatlantique.fr\/fr-mr\/foire-aux-questions-2\/","og_locale":"fr_FR","og_type":"article","og_title":"FAQ outils de serrage : cl\u00e9 hydraulique, pompes et visseuses","og_description":"Foire aux questions HYTORC France, outils de serrages pour boulons industriel : couple de serrage, cl\u00e9 hydraulique, pompe hydraulique et visseuses etc.","og_url":"https:\/\/www.hytorcatlantique.fr\/fr-mr\/foire-aux-questions-2\/","og_site_name":"Hytorc France","article_publisher":"https:\/\/www.facebook.com\/HytorcATLANTIQUE","article_modified_time":"2023-07-03T08:14:32+00:00","og_image":[{"url":"https:\/\/www.hytorcatlantique.fr\/wp-content\/uploads\/2019\/10\/couple-de-serrage-300x144.jpg","type":"","width":"","height":""}],"twitter_card":"summary_large_image","twitter_misc":{"Est. reading time":"3 minutes"},"schema":{"@context":"https:\/\/schema.org","@graph":[{"@type":"WebPage","@id":"https:\/\/www.hytorcatlantique.fr\/fr-mr\/foire-aux-questions-2\/","url":"https:\/\/www.hytorcatlantique.fr\/fr-mr\/foire-aux-questions-2\/","name":"FAQ outils de serrage : cl\u00e9 hydraulique, pompes et visseuses","isPartOf":{"@id":"https:\/\/www.hytorcatlantique.fr\/fr-mr\/#website"},"primaryImageOfPage":{"@id":"https:\/\/www.hytorcatlantique.fr\/fr-mr\/foire-aux-questions-2\/#primaryimage"},"image":{"@id":"https:\/\/www.hytorcatlantique.fr\/fr-mr\/foire-aux-questions-2\/#primaryimage"},"thumbnailUrl":"https:\/\/www.hytorcatlantique.fr\/wp-content\/uploads\/2019\/10\/couple-de-serrage-300x144.jpg","datePublished":"2019-10-25T14:35:41+00:00","dateModified":"2023-07-03T08:14:32+00:00","description":"Foire aux questions HYTORC France, outils de serrages pour boulons industriel : couple de serrage, cl\u00e9 hydraulique, pompe hydraulique et visseuses etc.","breadcrumb":{"@id":"https:\/\/www.hytorcatlantique.fr\/fr-mr\/foire-aux-questions-2\/#breadcrumb"},"inLanguage":"fr-MR","potentialAction":[{"@type":"ReadAction","target":["https:\/\/www.hytorcatlantique.fr\/fr-mr\/foire-aux-questions-2\/"]}]},{"@type":"ImageObject","inLanguage":"fr-MR","@id":"https:\/\/www.hytorcatlantique.fr\/fr-mr\/foire-aux-questions-2\/#primaryimage","url":"https:\/\/www.hytorcatlantique.fr\/wp-content\/uploads\/2019\/10\/couple-de-serrage-300x144.jpg","contentUrl":"https:\/\/www.hytorcatlantique.fr\/wp-content\/uploads\/2019\/10\/couple-de-serrage-300x144.jpg"},{"@type":"BreadcrumbList","@id":"https:\/\/www.hytorcatlantique.fr\/fr-mr\/foire-aux-questions-2\/#breadcrumb","itemListElement":[{"@type":"ListItem","position":1,"name":"Accueil","item":"https:\/\/www.hytorcatlantique.fr\/fr-mr\/"},{"@type":"ListItem","position":2,"name":"Foire aux questions"}]},{"@type":"WebSite","@id":"https:\/\/www.hytorcatlantique.fr\/fr-mr\/#website","url":"https:\/\/www.hytorcatlantique.fr\/fr-mr\/","name":"Hytorc France","description":"Solution pour application de serrage","publisher":{"@id":"https:\/\/www.hytorcatlantique.fr\/fr-mr\/#organization"},"potentialAction":[{"@type":"SearchAction","target":{"@type":"EntryPoint","urlTemplate":"https:\/\/www.hytorcatlantique.fr\/fr-mr\/?s={search_term_string}"},"query-input":{"@type":"PropertyValueSpecification","valueRequired":true,"valueName":"search_term_string"}}],"inLanguage":"fr-MR"},{"@type":"Organization","@id":"https:\/\/www.hytorcatlantique.fr\/fr-mr\/#organization","name":"Hytorc France","url":"https:\/\/www.hytorcatlantique.fr\/fr-mr\/","logo":{"@type":"ImageObject","inLanguage":"fr-MR","@id":"https:\/\/www.hytorcatlantique.fr\/fr-mr\/#\/schema\/logo\/image\/","url":"https:\/\/www.hytorcatlantique.fr\/wp-content\/uploads\/2019\/07\/logo-hytorc.png","contentUrl":"https:\/\/www.hytorcatlantique.fr\/wp-content\/uploads\/2019\/07\/logo-hytorc.png","width":239,"height":57,"caption":"Hytorc France"},"image":{"@id":"https:\/\/www.hytorcatlantique.fr\/fr-mr\/#\/schema\/logo\/image\/"},"sameAs":["https:\/\/www.facebook.com\/HytorcATLANTIQUE","https:\/\/www.linkedin.com\/company\/hytorc-atlantique\/about\/","https:\/\/www.youtube.com\/user\/HytorcAtlantique"]}]}},"_links":{"self":[{"href":"https:\/\/www.hytorcatlantique.fr\/fr-mr\/wp-json\/wp\/v2\/pages\/15108","targetHints":{"allow":["GET"]}}],"collection":[{"href":"https:\/\/www.hytorcatlantique.fr\/fr-mr\/wp-json\/wp\/v2\/pages"}],"about":[{"href":"https:\/\/www.hytorcatlantique.fr\/fr-mr\/wp-json\/wp\/v2\/types\/page"}],"author":[{"embeddable":true,"href":"https:\/\/www.hytorcatlantique.fr\/fr-mr\/wp-json\/wp\/v2\/users\/1"}],"replies":[{"embeddable":true,"href":"https:\/\/www.hytorcatlantique.fr\/fr-mr\/wp-json\/wp\/v2\/comments?post=15108"}],"version-history":[{"count":3,"href":"https:\/\/www.hytorcatlantique.fr\/fr-mr\/wp-json\/wp\/v2\/pages\/15108\/revisions"}],"predecessor-version":[{"id":21213,"href":"https:\/\/www.hytorcatlantique.fr\/fr-mr\/wp-json\/wp\/v2\/pages\/15108\/revisions\/21213"}],"wp:attachment":[{"href":"https:\/\/www.hytorcatlantique.fr\/fr-mr\/wp-json\/wp\/v2\/media?parent=15108"}],"wp:term":[{"taxonomy":"pompe-hydraulique","embeddable":true,"href":"https:\/\/www.hytorcatlantique.fr\/fr-mr\/wp-json\/wp\/v2\/pompe-hydraulique?post=15108"}],"curies":[{"name":"wp","href":"https:\/\/api.w.org\/{rel}","templated":true}]}}