{"id":15112,"date":"2019-10-22T10:50:55","date_gmt":"2019-10-22T10:50:55","guid":{"rendered":"https:\/\/www.hytorcatlantique.fr\/formation-2\/"},"modified":"2023-07-03T08:09:45","modified_gmt":"2023-07-03T08:09:45","slug":"formation-2","status":"publish","type":"page","link":"https:\/\/www.hytorcatlantique.fr\/fr-mr\/formation-2\/","title":{"rendered":"Formation"},"content":{"rendered":"","protected":false},"excerpt":{"rendered":"","protected":false},"author":1,"featured_media":0,"parent":0,"menu_order":0,"comment_status":"closed","ping_status":"closed","template":"templates\/multibloc.php","meta":{"_acf_changed":false,"footnotes":""},"pompe-hydraulique":[],"class_list":["post-15112","page","type-page","status-publish","hentry"],"acf":[],"yoast_head":"<!-- This site is optimized with the Yoast SEO plugin v27.4 - https:\/\/yoast.com\/product\/yoast-seo-wordpress\/ -->\n<title>Formations HYTORC : utilisation des outils de serrage<\/title>\n<meta name=\"description\" content=\"Besoin d&#039;\u00eatre form\u00e9 aux outils de serrages (cl\u00e9s, visseuses dynamom\u00e9triques), aux m\u00e9thodes et au serrage de brides d&#039;\u00e9tanch\u00e9it\u00e9 ? Prenez contact avec nous !\" \/>\n<meta name=\"robots\" content=\"index, follow, max-snippet:-1, max-image-preview:large, max-video-preview:-1\" \/>\n<link rel=\"canonical\" href=\"https:\/\/www.hytorcatlantique.fr\/fr-mr\/formation-2\/\" \/>\n<meta property=\"og:locale\" content=\"fr_FR\" \/>\n<meta property=\"og:type\" content=\"article\" \/>\n<meta property=\"og:title\" content=\"Formations HYTORC : utilisation des outils de serrage\" \/>\n<meta property=\"og:description\" content=\"Besoin d&#039;\u00eatre form\u00e9 aux outils de serrages (cl\u00e9s, visseuses dynamom\u00e9triques), aux m\u00e9thodes et au serrage de brides d&#039;\u00e9tanch\u00e9it\u00e9 ? Prenez contact avec nous !\" \/>\n<meta property=\"og:url\" content=\"https:\/\/www.hytorcatlantique.fr\/fr-mr\/formation-2\/\" \/>\n<meta property=\"og:site_name\" content=\"Hytorc France\" \/>\n<meta property=\"article:publisher\" content=\"https:\/\/www.facebook.com\/HytorcATLANTIQUE\" \/>\n<meta property=\"article:modified_time\" content=\"2023-07-03T08:09:45+00:00\" \/>\n<meta name=\"twitter:card\" content=\"summary_large_image\" \/>\n<script type=\"application\/ld+json\" class=\"yoast-schema-graph\">{\"@context\":\"https:\\\/\\\/schema.org\",\"@graph\":[{\"@type\":\"WebPage\",\"@id\":\"https:\\\/\\\/www.hytorcatlantique.fr\\\/fr-mr\\\/formation-2\\\/\",\"url\":\"https:\\\/\\\/www.hytorcatlantique.fr\\\/fr-mr\\\/formation-2\\\/\",\"name\":\"Formations HYTORC : utilisation des outils de serrage\",\"isPartOf\":{\"@id\":\"https:\\\/\\\/www.hytorcatlantique.fr\\\/fr-mr\\\/#website\"},\"datePublished\":\"2019-10-22T10:50:55+00:00\",\"dateModified\":\"2023-07-03T08:09:45+00:00\",\"description\":\"Besoin d'\u00eatre form\u00e9 aux outils de serrages (cl\u00e9s, visseuses dynamom\u00e9triques), aux m\u00e9thodes et au serrage de brides d'\u00e9tanch\u00e9it\u00e9 ? Prenez contact avec nous !\",\"breadcrumb\":{\"@id\":\"https:\\\/\\\/www.hytorcatlantique.fr\\\/fr-mr\\\/formation-2\\\/#breadcrumb\"},\"inLanguage\":\"fr-MR\",\"potentialAction\":[{\"@type\":\"ReadAction\",\"target\":[\"https:\\\/\\\/www.hytorcatlantique.fr\\\/fr-mr\\\/formation-2\\\/\"]}]},{\"@type\":\"BreadcrumbList\",\"@id\":\"https:\\\/\\\/www.hytorcatlantique.fr\\\/fr-mr\\\/formation-2\\\/#breadcrumb\",\"itemListElement\":[{\"@type\":\"ListItem\",\"position\":1,\"name\":\"Accueil\",\"item\":\"https:\\\/\\\/www.hytorcatlantique.fr\\\/fr-mr\\\/\"},{\"@type\":\"ListItem\",\"position\":2,\"name\":\"Formation\"}]},{\"@type\":\"WebSite\",\"@id\":\"https:\\\/\\\/www.hytorcatlantique.fr\\\/fr-mr\\\/#website\",\"url\":\"https:\\\/\\\/www.hytorcatlantique.fr\\\/fr-mr\\\/\",\"name\":\"Hytorc France\",\"description\":\"Solution pour application de serrage\",\"publisher\":{\"@id\":\"https:\\\/\\\/www.hytorcatlantique.fr\\\/fr-mr\\\/#organization\"},\"potentialAction\":[{\"@type\":\"SearchAction\",\"target\":{\"@type\":\"EntryPoint\",\"urlTemplate\":\"https:\\\/\\\/www.hytorcatlantique.fr\\\/fr-mr\\\/?s={search_term_string}\"},\"query-input\":{\"@type\":\"PropertyValueSpecification\",\"valueRequired\":true,\"valueName\":\"search_term_string\"}}],\"inLanguage\":\"fr-MR\"},{\"@type\":\"Organization\",\"@id\":\"https:\\\/\\\/www.hytorcatlantique.fr\\\/fr-mr\\\/#organization\",\"name\":\"Hytorc France\",\"url\":\"https:\\\/\\\/www.hytorcatlantique.fr\\\/fr-mr\\\/\",\"logo\":{\"@type\":\"ImageObject\",\"inLanguage\":\"fr-MR\",\"@id\":\"https:\\\/\\\/www.hytorcatlantique.fr\\\/fr-mr\\\/#\\\/schema\\\/logo\\\/image\\\/\",\"url\":\"https:\\\/\\\/www.hytorcatlantique.fr\\\/wp-content\\\/uploads\\\/2019\\\/07\\\/logo-hytorc.png\",\"contentUrl\":\"https:\\\/\\\/www.hytorcatlantique.fr\\\/wp-content\\\/uploads\\\/2019\\\/07\\\/logo-hytorc.png\",\"width\":239,\"height\":57,\"caption\":\"Hytorc France\"},\"image\":{\"@id\":\"https:\\\/\\\/www.hytorcatlantique.fr\\\/fr-mr\\\/#\\\/schema\\\/logo\\\/image\\\/\"},\"sameAs\":[\"https:\\\/\\\/www.facebook.com\\\/HytorcATLANTIQUE\",\"https:\\\/\\\/www.linkedin.com\\\/company\\\/hytorc-atlantique\\\/about\\\/\",\"https:\\\/\\\/www.youtube.com\\\/user\\\/HytorcAtlantique\"]}]}<\/script>\n<!-- \/ Yoast SEO plugin. -->","yoast_head_json":{"title":"Formations HYTORC : utilisation des outils de serrage","description":"Besoin d'\u00eatre form\u00e9 aux outils de serrages (cl\u00e9s, visseuses dynamom\u00e9triques), aux m\u00e9thodes et au serrage de brides d'\u00e9tanch\u00e9it\u00e9 ? Prenez contact avec nous !","robots":{"index":"index","follow":"follow","max-snippet":"max-snippet:-1","max-image-preview":"max-image-preview:large","max-video-preview":"max-video-preview:-1"},"canonical":"https:\/\/www.hytorcatlantique.fr\/fr-mr\/formation-2\/","og_locale":"fr_FR","og_type":"article","og_title":"Formations HYTORC : utilisation des outils de serrage","og_description":"Besoin d'\u00eatre form\u00e9 aux outils de serrages (cl\u00e9s, visseuses dynamom\u00e9triques), aux m\u00e9thodes et au serrage de brides d'\u00e9tanch\u00e9it\u00e9 ? Prenez contact avec nous !","og_url":"https:\/\/www.hytorcatlantique.fr\/fr-mr\/formation-2\/","og_site_name":"Hytorc France","article_publisher":"https:\/\/www.facebook.com\/HytorcATLANTIQUE","article_modified_time":"2023-07-03T08:09:45+00:00","twitter_card":"summary_large_image","schema":{"@context":"https:\/\/schema.org","@graph":[{"@type":"WebPage","@id":"https:\/\/www.hytorcatlantique.fr\/fr-mr\/formation-2\/","url":"https:\/\/www.hytorcatlantique.fr\/fr-mr\/formation-2\/","name":"Formations HYTORC : utilisation des outils de serrage","isPartOf":{"@id":"https:\/\/www.hytorcatlantique.fr\/fr-mr\/#website"},"datePublished":"2019-10-22T10:50:55+00:00","dateModified":"2023-07-03T08:09:45+00:00","description":"Besoin d'\u00eatre form\u00e9 aux outils de serrages (cl\u00e9s, visseuses dynamom\u00e9triques), aux m\u00e9thodes et au serrage de brides d'\u00e9tanch\u00e9it\u00e9 ? Prenez contact avec nous !","breadcrumb":{"@id":"https:\/\/www.hytorcatlantique.fr\/fr-mr\/formation-2\/#breadcrumb"},"inLanguage":"fr-MR","potentialAction":[{"@type":"ReadAction","target":["https:\/\/www.hytorcatlantique.fr\/fr-mr\/formation-2\/"]}]},{"@type":"BreadcrumbList","@id":"https:\/\/www.hytorcatlantique.fr\/fr-mr\/formation-2\/#breadcrumb","itemListElement":[{"@type":"ListItem","position":1,"name":"Accueil","item":"https:\/\/www.hytorcatlantique.fr\/fr-mr\/"},{"@type":"ListItem","position":2,"name":"Formation"}]},{"@type":"WebSite","@id":"https:\/\/www.hytorcatlantique.fr\/fr-mr\/#website","url":"https:\/\/www.hytorcatlantique.fr\/fr-mr\/","name":"Hytorc France","description":"Solution pour application de serrage","publisher":{"@id":"https:\/\/www.hytorcatlantique.fr\/fr-mr\/#organization"},"potentialAction":[{"@type":"SearchAction","target":{"@type":"EntryPoint","urlTemplate":"https:\/\/www.hytorcatlantique.fr\/fr-mr\/?s={search_term_string}"},"query-input":{"@type":"PropertyValueSpecification","valueRequired":true,"valueName":"search_term_string"}}],"inLanguage":"fr-MR"},{"@type":"Organization","@id":"https:\/\/www.hytorcatlantique.fr\/fr-mr\/#organization","name":"Hytorc France","url":"https:\/\/www.hytorcatlantique.fr\/fr-mr\/","logo":{"@type":"ImageObject","inLanguage":"fr-MR","@id":"https:\/\/www.hytorcatlantique.fr\/fr-mr\/#\/schema\/logo\/image\/","url":"https:\/\/www.hytorcatlantique.fr\/wp-content\/uploads\/2019\/07\/logo-hytorc.png","contentUrl":"https:\/\/www.hytorcatlantique.fr\/wp-content\/uploads\/2019\/07\/logo-hytorc.png","width":239,"height":57,"caption":"Hytorc France"},"image":{"@id":"https:\/\/www.hytorcatlantique.fr\/fr-mr\/#\/schema\/logo\/image\/"},"sameAs":["https:\/\/www.facebook.com\/HytorcATLANTIQUE","https:\/\/www.linkedin.com\/company\/hytorc-atlantique\/about\/","https:\/\/www.youtube.com\/user\/HytorcAtlantique"]}]}},"_links":{"self":[{"href":"https:\/\/www.hytorcatlantique.fr\/fr-mr\/wp-json\/wp\/v2\/pages\/15112","targetHints":{"allow":["GET"]}}],"collection":[{"href":"https:\/\/www.hytorcatlantique.fr\/fr-mr\/wp-json\/wp\/v2\/pages"}],"about":[{"href":"https:\/\/www.hytorcatlantique.fr\/fr-mr\/wp-json\/wp\/v2\/types\/page"}],"author":[{"embeddable":true,"href":"https:\/\/www.hytorcatlantique.fr\/fr-mr\/wp-json\/wp\/v2\/users\/1"}],"replies":[{"embeddable":true,"href":"https:\/\/www.hytorcatlantique.fr\/fr-mr\/wp-json\/wp\/v2\/comments?post=15112"}],"version-history":[{"count":1,"href":"https:\/\/www.hytorcatlantique.fr\/fr-mr\/wp-json\/wp\/v2\/pages\/15112\/revisions"}],"predecessor-version":[{"id":15128,"href":"https:\/\/www.hytorcatlantique.fr\/fr-mr\/wp-json\/wp\/v2\/pages\/15112\/revisions\/15128"}],"wp:attachment":[{"href":"https:\/\/www.hytorcatlantique.fr\/fr-mr\/wp-json\/wp\/v2\/media?parent=15112"}],"wp:term":[{"taxonomy":"pompe-hydraulique","embeddable":true,"href":"https:\/\/www.hytorcatlantique.fr\/fr-mr\/wp-json\/wp\/v2\/pompe-hydraulique?post=15112"}],"curies":[{"name":"wp","href":"https:\/\/api.w.org\/{rel}","templated":true}]}}