{"id":14936,"date":"2019-10-17T10:37:47","date_gmt":"2019-10-17T10:37:47","guid":{"rendered":"https:\/\/www.hytorcatlantique.fr\/accessoires-de-serrage-2\/contre-cles-hytorc\/"},"modified":"2023-07-03T08:10:41","modified_gmt":"2023-07-03T08:10:41","slug":"contre-cles-hytorc","status":"publish","type":"page","link":"https:\/\/www.hytorcatlantique.fr\/fr-sn\/accessoires-de-serrage-2\/contre-cles-hytorc\/","title":{"rendered":"Contre-cl\u00e9s HYTORC"},"content":{"rendered":"","protected":false},"excerpt":{"rendered":"","protected":false},"author":1,"featured_media":29294,"parent":14926,"menu_order":2,"comment_status":"closed","ping_status":"closed","template":"templates\/produit.php","meta":{"_acf_changed":false,"footnotes":""},"pompe-hydraulique":[],"class_list":["post-14936","page","type-page","status-publish","has-post-thumbnail","hentry"],"acf":[],"yoast_head":"<!-- This site is optimized with the Yoast SEO plugin v27.4 - https:\/\/yoast.com\/product\/yoast-seo-wordpress\/ -->\n<title>Contre-cl\u00e9s hydrauliques et m\u00e9caniques - HYTORC France<\/title>\n<meta name=\"description\" content=\"Pour vous aider \u00e0 bloquer les boulons lors de vos serrages, utilisez nos contre-cl\u00e9s m\u00e9caniques manuelles ou hydrauliques HYTORC.\" \/>\n<meta name=\"robots\" content=\"index, follow, max-snippet:-1, max-image-preview:large, max-video-preview:-1\" \/>\n<link rel=\"canonical\" href=\"https:\/\/www.hytorcatlantique.fr\/fr-sn\/accessoires-de-serrage-2\/contre-cles-hytorc\/\" \/>\n<meta property=\"og:locale\" content=\"fr_FR\" \/>\n<meta property=\"og:type\" content=\"article\" \/>\n<meta property=\"og:title\" content=\"Contre-cl\u00e9s hydrauliques et m\u00e9caniques - HYTORC France\" \/>\n<meta property=\"og:description\" content=\"Pour vous aider \u00e0 bloquer les boulons lors de vos serrages, utilisez nos contre-cl\u00e9s m\u00e9caniques manuelles ou hydrauliques HYTORC.\" \/>\n<meta property=\"og:url\" content=\"https:\/\/www.hytorcatlantique.fr\/fr-sn\/accessoires-de-serrage-2\/contre-cles-hytorc\/\" \/>\n<meta property=\"og:site_name\" content=\"Hytorc France\" \/>\n<meta property=\"article:publisher\" content=\"https:\/\/www.facebook.com\/HytorcATLANTIQUE\" \/>\n<meta property=\"article:modified_time\" content=\"2023-07-03T08:10:41+00:00\" \/>\n<meta property=\"og:image\" content=\"https:\/\/www.hytorcatlantique.fr\/wp-content\/uploads\/2025\/09\/backup-wrench-2018-10-25-975x1024.png\" \/>\n\t<meta property=\"og:image:width\" content=\"975\" \/>\n\t<meta property=\"og:image:height\" content=\"1024\" \/>\n\t<meta property=\"og:image:type\" content=\"image\/png\" \/>\n<meta name=\"twitter:card\" content=\"summary_large_image\" \/>\n<script type=\"application\/ld+json\" class=\"yoast-schema-graph\">{\"@context\":\"https:\\\/\\\/schema.org\",\"@graph\":[{\"@type\":\"WebPage\",\"@id\":\"https:\\\/\\\/www.hytorcatlantique.fr\\\/fr-sn\\\/accessoires-de-serrage-2\\\/contre-cles-hytorc\\\/\",\"url\":\"https:\\\/\\\/www.hytorcatlantique.fr\\\/fr-sn\\\/accessoires-de-serrage-2\\\/contre-cles-hytorc\\\/\",\"name\":\"Contre-cl\u00e9s hydrauliques et m\u00e9caniques - HYTORC France\",\"isPartOf\":{\"@id\":\"https:\\\/\\\/www.hytorcatlantique.fr\\\/fr-sn\\\/#website\"},\"primaryImageOfPage\":{\"@id\":\"https:\\\/\\\/www.hytorcatlantique.fr\\\/fr-sn\\\/accessoires-de-serrage-2\\\/contre-cles-hytorc\\\/#primaryimage\"},\"image\":{\"@id\":\"https:\\\/\\\/www.hytorcatlantique.fr\\\/fr-sn\\\/accessoires-de-serrage-2\\\/contre-cles-hytorc\\\/#primaryimage\"},\"thumbnailUrl\":\"https:\\\/\\\/www.hytorcatlantique.fr\\\/wp-content\\\/uploads\\\/2025\\\/09\\\/backup-wrench-2018-10-25.png\",\"datePublished\":\"2019-10-17T10:37:47+00:00\",\"dateModified\":\"2023-07-03T08:10:41+00:00\",\"description\":\"Pour vous aider \u00e0 bloquer les boulons lors de vos serrages, utilisez nos contre-cl\u00e9s m\u00e9caniques manuelles ou hydrauliques HYTORC.\",\"breadcrumb\":{\"@id\":\"https:\\\/\\\/www.hytorcatlantique.fr\\\/fr-sn\\\/accessoires-de-serrage-2\\\/contre-cles-hytorc\\\/#breadcrumb\"},\"inLanguage\":\"fr-SN\",\"potentialAction\":[{\"@type\":\"ReadAction\",\"target\":[\"https:\\\/\\\/www.hytorcatlantique.fr\\\/fr-sn\\\/accessoires-de-serrage-2\\\/contre-cles-hytorc\\\/\"]}]},{\"@type\":\"ImageObject\",\"inLanguage\":\"fr-SN\",\"@id\":\"https:\\\/\\\/www.hytorcatlantique.fr\\\/fr-sn\\\/accessoires-de-serrage-2\\\/contre-cles-hytorc\\\/#primaryimage\",\"url\":\"https:\\\/\\\/www.hytorcatlantique.fr\\\/wp-content\\\/uploads\\\/2025\\\/09\\\/backup-wrench-2018-10-25.png\",\"contentUrl\":\"https:\\\/\\\/www.hytorcatlantique.fr\\\/wp-content\\\/uploads\\\/2025\\\/09\\\/backup-wrench-2018-10-25.png\",\"width\":1707,\"height\":1792},{\"@type\":\"BreadcrumbList\",\"@id\":\"https:\\\/\\\/www.hytorcatlantique.fr\\\/fr-sn\\\/accessoires-de-serrage-2\\\/contre-cles-hytorc\\\/#breadcrumb\",\"itemListElement\":[{\"@type\":\"ListItem\",\"position\":1,\"name\":\"Accueil\",\"item\":\"https:\\\/\\\/www.hytorcatlantique.fr\\\/fr-sn\\\/\"},{\"@type\":\"ListItem\",\"position\":2,\"name\":\"Accessoires de Serrage\",\"item\":\"https:\\\/\\\/www.hytorcatlantique.fr\\\/fr-sn\\\/accessoires-de-serrage-2\\\/\"},{\"@type\":\"ListItem\",\"position\":3,\"name\":\"Contre-cl\u00e9s HYTORC\"}]},{\"@type\":\"WebSite\",\"@id\":\"https:\\\/\\\/www.hytorcatlantique.fr\\\/fr-sn\\\/#website\",\"url\":\"https:\\\/\\\/www.hytorcatlantique.fr\\\/fr-sn\\\/\",\"name\":\"Hytorc France\",\"description\":\"Solution pour application de serrage\",\"publisher\":{\"@id\":\"https:\\\/\\\/www.hytorcatlantique.fr\\\/fr-sn\\\/#organization\"},\"potentialAction\":[{\"@type\":\"SearchAction\",\"target\":{\"@type\":\"EntryPoint\",\"urlTemplate\":\"https:\\\/\\\/www.hytorcatlantique.fr\\\/fr-sn\\\/?s={search_term_string}\"},\"query-input\":{\"@type\":\"PropertyValueSpecification\",\"valueRequired\":true,\"valueName\":\"search_term_string\"}}],\"inLanguage\":\"fr-SN\"},{\"@type\":\"Organization\",\"@id\":\"https:\\\/\\\/www.hytorcatlantique.fr\\\/fr-sn\\\/#organization\",\"name\":\"Hytorc France\",\"url\":\"https:\\\/\\\/www.hytorcatlantique.fr\\\/fr-sn\\\/\",\"logo\":{\"@type\":\"ImageObject\",\"inLanguage\":\"fr-SN\",\"@id\":\"https:\\\/\\\/www.hytorcatlantique.fr\\\/fr-sn\\\/#\\\/schema\\\/logo\\\/image\\\/\",\"url\":\"https:\\\/\\\/www.hytorcatlantique.fr\\\/wp-content\\\/uploads\\\/2019\\\/07\\\/logo-hytorc.png\",\"contentUrl\":\"https:\\\/\\\/www.hytorcatlantique.fr\\\/wp-content\\\/uploads\\\/2019\\\/07\\\/logo-hytorc.png\",\"width\":239,\"height\":57,\"caption\":\"Hytorc France\"},\"image\":{\"@id\":\"https:\\\/\\\/www.hytorcatlantique.fr\\\/fr-sn\\\/#\\\/schema\\\/logo\\\/image\\\/\"},\"sameAs\":[\"https:\\\/\\\/www.facebook.com\\\/HytorcATLANTIQUE\",\"https:\\\/\\\/www.linkedin.com\\\/company\\\/hytorc-atlantique\\\/about\\\/\",\"https:\\\/\\\/www.youtube.com\\\/user\\\/HytorcAtlantique\"]}]}<\/script>\n<!-- \/ Yoast SEO plugin. -->","yoast_head_json":{"title":"Contre-cl\u00e9s hydrauliques et m\u00e9caniques - HYTORC France","description":"Pour vous aider \u00e0 bloquer les boulons lors de vos serrages, utilisez nos contre-cl\u00e9s m\u00e9caniques manuelles ou hydrauliques HYTORC.","robots":{"index":"index","follow":"follow","max-snippet":"max-snippet:-1","max-image-preview":"max-image-preview:large","max-video-preview":"max-video-preview:-1"},"canonical":"https:\/\/www.hytorcatlantique.fr\/fr-sn\/accessoires-de-serrage-2\/contre-cles-hytorc\/","og_locale":"fr_FR","og_type":"article","og_title":"Contre-cl\u00e9s hydrauliques et m\u00e9caniques - HYTORC France","og_description":"Pour vous aider \u00e0 bloquer les boulons lors de vos serrages, utilisez nos contre-cl\u00e9s m\u00e9caniques manuelles ou hydrauliques HYTORC.","og_url":"https:\/\/www.hytorcatlantique.fr\/fr-sn\/accessoires-de-serrage-2\/contre-cles-hytorc\/","og_site_name":"Hytorc France","article_publisher":"https:\/\/www.facebook.com\/HytorcATLANTIQUE","article_modified_time":"2023-07-03T08:10:41+00:00","og_image":[{"width":975,"height":1024,"url":"https:\/\/www.hytorcatlantique.fr\/wp-content\/uploads\/2025\/09\/backup-wrench-2018-10-25-975x1024.png","type":"image\/png"}],"twitter_card":"summary_large_image","schema":{"@context":"https:\/\/schema.org","@graph":[{"@type":"WebPage","@id":"https:\/\/www.hytorcatlantique.fr\/fr-sn\/accessoires-de-serrage-2\/contre-cles-hytorc\/","url":"https:\/\/www.hytorcatlantique.fr\/fr-sn\/accessoires-de-serrage-2\/contre-cles-hytorc\/","name":"Contre-cl\u00e9s hydrauliques et m\u00e9caniques - HYTORC France","isPartOf":{"@id":"https:\/\/www.hytorcatlantique.fr\/fr-sn\/#website"},"primaryImageOfPage":{"@id":"https:\/\/www.hytorcatlantique.fr\/fr-sn\/accessoires-de-serrage-2\/contre-cles-hytorc\/#primaryimage"},"image":{"@id":"https:\/\/www.hytorcatlantique.fr\/fr-sn\/accessoires-de-serrage-2\/contre-cles-hytorc\/#primaryimage"},"thumbnailUrl":"https:\/\/www.hytorcatlantique.fr\/wp-content\/uploads\/2025\/09\/backup-wrench-2018-10-25.png","datePublished":"2019-10-17T10:37:47+00:00","dateModified":"2023-07-03T08:10:41+00:00","description":"Pour vous aider \u00e0 bloquer les boulons lors de vos serrages, utilisez nos contre-cl\u00e9s m\u00e9caniques manuelles ou hydrauliques HYTORC.","breadcrumb":{"@id":"https:\/\/www.hytorcatlantique.fr\/fr-sn\/accessoires-de-serrage-2\/contre-cles-hytorc\/#breadcrumb"},"inLanguage":"fr-SN","potentialAction":[{"@type":"ReadAction","target":["https:\/\/www.hytorcatlantique.fr\/fr-sn\/accessoires-de-serrage-2\/contre-cles-hytorc\/"]}]},{"@type":"ImageObject","inLanguage":"fr-SN","@id":"https:\/\/www.hytorcatlantique.fr\/fr-sn\/accessoires-de-serrage-2\/contre-cles-hytorc\/#primaryimage","url":"https:\/\/www.hytorcatlantique.fr\/wp-content\/uploads\/2025\/09\/backup-wrench-2018-10-25.png","contentUrl":"https:\/\/www.hytorcatlantique.fr\/wp-content\/uploads\/2025\/09\/backup-wrench-2018-10-25.png","width":1707,"height":1792},{"@type":"BreadcrumbList","@id":"https:\/\/www.hytorcatlantique.fr\/fr-sn\/accessoires-de-serrage-2\/contre-cles-hytorc\/#breadcrumb","itemListElement":[{"@type":"ListItem","position":1,"name":"Accueil","item":"https:\/\/www.hytorcatlantique.fr\/fr-sn\/"},{"@type":"ListItem","position":2,"name":"Accessoires de Serrage","item":"https:\/\/www.hytorcatlantique.fr\/fr-sn\/accessoires-de-serrage-2\/"},{"@type":"ListItem","position":3,"name":"Contre-cl\u00e9s HYTORC"}]},{"@type":"WebSite","@id":"https:\/\/www.hytorcatlantique.fr\/fr-sn\/#website","url":"https:\/\/www.hytorcatlantique.fr\/fr-sn\/","name":"Hytorc France","description":"Solution pour application de serrage","publisher":{"@id":"https:\/\/www.hytorcatlantique.fr\/fr-sn\/#organization"},"potentialAction":[{"@type":"SearchAction","target":{"@type":"EntryPoint","urlTemplate":"https:\/\/www.hytorcatlantique.fr\/fr-sn\/?s={search_term_string}"},"query-input":{"@type":"PropertyValueSpecification","valueRequired":true,"valueName":"search_term_string"}}],"inLanguage":"fr-SN"},{"@type":"Organization","@id":"https:\/\/www.hytorcatlantique.fr\/fr-sn\/#organization","name":"Hytorc France","url":"https:\/\/www.hytorcatlantique.fr\/fr-sn\/","logo":{"@type":"ImageObject","inLanguage":"fr-SN","@id":"https:\/\/www.hytorcatlantique.fr\/fr-sn\/#\/schema\/logo\/image\/","url":"https:\/\/www.hytorcatlantique.fr\/wp-content\/uploads\/2019\/07\/logo-hytorc.png","contentUrl":"https:\/\/www.hytorcatlantique.fr\/wp-content\/uploads\/2019\/07\/logo-hytorc.png","width":239,"height":57,"caption":"Hytorc France"},"image":{"@id":"https:\/\/www.hytorcatlantique.fr\/fr-sn\/#\/schema\/logo\/image\/"},"sameAs":["https:\/\/www.facebook.com\/HytorcATLANTIQUE","https:\/\/www.linkedin.com\/company\/hytorc-atlantique\/about\/","https:\/\/www.youtube.com\/user\/HytorcAtlantique"]}]}},"_links":{"self":[{"href":"https:\/\/www.hytorcatlantique.fr\/fr-sn\/wp-json\/wp\/v2\/pages\/14936","targetHints":{"allow":["GET"]}}],"collection":[{"href":"https:\/\/www.hytorcatlantique.fr\/fr-sn\/wp-json\/wp\/v2\/pages"}],"about":[{"href":"https:\/\/www.hytorcatlantique.fr\/fr-sn\/wp-json\/wp\/v2\/types\/page"}],"author":[{"embeddable":true,"href":"https:\/\/www.hytorcatlantique.fr\/fr-sn\/wp-json\/wp\/v2\/users\/1"}],"replies":[{"embeddable":true,"href":"https:\/\/www.hytorcatlantique.fr\/fr-sn\/wp-json\/wp\/v2\/comments?post=14936"}],"version-history":[{"count":1,"href":"https:\/\/www.hytorcatlantique.fr\/fr-sn\/wp-json\/wp\/v2\/pages\/14936\/revisions"}],"predecessor-version":[{"id":14937,"href":"https:\/\/www.hytorcatlantique.fr\/fr-sn\/wp-json\/wp\/v2\/pages\/14936\/revisions\/14937"}],"up":[{"embeddable":true,"href":"https:\/\/www.hytorcatlantique.fr\/fr-sn\/wp-json\/wp\/v2\/pages\/14926"}],"wp:featuredmedia":[{"embeddable":true,"href":"https:\/\/www.hytorcatlantique.fr\/fr-sn\/wp-json\/wp\/v2\/media\/29294"}],"wp:attachment":[{"href":"https:\/\/www.hytorcatlantique.fr\/fr-sn\/wp-json\/wp\/v2\/media?parent=14936"}],"wp:term":[{"taxonomy":"pompe-hydraulique","embeddable":true,"href":"https:\/\/www.hytorcatlantique.fr\/fr-sn\/wp-json\/wp\/v2\/pompe-hydraulique?post=14936"}],"curies":[{"name":"wp","href":"https:\/\/api.w.org\/{rel}","templated":true}]}}