{"id":15083,"date":"2019-10-22T10:49:54","date_gmt":"2019-10-22T10:49:54","guid":{"rendered":"https:\/\/www.hytorcatlantique.fr\/conception-2\/"},"modified":"2023-07-03T08:09:52","modified_gmt":"2023-07-03T08:09:52","slug":"conception-2","status":"publish","type":"page","link":"https:\/\/www.hytorcatlantique.fr\/fr-sn\/conception-2\/","title":{"rendered":"Conception"},"content":{"rendered":"","protected":false},"excerpt":{"rendered":"","protected":false},"author":1,"featured_media":0,"parent":0,"menu_order":0,"comment_status":"closed","ping_status":"closed","template":"templates\/multibloc.php","meta":{"_acf_changed":false,"footnotes":""},"pompe-hydraulique":[],"class_list":["post-15083","page","type-page","status-publish","hentry"],"acf":[],"yoast_head":"<!-- This site is optimized with the Yoast SEO plugin v27.4 - https:\/\/yoast.com\/product\/yoast-seo-wordpress\/ -->\n<title>Conception HYTORC : outils de serrage industriel - HYTORC France<\/title>\n<meta name=\"description\" content=\"D\u00e9couvrez toutes les informations sur le service de conception HYTORC : cl\u00e9 dynamom\u00e9trique, bras de r\u00e9action, accessoires de serrage et desserrage.\" \/>\n<meta name=\"robots\" content=\"index, follow, max-snippet:-1, max-image-preview:large, max-video-preview:-1\" \/>\n<link rel=\"canonical\" href=\"https:\/\/www.hytorcatlantique.fr\/fr-sn\/conception-2\/\" \/>\n<meta property=\"og:locale\" content=\"fr_FR\" \/>\n<meta property=\"og:type\" content=\"article\" \/>\n<meta property=\"og:title\" content=\"Conception HYTORC : outils de serrage industriel - HYTORC France\" \/>\n<meta property=\"og:description\" content=\"D\u00e9couvrez toutes les informations sur le service de conception HYTORC : cl\u00e9 dynamom\u00e9trique, bras de r\u00e9action, accessoires de serrage et desserrage.\" \/>\n<meta property=\"og:url\" content=\"https:\/\/www.hytorcatlantique.fr\/fr-sn\/conception-2\/\" \/>\n<meta property=\"og:site_name\" content=\"Hytorc France\" \/>\n<meta property=\"article:publisher\" content=\"https:\/\/www.facebook.com\/HytorcATLANTIQUE\" \/>\n<meta property=\"article:modified_time\" content=\"2023-07-03T08:09:52+00:00\" \/>\n<meta name=\"twitter:card\" content=\"summary_large_image\" \/>\n<script type=\"application\/ld+json\" class=\"yoast-schema-graph\">{\"@context\":\"https:\\\/\\\/schema.org\",\"@graph\":[{\"@type\":\"WebPage\",\"@id\":\"https:\\\/\\\/www.hytorcatlantique.fr\\\/fr-sn\\\/conception-2\\\/\",\"url\":\"https:\\\/\\\/www.hytorcatlantique.fr\\\/fr-sn\\\/conception-2\\\/\",\"name\":\"Conception HYTORC : outils de serrage industriel - HYTORC France\",\"isPartOf\":{\"@id\":\"https:\\\/\\\/www.hytorcatlantique.fr\\\/fr-sn\\\/#website\"},\"datePublished\":\"2019-10-22T10:49:54+00:00\",\"dateModified\":\"2023-07-03T08:09:52+00:00\",\"description\":\"D\u00e9couvrez toutes les informations sur le service de conception HYTORC : cl\u00e9 dynamom\u00e9trique, bras de r\u00e9action, accessoires de serrage et desserrage.\",\"breadcrumb\":{\"@id\":\"https:\\\/\\\/www.hytorcatlantique.fr\\\/fr-sn\\\/conception-2\\\/#breadcrumb\"},\"inLanguage\":\"fr-SN\",\"potentialAction\":[{\"@type\":\"ReadAction\",\"target\":[\"https:\\\/\\\/www.hytorcatlantique.fr\\\/fr-sn\\\/conception-2\\\/\"]}]},{\"@type\":\"BreadcrumbList\",\"@id\":\"https:\\\/\\\/www.hytorcatlantique.fr\\\/fr-sn\\\/conception-2\\\/#breadcrumb\",\"itemListElement\":[{\"@type\":\"ListItem\",\"position\":1,\"name\":\"Accueil\",\"item\":\"https:\\\/\\\/www.hytorcatlantique.fr\\\/fr-sn\\\/\"},{\"@type\":\"ListItem\",\"position\":2,\"name\":\"Conception\"}]},{\"@type\":\"WebSite\",\"@id\":\"https:\\\/\\\/www.hytorcatlantique.fr\\\/fr-sn\\\/#website\",\"url\":\"https:\\\/\\\/www.hytorcatlantique.fr\\\/fr-sn\\\/\",\"name\":\"Hytorc France\",\"description\":\"Solution pour application de serrage\",\"publisher\":{\"@id\":\"https:\\\/\\\/www.hytorcatlantique.fr\\\/fr-sn\\\/#organization\"},\"potentialAction\":[{\"@type\":\"SearchAction\",\"target\":{\"@type\":\"EntryPoint\",\"urlTemplate\":\"https:\\\/\\\/www.hytorcatlantique.fr\\\/fr-sn\\\/?s={search_term_string}\"},\"query-input\":{\"@type\":\"PropertyValueSpecification\",\"valueRequired\":true,\"valueName\":\"search_term_string\"}}],\"inLanguage\":\"fr-SN\"},{\"@type\":\"Organization\",\"@id\":\"https:\\\/\\\/www.hytorcatlantique.fr\\\/fr-sn\\\/#organization\",\"name\":\"Hytorc France\",\"url\":\"https:\\\/\\\/www.hytorcatlantique.fr\\\/fr-sn\\\/\",\"logo\":{\"@type\":\"ImageObject\",\"inLanguage\":\"fr-SN\",\"@id\":\"https:\\\/\\\/www.hytorcatlantique.fr\\\/fr-sn\\\/#\\\/schema\\\/logo\\\/image\\\/\",\"url\":\"https:\\\/\\\/www.hytorcatlantique.fr\\\/wp-content\\\/uploads\\\/2019\\\/07\\\/logo-hytorc.png\",\"contentUrl\":\"https:\\\/\\\/www.hytorcatlantique.fr\\\/wp-content\\\/uploads\\\/2019\\\/07\\\/logo-hytorc.png\",\"width\":239,\"height\":57,\"caption\":\"Hytorc France\"},\"image\":{\"@id\":\"https:\\\/\\\/www.hytorcatlantique.fr\\\/fr-sn\\\/#\\\/schema\\\/logo\\\/image\\\/\"},\"sameAs\":[\"https:\\\/\\\/www.facebook.com\\\/HytorcATLANTIQUE\",\"https:\\\/\\\/www.linkedin.com\\\/company\\\/hytorc-atlantique\\\/about\\\/\",\"https:\\\/\\\/www.youtube.com\\\/user\\\/HytorcAtlantique\"]}]}<\/script>\n<!-- \/ Yoast SEO plugin. -->","yoast_head_json":{"title":"Conception HYTORC : outils de serrage industriel - HYTORC France","description":"D\u00e9couvrez toutes les informations sur le service de conception HYTORC : cl\u00e9 dynamom\u00e9trique, bras de r\u00e9action, accessoires de serrage et desserrage.","robots":{"index":"index","follow":"follow","max-snippet":"max-snippet:-1","max-image-preview":"max-image-preview:large","max-video-preview":"max-video-preview:-1"},"canonical":"https:\/\/www.hytorcatlantique.fr\/fr-sn\/conception-2\/","og_locale":"fr_FR","og_type":"article","og_title":"Conception HYTORC : outils de serrage industriel - HYTORC France","og_description":"D\u00e9couvrez toutes les informations sur le service de conception HYTORC : cl\u00e9 dynamom\u00e9trique, bras de r\u00e9action, accessoires de serrage et desserrage.","og_url":"https:\/\/www.hytorcatlantique.fr\/fr-sn\/conception-2\/","og_site_name":"Hytorc France","article_publisher":"https:\/\/www.facebook.com\/HytorcATLANTIQUE","article_modified_time":"2023-07-03T08:09:52+00:00","twitter_card":"summary_large_image","schema":{"@context":"https:\/\/schema.org","@graph":[{"@type":"WebPage","@id":"https:\/\/www.hytorcatlantique.fr\/fr-sn\/conception-2\/","url":"https:\/\/www.hytorcatlantique.fr\/fr-sn\/conception-2\/","name":"Conception HYTORC : outils de serrage industriel - HYTORC France","isPartOf":{"@id":"https:\/\/www.hytorcatlantique.fr\/fr-sn\/#website"},"datePublished":"2019-10-22T10:49:54+00:00","dateModified":"2023-07-03T08:09:52+00:00","description":"D\u00e9couvrez toutes les informations sur le service de conception HYTORC : cl\u00e9 dynamom\u00e9trique, bras de r\u00e9action, accessoires de serrage et desserrage.","breadcrumb":{"@id":"https:\/\/www.hytorcatlantique.fr\/fr-sn\/conception-2\/#breadcrumb"},"inLanguage":"fr-SN","potentialAction":[{"@type":"ReadAction","target":["https:\/\/www.hytorcatlantique.fr\/fr-sn\/conception-2\/"]}]},{"@type":"BreadcrumbList","@id":"https:\/\/www.hytorcatlantique.fr\/fr-sn\/conception-2\/#breadcrumb","itemListElement":[{"@type":"ListItem","position":1,"name":"Accueil","item":"https:\/\/www.hytorcatlantique.fr\/fr-sn\/"},{"@type":"ListItem","position":2,"name":"Conception"}]},{"@type":"WebSite","@id":"https:\/\/www.hytorcatlantique.fr\/fr-sn\/#website","url":"https:\/\/www.hytorcatlantique.fr\/fr-sn\/","name":"Hytorc France","description":"Solution pour application de serrage","publisher":{"@id":"https:\/\/www.hytorcatlantique.fr\/fr-sn\/#organization"},"potentialAction":[{"@type":"SearchAction","target":{"@type":"EntryPoint","urlTemplate":"https:\/\/www.hytorcatlantique.fr\/fr-sn\/?s={search_term_string}"},"query-input":{"@type":"PropertyValueSpecification","valueRequired":true,"valueName":"search_term_string"}}],"inLanguage":"fr-SN"},{"@type":"Organization","@id":"https:\/\/www.hytorcatlantique.fr\/fr-sn\/#organization","name":"Hytorc France","url":"https:\/\/www.hytorcatlantique.fr\/fr-sn\/","logo":{"@type":"ImageObject","inLanguage":"fr-SN","@id":"https:\/\/www.hytorcatlantique.fr\/fr-sn\/#\/schema\/logo\/image\/","url":"https:\/\/www.hytorcatlantique.fr\/wp-content\/uploads\/2019\/07\/logo-hytorc.png","contentUrl":"https:\/\/www.hytorcatlantique.fr\/wp-content\/uploads\/2019\/07\/logo-hytorc.png","width":239,"height":57,"caption":"Hytorc France"},"image":{"@id":"https:\/\/www.hytorcatlantique.fr\/fr-sn\/#\/schema\/logo\/image\/"},"sameAs":["https:\/\/www.facebook.com\/HytorcATLANTIQUE","https:\/\/www.linkedin.com\/company\/hytorc-atlantique\/about\/","https:\/\/www.youtube.com\/user\/HytorcAtlantique"]}]}},"_links":{"self":[{"href":"https:\/\/www.hytorcatlantique.fr\/fr-sn\/wp-json\/wp\/v2\/pages\/15083","targetHints":{"allow":["GET"]}}],"collection":[{"href":"https:\/\/www.hytorcatlantique.fr\/fr-sn\/wp-json\/wp\/v2\/pages"}],"about":[{"href":"https:\/\/www.hytorcatlantique.fr\/fr-sn\/wp-json\/wp\/v2\/types\/page"}],"author":[{"embeddable":true,"href":"https:\/\/www.hytorcatlantique.fr\/fr-sn\/wp-json\/wp\/v2\/users\/1"}],"replies":[{"embeddable":true,"href":"https:\/\/www.hytorcatlantique.fr\/fr-sn\/wp-json\/wp\/v2\/comments?post=15083"}],"version-history":[{"count":1,"href":"https:\/\/www.hytorcatlantique.fr\/fr-sn\/wp-json\/wp\/v2\/pages\/15083\/revisions"}],"predecessor-version":[{"id":15099,"href":"https:\/\/www.hytorcatlantique.fr\/fr-sn\/wp-json\/wp\/v2\/pages\/15083\/revisions\/15099"}],"wp:attachment":[{"href":"https:\/\/www.hytorcatlantique.fr\/fr-sn\/wp-json\/wp\/v2\/media?parent=15083"}],"wp:term":[{"taxonomy":"pompe-hydraulique","embeddable":true,"href":"https:\/\/www.hytorcatlantique.fr\/fr-sn\/wp-json\/wp\/v2\/pompe-hydraulique?post=15083"}],"curies":[{"name":"wp","href":"https:\/\/api.w.org\/{rel}","templated":true}]}}