{"id":15123,"date":"2019-10-16T08:35:25","date_gmt":"2019-10-16T08:35:25","guid":{"rendered":"https:\/\/www.hytorcatlantique.fr\/location-de-materiel-2\/location-visseuses-dynamometriques-hytorc\/"},"modified":"2023-07-03T08:11:10","modified_gmt":"2023-07-03T08:11:10","slug":"location-visseuses-dynamometriques-hytorc","status":"publish","type":"page","link":"https:\/\/www.hytorcatlantique.fr\/fr-sn\/location-de-materiel-2\/location-visseuses-dynamometriques-hytorc\/","title":{"rendered":"Location visseuses dynamom\u00e9triques Hytorc"},"content":{"rendered":"","protected":false},"excerpt":{"rendered":"<p>Visseuses dynamom\u00e9triques toutes compatibles avec le serrage (sans bras de r\u00e9action) des \u00e9crous et rondelles HYTORC<\/p>\n","protected":false},"author":1,"featured_media":13793,"parent":15117,"menu_order":0,"comment_status":"closed","ping_status":"closed","template":"templates\/produit.php","meta":{"_acf_changed":false,"footnotes":""},"pompe-hydraulique":[],"class_list":["post-15123","page","type-page","status-publish","has-post-thumbnail","hentry"],"acf":[],"yoast_head":"<!-- This site is optimized with the Yoast SEO plugin v27.4 - https:\/\/yoast.com\/product\/yoast-seo-wordpress\/ -->\n<title>Location de visseuses dynamom\u00e9triques - HYTORC FRANCE<\/title>\n<meta name=\"description\" content=\"HYTORC France propose aux industriels, de la location de visseuses dynamom\u00e9triques \u00e9lectriques ou pneumatiques, pour vos op\u00e9rations de serrage.\" \/>\n<meta name=\"robots\" content=\"index, follow, max-snippet:-1, max-image-preview:large, max-video-preview:-1\" \/>\n<link rel=\"canonical\" href=\"https:\/\/www.hytorcatlantique.fr\/fr-sn\/location-de-materiel-2\/location-visseuses-dynamometriques-hytorc\/\" \/>\n<meta property=\"og:locale\" content=\"fr_FR\" \/>\n<meta property=\"og:type\" content=\"article\" \/>\n<meta property=\"og:title\" content=\"Location de visseuses dynamom\u00e9triques - HYTORC FRANCE\" \/>\n<meta property=\"og:description\" content=\"HYTORC France propose aux industriels, de la location de visseuses dynamom\u00e9triques \u00e9lectriques ou pneumatiques, pour vos op\u00e9rations de serrage.\" \/>\n<meta property=\"og:url\" content=\"https:\/\/www.hytorcatlantique.fr\/fr-sn\/location-de-materiel-2\/location-visseuses-dynamometriques-hytorc\/\" \/>\n<meta property=\"og:site_name\" content=\"Hytorc France\" \/>\n<meta property=\"article:publisher\" content=\"https:\/\/www.facebook.com\/HytorcATLANTIQUE\" \/>\n<meta property=\"article:modified_time\" content=\"2023-07-03T08:11:10+00:00\" \/>\n<meta property=\"og:image\" content=\"https:\/\/www.hytorcatlantique.fr\/wp-content\/uploads\/2019\/10\/location-hytirc-visseuse.png\" \/>\n\t<meta property=\"og:image:width\" content=\"511\" \/>\n\t<meta property=\"og:image:height\" content=\"562\" \/>\n\t<meta property=\"og:image:type\" content=\"image\/png\" \/>\n<meta name=\"twitter:card\" content=\"summary_large_image\" \/>\n<script type=\"application\/ld+json\" class=\"yoast-schema-graph\">{\"@context\":\"https:\\\/\\\/schema.org\",\"@graph\":[{\"@type\":\"WebPage\",\"@id\":\"https:\\\/\\\/www.hytorcatlantique.fr\\\/fr-sn\\\/location-de-materiel-2\\\/location-visseuses-dynamometriques-hytorc\\\/\",\"url\":\"https:\\\/\\\/www.hytorcatlantique.fr\\\/fr-sn\\\/location-de-materiel-2\\\/location-visseuses-dynamometriques-hytorc\\\/\",\"name\":\"Location de visseuses dynamom\u00e9triques - HYTORC FRANCE\",\"isPartOf\":{\"@id\":\"https:\\\/\\\/www.hytorcatlantique.fr\\\/fr-sn\\\/#website\"},\"primaryImageOfPage\":{\"@id\":\"https:\\\/\\\/www.hytorcatlantique.fr\\\/fr-sn\\\/location-de-materiel-2\\\/location-visseuses-dynamometriques-hytorc\\\/#primaryimage\"},\"image\":{\"@id\":\"https:\\\/\\\/www.hytorcatlantique.fr\\\/fr-sn\\\/location-de-materiel-2\\\/location-visseuses-dynamometriques-hytorc\\\/#primaryimage\"},\"thumbnailUrl\":\"https:\\\/\\\/www.hytorcatlantique.fr\\\/wp-content\\\/uploads\\\/2019\\\/10\\\/location-hytirc-visseuse.png\",\"datePublished\":\"2019-10-16T08:35:25+00:00\",\"dateModified\":\"2023-07-03T08:11:10+00:00\",\"description\":\"HYTORC France propose aux industriels, de la location de visseuses dynamom\u00e9triques \u00e9lectriques ou pneumatiques, pour vos op\u00e9rations de serrage.\",\"breadcrumb\":{\"@id\":\"https:\\\/\\\/www.hytorcatlantique.fr\\\/fr-sn\\\/location-de-materiel-2\\\/location-visseuses-dynamometriques-hytorc\\\/#breadcrumb\"},\"inLanguage\":\"fr-SN\",\"potentialAction\":[{\"@type\":\"ReadAction\",\"target\":[\"https:\\\/\\\/www.hytorcatlantique.fr\\\/fr-sn\\\/location-de-materiel-2\\\/location-visseuses-dynamometriques-hytorc\\\/\"]}]},{\"@type\":\"ImageObject\",\"inLanguage\":\"fr-SN\",\"@id\":\"https:\\\/\\\/www.hytorcatlantique.fr\\\/fr-sn\\\/location-de-materiel-2\\\/location-visseuses-dynamometriques-hytorc\\\/#primaryimage\",\"url\":\"https:\\\/\\\/www.hytorcatlantique.fr\\\/wp-content\\\/uploads\\\/2019\\\/10\\\/location-hytirc-visseuse.png\",\"contentUrl\":\"https:\\\/\\\/www.hytorcatlantique.fr\\\/wp-content\\\/uploads\\\/2019\\\/10\\\/location-hytirc-visseuse.png\",\"width\":511,\"height\":562,\"caption\":\"Location visseuse - Hytorc France Atlantique\"},{\"@type\":\"BreadcrumbList\",\"@id\":\"https:\\\/\\\/www.hytorcatlantique.fr\\\/fr-sn\\\/location-de-materiel-2\\\/location-visseuses-dynamometriques-hytorc\\\/#breadcrumb\",\"itemListElement\":[{\"@type\":\"ListItem\",\"position\":1,\"name\":\"Accueil\",\"item\":\"https:\\\/\\\/www.hytorcatlantique.fr\\\/fr-sn\\\/\"},{\"@type\":\"ListItem\",\"position\":2,\"name\":\"Location de mat\u00e9riel\",\"item\":\"https:\\\/\\\/www.hytorcatlantique.fr\\\/fr-sn\\\/location-de-materiel-2\\\/\"},{\"@type\":\"ListItem\",\"position\":3,\"name\":\"Location visseuses dynamom\u00e9triques Hytorc\"}]},{\"@type\":\"WebSite\",\"@id\":\"https:\\\/\\\/www.hytorcatlantique.fr\\\/fr-sn\\\/#website\",\"url\":\"https:\\\/\\\/www.hytorcatlantique.fr\\\/fr-sn\\\/\",\"name\":\"Hytorc France\",\"description\":\"Solution pour application de serrage\",\"publisher\":{\"@id\":\"https:\\\/\\\/www.hytorcatlantique.fr\\\/fr-sn\\\/#organization\"},\"potentialAction\":[{\"@type\":\"SearchAction\",\"target\":{\"@type\":\"EntryPoint\",\"urlTemplate\":\"https:\\\/\\\/www.hytorcatlantique.fr\\\/fr-sn\\\/?s={search_term_string}\"},\"query-input\":{\"@type\":\"PropertyValueSpecification\",\"valueRequired\":true,\"valueName\":\"search_term_string\"}}],\"inLanguage\":\"fr-SN\"},{\"@type\":\"Organization\",\"@id\":\"https:\\\/\\\/www.hytorcatlantique.fr\\\/fr-sn\\\/#organization\",\"name\":\"Hytorc France\",\"url\":\"https:\\\/\\\/www.hytorcatlantique.fr\\\/fr-sn\\\/\",\"logo\":{\"@type\":\"ImageObject\",\"inLanguage\":\"fr-SN\",\"@id\":\"https:\\\/\\\/www.hytorcatlantique.fr\\\/fr-sn\\\/#\\\/schema\\\/logo\\\/image\\\/\",\"url\":\"https:\\\/\\\/www.hytorcatlantique.fr\\\/wp-content\\\/uploads\\\/2019\\\/07\\\/logo-hytorc.png\",\"contentUrl\":\"https:\\\/\\\/www.hytorcatlantique.fr\\\/wp-content\\\/uploads\\\/2019\\\/07\\\/logo-hytorc.png\",\"width\":239,\"height\":57,\"caption\":\"Hytorc France\"},\"image\":{\"@id\":\"https:\\\/\\\/www.hytorcatlantique.fr\\\/fr-sn\\\/#\\\/schema\\\/logo\\\/image\\\/\"},\"sameAs\":[\"https:\\\/\\\/www.facebook.com\\\/HytorcATLANTIQUE\",\"https:\\\/\\\/www.linkedin.com\\\/company\\\/hytorc-atlantique\\\/about\\\/\",\"https:\\\/\\\/www.youtube.com\\\/user\\\/HytorcAtlantique\"]}]}<\/script>\n<!-- \/ Yoast SEO plugin. -->","yoast_head_json":{"title":"Location de visseuses dynamom\u00e9triques - HYTORC FRANCE","description":"HYTORC France propose aux industriels, de la location de visseuses dynamom\u00e9triques \u00e9lectriques ou pneumatiques, pour vos op\u00e9rations de serrage.","robots":{"index":"index","follow":"follow","max-snippet":"max-snippet:-1","max-image-preview":"max-image-preview:large","max-video-preview":"max-video-preview:-1"},"canonical":"https:\/\/www.hytorcatlantique.fr\/fr-sn\/location-de-materiel-2\/location-visseuses-dynamometriques-hytorc\/","og_locale":"fr_FR","og_type":"article","og_title":"Location de visseuses dynamom\u00e9triques - HYTORC FRANCE","og_description":"HYTORC France propose aux industriels, de la location de visseuses dynamom\u00e9triques \u00e9lectriques ou pneumatiques, pour vos op\u00e9rations de serrage.","og_url":"https:\/\/www.hytorcatlantique.fr\/fr-sn\/location-de-materiel-2\/location-visseuses-dynamometriques-hytorc\/","og_site_name":"Hytorc France","article_publisher":"https:\/\/www.facebook.com\/HytorcATLANTIQUE","article_modified_time":"2023-07-03T08:11:10+00:00","og_image":[{"width":511,"height":562,"url":"https:\/\/www.hytorcatlantique.fr\/wp-content\/uploads\/2019\/10\/location-hytirc-visseuse.png","type":"image\/png"}],"twitter_card":"summary_large_image","schema":{"@context":"https:\/\/schema.org","@graph":[{"@type":"WebPage","@id":"https:\/\/www.hytorcatlantique.fr\/fr-sn\/location-de-materiel-2\/location-visseuses-dynamometriques-hytorc\/","url":"https:\/\/www.hytorcatlantique.fr\/fr-sn\/location-de-materiel-2\/location-visseuses-dynamometriques-hytorc\/","name":"Location de visseuses dynamom\u00e9triques - HYTORC FRANCE","isPartOf":{"@id":"https:\/\/www.hytorcatlantique.fr\/fr-sn\/#website"},"primaryImageOfPage":{"@id":"https:\/\/www.hytorcatlantique.fr\/fr-sn\/location-de-materiel-2\/location-visseuses-dynamometriques-hytorc\/#primaryimage"},"image":{"@id":"https:\/\/www.hytorcatlantique.fr\/fr-sn\/location-de-materiel-2\/location-visseuses-dynamometriques-hytorc\/#primaryimage"},"thumbnailUrl":"https:\/\/www.hytorcatlantique.fr\/wp-content\/uploads\/2019\/10\/location-hytirc-visseuse.png","datePublished":"2019-10-16T08:35:25+00:00","dateModified":"2023-07-03T08:11:10+00:00","description":"HYTORC France propose aux industriels, de la location de visseuses dynamom\u00e9triques \u00e9lectriques ou pneumatiques, pour vos op\u00e9rations de serrage.","breadcrumb":{"@id":"https:\/\/www.hytorcatlantique.fr\/fr-sn\/location-de-materiel-2\/location-visseuses-dynamometriques-hytorc\/#breadcrumb"},"inLanguage":"fr-SN","potentialAction":[{"@type":"ReadAction","target":["https:\/\/www.hytorcatlantique.fr\/fr-sn\/location-de-materiel-2\/location-visseuses-dynamometriques-hytorc\/"]}]},{"@type":"ImageObject","inLanguage":"fr-SN","@id":"https:\/\/www.hytorcatlantique.fr\/fr-sn\/location-de-materiel-2\/location-visseuses-dynamometriques-hytorc\/#primaryimage","url":"https:\/\/www.hytorcatlantique.fr\/wp-content\/uploads\/2019\/10\/location-hytirc-visseuse.png","contentUrl":"https:\/\/www.hytorcatlantique.fr\/wp-content\/uploads\/2019\/10\/location-hytirc-visseuse.png","width":511,"height":562,"caption":"Location visseuse - Hytorc France Atlantique"},{"@type":"BreadcrumbList","@id":"https:\/\/www.hytorcatlantique.fr\/fr-sn\/location-de-materiel-2\/location-visseuses-dynamometriques-hytorc\/#breadcrumb","itemListElement":[{"@type":"ListItem","position":1,"name":"Accueil","item":"https:\/\/www.hytorcatlantique.fr\/fr-sn\/"},{"@type":"ListItem","position":2,"name":"Location de mat\u00e9riel","item":"https:\/\/www.hytorcatlantique.fr\/fr-sn\/location-de-materiel-2\/"},{"@type":"ListItem","position":3,"name":"Location visseuses dynamom\u00e9triques Hytorc"}]},{"@type":"WebSite","@id":"https:\/\/www.hytorcatlantique.fr\/fr-sn\/#website","url":"https:\/\/www.hytorcatlantique.fr\/fr-sn\/","name":"Hytorc France","description":"Solution pour application de serrage","publisher":{"@id":"https:\/\/www.hytorcatlantique.fr\/fr-sn\/#organization"},"potentialAction":[{"@type":"SearchAction","target":{"@type":"EntryPoint","urlTemplate":"https:\/\/www.hytorcatlantique.fr\/fr-sn\/?s={search_term_string}"},"query-input":{"@type":"PropertyValueSpecification","valueRequired":true,"valueName":"search_term_string"}}],"inLanguage":"fr-SN"},{"@type":"Organization","@id":"https:\/\/www.hytorcatlantique.fr\/fr-sn\/#organization","name":"Hytorc France","url":"https:\/\/www.hytorcatlantique.fr\/fr-sn\/","logo":{"@type":"ImageObject","inLanguage":"fr-SN","@id":"https:\/\/www.hytorcatlantique.fr\/fr-sn\/#\/schema\/logo\/image\/","url":"https:\/\/www.hytorcatlantique.fr\/wp-content\/uploads\/2019\/07\/logo-hytorc.png","contentUrl":"https:\/\/www.hytorcatlantique.fr\/wp-content\/uploads\/2019\/07\/logo-hytorc.png","width":239,"height":57,"caption":"Hytorc France"},"image":{"@id":"https:\/\/www.hytorcatlantique.fr\/fr-sn\/#\/schema\/logo\/image\/"},"sameAs":["https:\/\/www.facebook.com\/HytorcATLANTIQUE","https:\/\/www.linkedin.com\/company\/hytorc-atlantique\/about\/","https:\/\/www.youtube.com\/user\/HytorcAtlantique"]}]}},"_links":{"self":[{"href":"https:\/\/www.hytorcatlantique.fr\/fr-sn\/wp-json\/wp\/v2\/pages\/15123","targetHints":{"allow":["GET"]}}],"collection":[{"href":"https:\/\/www.hytorcatlantique.fr\/fr-sn\/wp-json\/wp\/v2\/pages"}],"about":[{"href":"https:\/\/www.hytorcatlantique.fr\/fr-sn\/wp-json\/wp\/v2\/types\/page"}],"author":[{"embeddable":true,"href":"https:\/\/www.hytorcatlantique.fr\/fr-sn\/wp-json\/wp\/v2\/users\/1"}],"replies":[{"embeddable":true,"href":"https:\/\/www.hytorcatlantique.fr\/fr-sn\/wp-json\/wp\/v2\/comments?post=15123"}],"version-history":[{"count":1,"href":"https:\/\/www.hytorcatlantique.fr\/fr-sn\/wp-json\/wp\/v2\/pages\/15123\/revisions"}],"predecessor-version":[{"id":15140,"href":"https:\/\/www.hytorcatlantique.fr\/fr-sn\/wp-json\/wp\/v2\/pages\/15123\/revisions\/15140"}],"up":[{"embeddable":true,"href":"https:\/\/www.hytorcatlantique.fr\/fr-sn\/wp-json\/wp\/v2\/pages\/15117"}],"wp:featuredmedia":[{"embeddable":true,"href":"https:\/\/www.hytorcatlantique.fr\/fr-sn\/wp-json\/wp\/v2\/media\/13793"}],"wp:attachment":[{"href":"https:\/\/www.hytorcatlantique.fr\/fr-sn\/wp-json\/wp\/v2\/media?parent=15123"}],"wp:term":[{"taxonomy":"pompe-hydraulique","embeddable":true,"href":"https:\/\/www.hytorcatlantique.fr\/fr-sn\/wp-json\/wp\/v2\/pompe-hydraulique?post=15123"}],"curies":[{"name":"wp","href":"https:\/\/api.w.org\/{rel}","templated":true}]}}