{"id":15160,"date":"2019-10-15T15:24:41","date_gmt":"2019-10-15T15:24:41","guid":{"rendered":"https:\/\/www.hytorcatlantique.fr\/pompes-hydrauliques-2\/jetpro-s-230\/"},"modified":"2023-07-03T08:11:28","modified_gmt":"2023-07-03T08:11:28","slug":"jetpro-s-230","status":"publish","type":"page","link":"https:\/\/www.hytorcatlantique.fr\/fr-sn\/pompes-hydrauliques-2\/jetpro-s-230\/","title":{"rendered":"Jetpro S 230"},"content":{"rendered":"","protected":false},"excerpt":{"rendered":"","protected":false},"author":1,"featured_media":13655,"parent":15154,"menu_order":0,"comment_status":"closed","ping_status":"closed","template":"templates\/produit.php","meta":{"_acf_changed":false,"footnotes":""},"pompe-hydraulique":[],"class_list":["post-15160","page","type-page","status-publish","has-post-thumbnail","hentry"],"acf":[],"yoast_head":"<!-- This site is optimized with the Yoast SEO plugin v27.4 - https:\/\/yoast.com\/product\/yoast-seo-wordpress\/ -->\n<title>Pompe hydraulique JETPRO S 230 \u00e0 moteur \u00e9lectrique - HYTORC<\/title>\n<meta name=\"description\" content=\"Pompe hydraulique JETPRO S 230 \u00e0 moteur \u00e9lectrique : 700 bars. Id\u00e9al pour alimenter les cl\u00e9s hydrauliques HYTORC.\" \/>\n<meta name=\"robots\" content=\"index, follow, max-snippet:-1, max-image-preview:large, max-video-preview:-1\" \/>\n<link rel=\"canonical\" href=\"https:\/\/www.hytorcatlantique.fr\/fr-sn\/pompes-hydrauliques-2\/jetpro-s-230\/\" \/>\n<meta property=\"og:locale\" content=\"fr_FR\" \/>\n<meta property=\"og:type\" content=\"article\" \/>\n<meta property=\"og:title\" content=\"Pompe hydraulique JETPRO S 230 \u00e0 moteur \u00e9lectrique - HYTORC\" \/>\n<meta property=\"og:description\" content=\"Pompe hydraulique JETPRO S 230 \u00e0 moteur \u00e9lectrique : 700 bars. Id\u00e9al pour alimenter les cl\u00e9s hydrauliques HYTORC.\" \/>\n<meta property=\"og:url\" content=\"https:\/\/www.hytorcatlantique.fr\/fr-sn\/pompes-hydrauliques-2\/jetpro-s-230\/\" \/>\n<meta property=\"og:site_name\" content=\"Hytorc France\" \/>\n<meta property=\"article:publisher\" content=\"https:\/\/www.facebook.com\/HytorcATLANTIQUE\" \/>\n<meta property=\"article:modified_time\" content=\"2023-07-03T08:11:28+00:00\" \/>\n<meta property=\"og:image\" content=\"https:\/\/www.hytorcatlantique.fr\/wp-content\/uploads\/2019\/10\/pompes-jetpro-230-hytorc.png\" \/>\n\t<meta property=\"og:image:width\" content=\"436\" \/>\n\t<meta property=\"og:image:height\" content=\"242\" \/>\n\t<meta property=\"og:image:type\" content=\"image\/png\" \/>\n<meta name=\"twitter:card\" content=\"summary_large_image\" \/>\n<script type=\"application\/ld+json\" class=\"yoast-schema-graph\">{\"@context\":\"https:\\\/\\\/schema.org\",\"@graph\":[{\"@type\":\"WebPage\",\"@id\":\"https:\\\/\\\/www.hytorcatlantique.fr\\\/fr-sn\\\/pompes-hydrauliques-2\\\/jetpro-s-230\\\/\",\"url\":\"https:\\\/\\\/www.hytorcatlantique.fr\\\/fr-sn\\\/pompes-hydrauliques-2\\\/jetpro-s-230\\\/\",\"name\":\"Pompe hydraulique JETPRO S 230 \u00e0 moteur \u00e9lectrique - HYTORC\",\"isPartOf\":{\"@id\":\"https:\\\/\\\/www.hytorcatlantique.fr\\\/fr-sn\\\/#website\"},\"primaryImageOfPage\":{\"@id\":\"https:\\\/\\\/www.hytorcatlantique.fr\\\/fr-sn\\\/pompes-hydrauliques-2\\\/jetpro-s-230\\\/#primaryimage\"},\"image\":{\"@id\":\"https:\\\/\\\/www.hytorcatlantique.fr\\\/fr-sn\\\/pompes-hydrauliques-2\\\/jetpro-s-230\\\/#primaryimage\"},\"thumbnailUrl\":\"https:\\\/\\\/www.hytorcatlantique.fr\\\/wp-content\\\/uploads\\\/2019\\\/10\\\/pompes-jetpro-230-hytorc.png\",\"datePublished\":\"2019-10-15T15:24:41+00:00\",\"dateModified\":\"2023-07-03T08:11:28+00:00\",\"description\":\"Pompe hydraulique JETPRO S 230 \u00e0 moteur \u00e9lectrique : 700 bars. Id\u00e9al pour alimenter les cl\u00e9s hydrauliques HYTORC.\",\"breadcrumb\":{\"@id\":\"https:\\\/\\\/www.hytorcatlantique.fr\\\/fr-sn\\\/pompes-hydrauliques-2\\\/jetpro-s-230\\\/#breadcrumb\"},\"inLanguage\":\"fr-SN\",\"potentialAction\":[{\"@type\":\"ReadAction\",\"target\":[\"https:\\\/\\\/www.hytorcatlantique.fr\\\/fr-sn\\\/pompes-hydrauliques-2\\\/jetpro-s-230\\\/\"]}]},{\"@type\":\"ImageObject\",\"inLanguage\":\"fr-SN\",\"@id\":\"https:\\\/\\\/www.hytorcatlantique.fr\\\/fr-sn\\\/pompes-hydrauliques-2\\\/jetpro-s-230\\\/#primaryimage\",\"url\":\"https:\\\/\\\/www.hytorcatlantique.fr\\\/wp-content\\\/uploads\\\/2019\\\/10\\\/pompes-jetpro-230-hytorc.png\",\"contentUrl\":\"https:\\\/\\\/www.hytorcatlantique.fr\\\/wp-content\\\/uploads\\\/2019\\\/10\\\/pompes-jetpro-230-hytorc.png\",\"width\":436,\"height\":242,\"caption\":\"Pompes jetpro 230 Hytorc France\"},{\"@type\":\"BreadcrumbList\",\"@id\":\"https:\\\/\\\/www.hytorcatlantique.fr\\\/fr-sn\\\/pompes-hydrauliques-2\\\/jetpro-s-230\\\/#breadcrumb\",\"itemListElement\":[{\"@type\":\"ListItem\",\"position\":1,\"name\":\"Accueil\",\"item\":\"https:\\\/\\\/www.hytorcatlantique.fr\\\/fr-sn\\\/\"},{\"@type\":\"ListItem\",\"position\":2,\"name\":\"Pompes hydrauliques\",\"item\":\"https:\\\/\\\/www.hytorcatlantique.fr\\\/fr-sn\\\/pompes-hydrauliques-2\\\/\"},{\"@type\":\"ListItem\",\"position\":3,\"name\":\"Jetpro S 230\"}]},{\"@type\":\"WebSite\",\"@id\":\"https:\\\/\\\/www.hytorcatlantique.fr\\\/fr-sn\\\/#website\",\"url\":\"https:\\\/\\\/www.hytorcatlantique.fr\\\/fr-sn\\\/\",\"name\":\"Hytorc France\",\"description\":\"Solution pour application de serrage\",\"publisher\":{\"@id\":\"https:\\\/\\\/www.hytorcatlantique.fr\\\/fr-sn\\\/#organization\"},\"potentialAction\":[{\"@type\":\"SearchAction\",\"target\":{\"@type\":\"EntryPoint\",\"urlTemplate\":\"https:\\\/\\\/www.hytorcatlantique.fr\\\/fr-sn\\\/?s={search_term_string}\"},\"query-input\":{\"@type\":\"PropertyValueSpecification\",\"valueRequired\":true,\"valueName\":\"search_term_string\"}}],\"inLanguage\":\"fr-SN\"},{\"@type\":\"Organization\",\"@id\":\"https:\\\/\\\/www.hytorcatlantique.fr\\\/fr-sn\\\/#organization\",\"name\":\"Hytorc France\",\"url\":\"https:\\\/\\\/www.hytorcatlantique.fr\\\/fr-sn\\\/\",\"logo\":{\"@type\":\"ImageObject\",\"inLanguage\":\"fr-SN\",\"@id\":\"https:\\\/\\\/www.hytorcatlantique.fr\\\/fr-sn\\\/#\\\/schema\\\/logo\\\/image\\\/\",\"url\":\"https:\\\/\\\/www.hytorcatlantique.fr\\\/wp-content\\\/uploads\\\/2019\\\/07\\\/logo-hytorc.png\",\"contentUrl\":\"https:\\\/\\\/www.hytorcatlantique.fr\\\/wp-content\\\/uploads\\\/2019\\\/07\\\/logo-hytorc.png\",\"width\":239,\"height\":57,\"caption\":\"Hytorc France\"},\"image\":{\"@id\":\"https:\\\/\\\/www.hytorcatlantique.fr\\\/fr-sn\\\/#\\\/schema\\\/logo\\\/image\\\/\"},\"sameAs\":[\"https:\\\/\\\/www.facebook.com\\\/HytorcATLANTIQUE\",\"https:\\\/\\\/www.linkedin.com\\\/company\\\/hytorc-atlantique\\\/about\\\/\",\"https:\\\/\\\/www.youtube.com\\\/user\\\/HytorcAtlantique\"]}]}<\/script>\n<!-- \/ Yoast SEO plugin. -->","yoast_head_json":{"title":"Pompe hydraulique JETPRO S 230 \u00e0 moteur \u00e9lectrique - HYTORC","description":"Pompe hydraulique JETPRO S 230 \u00e0 moteur \u00e9lectrique : 700 bars. Id\u00e9al pour alimenter les cl\u00e9s hydrauliques HYTORC.","robots":{"index":"index","follow":"follow","max-snippet":"max-snippet:-1","max-image-preview":"max-image-preview:large","max-video-preview":"max-video-preview:-1"},"canonical":"https:\/\/www.hytorcatlantique.fr\/fr-sn\/pompes-hydrauliques-2\/jetpro-s-230\/","og_locale":"fr_FR","og_type":"article","og_title":"Pompe hydraulique JETPRO S 230 \u00e0 moteur \u00e9lectrique - HYTORC","og_description":"Pompe hydraulique JETPRO S 230 \u00e0 moteur \u00e9lectrique : 700 bars. Id\u00e9al pour alimenter les cl\u00e9s hydrauliques HYTORC.","og_url":"https:\/\/www.hytorcatlantique.fr\/fr-sn\/pompes-hydrauliques-2\/jetpro-s-230\/","og_site_name":"Hytorc France","article_publisher":"https:\/\/www.facebook.com\/HytorcATLANTIQUE","article_modified_time":"2023-07-03T08:11:28+00:00","og_image":[{"width":436,"height":242,"url":"https:\/\/www.hytorcatlantique.fr\/wp-content\/uploads\/2019\/10\/pompes-jetpro-230-hytorc.png","type":"image\/png"}],"twitter_card":"summary_large_image","schema":{"@context":"https:\/\/schema.org","@graph":[{"@type":"WebPage","@id":"https:\/\/www.hytorcatlantique.fr\/fr-sn\/pompes-hydrauliques-2\/jetpro-s-230\/","url":"https:\/\/www.hytorcatlantique.fr\/fr-sn\/pompes-hydrauliques-2\/jetpro-s-230\/","name":"Pompe hydraulique JETPRO S 230 \u00e0 moteur \u00e9lectrique - HYTORC","isPartOf":{"@id":"https:\/\/www.hytorcatlantique.fr\/fr-sn\/#website"},"primaryImageOfPage":{"@id":"https:\/\/www.hytorcatlantique.fr\/fr-sn\/pompes-hydrauliques-2\/jetpro-s-230\/#primaryimage"},"image":{"@id":"https:\/\/www.hytorcatlantique.fr\/fr-sn\/pompes-hydrauliques-2\/jetpro-s-230\/#primaryimage"},"thumbnailUrl":"https:\/\/www.hytorcatlantique.fr\/wp-content\/uploads\/2019\/10\/pompes-jetpro-230-hytorc.png","datePublished":"2019-10-15T15:24:41+00:00","dateModified":"2023-07-03T08:11:28+00:00","description":"Pompe hydraulique JETPRO S 230 \u00e0 moteur \u00e9lectrique : 700 bars. Id\u00e9al pour alimenter les cl\u00e9s hydrauliques HYTORC.","breadcrumb":{"@id":"https:\/\/www.hytorcatlantique.fr\/fr-sn\/pompes-hydrauliques-2\/jetpro-s-230\/#breadcrumb"},"inLanguage":"fr-SN","potentialAction":[{"@type":"ReadAction","target":["https:\/\/www.hytorcatlantique.fr\/fr-sn\/pompes-hydrauliques-2\/jetpro-s-230\/"]}]},{"@type":"ImageObject","inLanguage":"fr-SN","@id":"https:\/\/www.hytorcatlantique.fr\/fr-sn\/pompes-hydrauliques-2\/jetpro-s-230\/#primaryimage","url":"https:\/\/www.hytorcatlantique.fr\/wp-content\/uploads\/2019\/10\/pompes-jetpro-230-hytorc.png","contentUrl":"https:\/\/www.hytorcatlantique.fr\/wp-content\/uploads\/2019\/10\/pompes-jetpro-230-hytorc.png","width":436,"height":242,"caption":"Pompes jetpro 230 Hytorc France"},{"@type":"BreadcrumbList","@id":"https:\/\/www.hytorcatlantique.fr\/fr-sn\/pompes-hydrauliques-2\/jetpro-s-230\/#breadcrumb","itemListElement":[{"@type":"ListItem","position":1,"name":"Accueil","item":"https:\/\/www.hytorcatlantique.fr\/fr-sn\/"},{"@type":"ListItem","position":2,"name":"Pompes hydrauliques","item":"https:\/\/www.hytorcatlantique.fr\/fr-sn\/pompes-hydrauliques-2\/"},{"@type":"ListItem","position":3,"name":"Jetpro S 230"}]},{"@type":"WebSite","@id":"https:\/\/www.hytorcatlantique.fr\/fr-sn\/#website","url":"https:\/\/www.hytorcatlantique.fr\/fr-sn\/","name":"Hytorc France","description":"Solution pour application de serrage","publisher":{"@id":"https:\/\/www.hytorcatlantique.fr\/fr-sn\/#organization"},"potentialAction":[{"@type":"SearchAction","target":{"@type":"EntryPoint","urlTemplate":"https:\/\/www.hytorcatlantique.fr\/fr-sn\/?s={search_term_string}"},"query-input":{"@type":"PropertyValueSpecification","valueRequired":true,"valueName":"search_term_string"}}],"inLanguage":"fr-SN"},{"@type":"Organization","@id":"https:\/\/www.hytorcatlantique.fr\/fr-sn\/#organization","name":"Hytorc France","url":"https:\/\/www.hytorcatlantique.fr\/fr-sn\/","logo":{"@type":"ImageObject","inLanguage":"fr-SN","@id":"https:\/\/www.hytorcatlantique.fr\/fr-sn\/#\/schema\/logo\/image\/","url":"https:\/\/www.hytorcatlantique.fr\/wp-content\/uploads\/2019\/07\/logo-hytorc.png","contentUrl":"https:\/\/www.hytorcatlantique.fr\/wp-content\/uploads\/2019\/07\/logo-hytorc.png","width":239,"height":57,"caption":"Hytorc France"},"image":{"@id":"https:\/\/www.hytorcatlantique.fr\/fr-sn\/#\/schema\/logo\/image\/"},"sameAs":["https:\/\/www.facebook.com\/HytorcATLANTIQUE","https:\/\/www.linkedin.com\/company\/hytorc-atlantique\/about\/","https:\/\/www.youtube.com\/user\/HytorcAtlantique"]}]}},"_links":{"self":[{"href":"https:\/\/www.hytorcatlantique.fr\/fr-sn\/wp-json\/wp\/v2\/pages\/15160","targetHints":{"allow":["GET"]}}],"collection":[{"href":"https:\/\/www.hytorcatlantique.fr\/fr-sn\/wp-json\/wp\/v2\/pages"}],"about":[{"href":"https:\/\/www.hytorcatlantique.fr\/fr-sn\/wp-json\/wp\/v2\/types\/page"}],"author":[{"embeddable":true,"href":"https:\/\/www.hytorcatlantique.fr\/fr-sn\/wp-json\/wp\/v2\/users\/1"}],"replies":[{"embeddable":true,"href":"https:\/\/www.hytorcatlantique.fr\/fr-sn\/wp-json\/wp\/v2\/comments?post=15160"}],"version-history":[{"count":1,"href":"https:\/\/www.hytorcatlantique.fr\/fr-sn\/wp-json\/wp\/v2\/pages\/15160\/revisions"}],"predecessor-version":[{"id":15178,"href":"https:\/\/www.hytorcatlantique.fr\/fr-sn\/wp-json\/wp\/v2\/pages\/15160\/revisions\/15178"}],"up":[{"embeddable":true,"href":"https:\/\/www.hytorcatlantique.fr\/fr-sn\/wp-json\/wp\/v2\/pages\/15154"}],"wp:featuredmedia":[{"embeddable":true,"href":"https:\/\/www.hytorcatlantique.fr\/fr-sn\/wp-json\/wp\/v2\/media\/13655"}],"wp:attachment":[{"href":"https:\/\/www.hytorcatlantique.fr\/fr-sn\/wp-json\/wp\/v2\/media?parent=15160"}],"wp:term":[{"taxonomy":"pompe-hydraulique","embeddable":true,"href":"https:\/\/www.hytorcatlantique.fr\/fr-sn\/wp-json\/wp\/v2\/pompe-hydraulique?post=15160"}],"curies":[{"name":"wp","href":"https:\/\/api.w.org\/{rel}","templated":true}]}}