{"id":14102,"date":"2019-10-15T15:20:39","date_gmt":"2019-10-15T15:20:39","guid":{"rendered":"https:\/\/www.hytorcatlantique.fr\/chaves-de-fendas-de-torque\/jgun-velocidade-unica\/"},"modified":"2023-07-03T08:12:06","modified_gmt":"2023-07-03T08:12:06","slug":"jgun-velocidade-unica","status":"publish","type":"page","link":"https:\/\/www.hytorcatlantique.fr\/pt-ao\/chaves-de-fendas-de-torque\/jgun-velocidade-unica\/","title":{"rendered":"Jgun Velocidade \u00fanica"},"content":{"rendered":"","protected":false},"excerpt":{"rendered":"","protected":false},"author":1,"featured_media":12270,"parent":14054,"menu_order":5,"comment_status":"closed","ping_status":"closed","template":"templates\/produit.php","meta":{"_acf_changed":false,"footnotes":""},"pompe-hydraulique":[],"class_list":["post-14102","page","type-page","status-publish","has-post-thumbnail","hentry"],"acf":[],"yoast_head":"<!-- This site is optimized with the Yoast SEO plugin v27.4 - https:\/\/yoast.com\/product\/yoast-seo-wordpress\/ -->\n<title>Aparafusadora pneum\u00e1tica JGUN SINGLE SPEED - HYTORC Fran\u00e7a<\/title>\n<meta name=\"description\" content=\"Descubra a nossa gama de aparafusadoras de torque pneum\u00e1ticas JGUN SINGLE SPEED. Ferramenta de aperto de 65 Nm a 10.700 Nm.\" \/>\n<meta name=\"robots\" content=\"index, follow, max-snippet:-1, max-image-preview:large, max-video-preview:-1\" \/>\n<link rel=\"canonical\" href=\"https:\/\/www.hytorcatlantique.fr\/pt-ao\/chaves-de-fendas-de-torque\/jgun-velocidade-unica\/\" \/>\n<meta property=\"og:locale\" content=\"pt_PT\" \/>\n<meta property=\"og:type\" content=\"article\" \/>\n<meta property=\"og:title\" content=\"Aparafusadora pneum\u00e1tica JGUN SINGLE SPEED - HYTORC Fran\u00e7a\" \/>\n<meta property=\"og:description\" content=\"Descubra a nossa gama de aparafusadoras de torque pneum\u00e1ticas JGUN SINGLE SPEED. Ferramenta de aperto de 65 Nm a 10.700 Nm.\" \/>\n<meta property=\"og:url\" content=\"https:\/\/www.hytorcatlantique.fr\/pt-ao\/chaves-de-fendas-de-torque\/jgun-velocidade-unica\/\" \/>\n<meta property=\"og:site_name\" content=\"Hytorc Fran\u00e7a\" \/>\n<meta property=\"article:publisher\" content=\"https:\/\/www.facebook.com\/HytorcATLANTIQUE\" \/>\n<meta property=\"article:modified_time\" content=\"2023-07-03T08:12:06+00:00\" \/>\n<meta property=\"og:image\" content=\"https:\/\/www.hytorcatlantique.fr\/wp-content\/uploads\/2019\/10\/visseuse-jgun-single-speed.png\" \/>\n\t<meta property=\"og:image:width\" content=\"436\" \/>\n\t<meta property=\"og:image:height\" content=\"242\" \/>\n\t<meta property=\"og:image:type\" content=\"image\/png\" \/>\n<meta name=\"twitter:card\" content=\"summary_large_image\" \/>\n<script type=\"application\/ld+json\" class=\"yoast-schema-graph\">{\"@context\":\"https:\\\/\\\/schema.org\",\"@graph\":[{\"@type\":\"WebPage\",\"@id\":\"https:\\\/\\\/www.hytorcatlantique.fr\\\/pt-ao\\\/chaves-de-fendas-de-torque\\\/jgun-velocidade-unica\\\/\",\"url\":\"https:\\\/\\\/www.hytorcatlantique.fr\\\/pt-ao\\\/chaves-de-fendas-de-torque\\\/jgun-velocidade-unica\\\/\",\"name\":\"Aparafusadora pneum\u00e1tica JGUN SINGLE SPEED - HYTORC Fran\u00e7a\",\"isPartOf\":{\"@id\":\"https:\\\/\\\/www.hytorcatlantique.fr\\\/pt-ao\\\/#website\"},\"primaryImageOfPage\":{\"@id\":\"https:\\\/\\\/www.hytorcatlantique.fr\\\/pt-ao\\\/chaves-de-fendas-de-torque\\\/jgun-velocidade-unica\\\/#primaryimage\"},\"image\":{\"@id\":\"https:\\\/\\\/www.hytorcatlantique.fr\\\/pt-ao\\\/chaves-de-fendas-de-torque\\\/jgun-velocidade-unica\\\/#primaryimage\"},\"thumbnailUrl\":\"https:\\\/\\\/www.hytorcatlantique.fr\\\/wp-content\\\/uploads\\\/2019\\\/10\\\/visseuse-jgun-single-speed.png\",\"datePublished\":\"2019-10-15T15:20:39+00:00\",\"dateModified\":\"2023-07-03T08:12:06+00:00\",\"description\":\"Descubra a nossa gama de aparafusadoras de torque pneum\u00e1ticas JGUN SINGLE SPEED. Ferramenta de aperto de 65 Nm a 10.700 Nm.\",\"breadcrumb\":{\"@id\":\"https:\\\/\\\/www.hytorcatlantique.fr\\\/pt-ao\\\/chaves-de-fendas-de-torque\\\/jgun-velocidade-unica\\\/#breadcrumb\"},\"inLanguage\":\"pt-AO\",\"potentialAction\":[{\"@type\":\"ReadAction\",\"target\":[\"https:\\\/\\\/www.hytorcatlantique.fr\\\/pt-ao\\\/chaves-de-fendas-de-torque\\\/jgun-velocidade-unica\\\/\"]}]},{\"@type\":\"ImageObject\",\"inLanguage\":\"pt-AO\",\"@id\":\"https:\\\/\\\/www.hytorcatlantique.fr\\\/pt-ao\\\/chaves-de-fendas-de-torque\\\/jgun-velocidade-unica\\\/#primaryimage\",\"url\":\"https:\\\/\\\/www.hytorcatlantique.fr\\\/wp-content\\\/uploads\\\/2019\\\/10\\\/visseuse-jgun-single-speed.png\",\"contentUrl\":\"https:\\\/\\\/www.hytorcatlantique.fr\\\/wp-content\\\/uploads\\\/2019\\\/10\\\/visseuse-jgun-single-speed.png\",\"width\":436,\"height\":242,\"caption\":\"Aparafusadora de velocidade \u00fanica Jgun - Hytorc\"},{\"@type\":\"BreadcrumbList\",\"@id\":\"https:\\\/\\\/www.hytorcatlantique.fr\\\/pt-ao\\\/chaves-de-fendas-de-torque\\\/jgun-velocidade-unica\\\/#breadcrumb\",\"itemListElement\":[{\"@type\":\"ListItem\",\"position\":1,\"name\":\"In\u00edcio\",\"item\":\"https:\\\/\\\/www.hytorcatlantique.fr\\\/pt-ao\\\/\"},{\"@type\":\"ListItem\",\"position\":2,\"name\":\"Chaves de fendas de torque\",\"item\":\"https:\\\/\\\/www.hytorcatlantique.fr\\\/pt-ao\\\/visseuses-dynamometriques\\\/\"},{\"@type\":\"ListItem\",\"position\":3,\"name\":\"Jgun Velocidade \u00fanica\"}]},{\"@type\":\"WebSite\",\"@id\":\"https:\\\/\\\/www.hytorcatlantique.fr\\\/pt-ao\\\/#website\",\"url\":\"https:\\\/\\\/www.hytorcatlantique.fr\\\/pt-ao\\\/\",\"name\":\"Hytorc Fran\u00e7a\",\"description\":\"Solu\u00e7\u00e3o para aplica\u00e7\u00e3o de fixa\u00e7\u00e3o\",\"publisher\":{\"@id\":\"https:\\\/\\\/www.hytorcatlantique.fr\\\/pt-ao\\\/#organization\"},\"potentialAction\":[{\"@type\":\"SearchAction\",\"target\":{\"@type\":\"EntryPoint\",\"urlTemplate\":\"https:\\\/\\\/www.hytorcatlantique.fr\\\/pt-ao\\\/?s={search_term_string}\"},\"query-input\":{\"@type\":\"PropertyValueSpecification\",\"valueRequired\":true,\"valueName\":\"search_term_string\"}}],\"inLanguage\":\"pt-AO\"},{\"@type\":\"Organization\",\"@id\":\"https:\\\/\\\/www.hytorcatlantique.fr\\\/pt-ao\\\/#organization\",\"name\":\"Hytorc Fran\u00e7a\",\"url\":\"https:\\\/\\\/www.hytorcatlantique.fr\\\/pt-ao\\\/\",\"logo\":{\"@type\":\"ImageObject\",\"inLanguage\":\"pt-AO\",\"@id\":\"https:\\\/\\\/www.hytorcatlantique.fr\\\/pt-ao\\\/#\\\/schema\\\/logo\\\/image\\\/\",\"url\":\"https:\\\/\\\/www.hytorcatlantique.fr\\\/wp-content\\\/uploads\\\/2019\\\/07\\\/logo-hytorc.png\",\"contentUrl\":\"https:\\\/\\\/www.hytorcatlantique.fr\\\/wp-content\\\/uploads\\\/2019\\\/07\\\/logo-hytorc.png\",\"width\":239,\"height\":57,\"caption\":\"Hytorc Fran\u00e7a\"},\"image\":{\"@id\":\"https:\\\/\\\/www.hytorcatlantique.fr\\\/pt-ao\\\/#\\\/schema\\\/logo\\\/image\\\/\"},\"sameAs\":[\"https:\\\/\\\/www.facebook.com\\\/HytorcATLANTIQUE\",\"https:\\\/\\\/www.linkedin.com\\\/company\\\/hytorc-atlantique\\\/about\\\/\",\"https:\\\/\\\/www.youtube.com\\\/user\\\/HytorcAtlantique\"]}]}<\/script>\n<!-- \/ Yoast SEO plugin. -->","yoast_head_json":{"title":"Aparafusadora pneum\u00e1tica JGUN SINGLE SPEED - HYTORC Fran\u00e7a","description":"Descubra a nossa gama de aparafusadoras de torque pneum\u00e1ticas JGUN SINGLE SPEED. Ferramenta de aperto de 65 Nm a 10.700 Nm.","robots":{"index":"index","follow":"follow","max-snippet":"max-snippet:-1","max-image-preview":"max-image-preview:large","max-video-preview":"max-video-preview:-1"},"canonical":"https:\/\/www.hytorcatlantique.fr\/pt-ao\/chaves-de-fendas-de-torque\/jgun-velocidade-unica\/","og_locale":"pt_PT","og_type":"article","og_title":"Aparafusadora pneum\u00e1tica JGUN SINGLE SPEED - HYTORC Fran\u00e7a","og_description":"Descubra a nossa gama de aparafusadoras de torque pneum\u00e1ticas JGUN SINGLE SPEED. Ferramenta de aperto de 65 Nm a 10.700 Nm.","og_url":"https:\/\/www.hytorcatlantique.fr\/pt-ao\/chaves-de-fendas-de-torque\/jgun-velocidade-unica\/","og_site_name":"Hytorc Fran\u00e7a","article_publisher":"https:\/\/www.facebook.com\/HytorcATLANTIQUE","article_modified_time":"2023-07-03T08:12:06+00:00","og_image":[{"width":436,"height":242,"url":"https:\/\/www.hytorcatlantique.fr\/wp-content\/uploads\/2019\/10\/visseuse-jgun-single-speed.png","type":"image\/png"}],"twitter_card":"summary_large_image","schema":{"@context":"https:\/\/schema.org","@graph":[{"@type":"WebPage","@id":"https:\/\/www.hytorcatlantique.fr\/pt-ao\/chaves-de-fendas-de-torque\/jgun-velocidade-unica\/","url":"https:\/\/www.hytorcatlantique.fr\/pt-ao\/chaves-de-fendas-de-torque\/jgun-velocidade-unica\/","name":"Aparafusadora pneum\u00e1tica JGUN SINGLE SPEED - HYTORC Fran\u00e7a","isPartOf":{"@id":"https:\/\/www.hytorcatlantique.fr\/pt-ao\/#website"},"primaryImageOfPage":{"@id":"https:\/\/www.hytorcatlantique.fr\/pt-ao\/chaves-de-fendas-de-torque\/jgun-velocidade-unica\/#primaryimage"},"image":{"@id":"https:\/\/www.hytorcatlantique.fr\/pt-ao\/chaves-de-fendas-de-torque\/jgun-velocidade-unica\/#primaryimage"},"thumbnailUrl":"https:\/\/www.hytorcatlantique.fr\/wp-content\/uploads\/2019\/10\/visseuse-jgun-single-speed.png","datePublished":"2019-10-15T15:20:39+00:00","dateModified":"2023-07-03T08:12:06+00:00","description":"Descubra a nossa gama de aparafusadoras de torque pneum\u00e1ticas JGUN SINGLE SPEED. Ferramenta de aperto de 65 Nm a 10.700 Nm.","breadcrumb":{"@id":"https:\/\/www.hytorcatlantique.fr\/pt-ao\/chaves-de-fendas-de-torque\/jgun-velocidade-unica\/#breadcrumb"},"inLanguage":"pt-AO","potentialAction":[{"@type":"ReadAction","target":["https:\/\/www.hytorcatlantique.fr\/pt-ao\/chaves-de-fendas-de-torque\/jgun-velocidade-unica\/"]}]},{"@type":"ImageObject","inLanguage":"pt-AO","@id":"https:\/\/www.hytorcatlantique.fr\/pt-ao\/chaves-de-fendas-de-torque\/jgun-velocidade-unica\/#primaryimage","url":"https:\/\/www.hytorcatlantique.fr\/wp-content\/uploads\/2019\/10\/visseuse-jgun-single-speed.png","contentUrl":"https:\/\/www.hytorcatlantique.fr\/wp-content\/uploads\/2019\/10\/visseuse-jgun-single-speed.png","width":436,"height":242,"caption":"Aparafusadora de velocidade \u00fanica Jgun - Hytorc"},{"@type":"BreadcrumbList","@id":"https:\/\/www.hytorcatlantique.fr\/pt-ao\/chaves-de-fendas-de-torque\/jgun-velocidade-unica\/#breadcrumb","itemListElement":[{"@type":"ListItem","position":1,"name":"In\u00edcio","item":"https:\/\/www.hytorcatlantique.fr\/pt-ao\/"},{"@type":"ListItem","position":2,"name":"Chaves de fendas de torque","item":"https:\/\/www.hytorcatlantique.fr\/pt-ao\/visseuses-dynamometriques\/"},{"@type":"ListItem","position":3,"name":"Jgun Velocidade \u00fanica"}]},{"@type":"WebSite","@id":"https:\/\/www.hytorcatlantique.fr\/pt-ao\/#website","url":"https:\/\/www.hytorcatlantique.fr\/pt-ao\/","name":"Hytorc Fran\u00e7a","description":"Solu\u00e7\u00e3o para aplica\u00e7\u00e3o de fixa\u00e7\u00e3o","publisher":{"@id":"https:\/\/www.hytorcatlantique.fr\/pt-ao\/#organization"},"potentialAction":[{"@type":"SearchAction","target":{"@type":"EntryPoint","urlTemplate":"https:\/\/www.hytorcatlantique.fr\/pt-ao\/?s={search_term_string}"},"query-input":{"@type":"PropertyValueSpecification","valueRequired":true,"valueName":"search_term_string"}}],"inLanguage":"pt-AO"},{"@type":"Organization","@id":"https:\/\/www.hytorcatlantique.fr\/pt-ao\/#organization","name":"Hytorc Fran\u00e7a","url":"https:\/\/www.hytorcatlantique.fr\/pt-ao\/","logo":{"@type":"ImageObject","inLanguage":"pt-AO","@id":"https:\/\/www.hytorcatlantique.fr\/pt-ao\/#\/schema\/logo\/image\/","url":"https:\/\/www.hytorcatlantique.fr\/wp-content\/uploads\/2019\/07\/logo-hytorc.png","contentUrl":"https:\/\/www.hytorcatlantique.fr\/wp-content\/uploads\/2019\/07\/logo-hytorc.png","width":239,"height":57,"caption":"Hytorc Fran\u00e7a"},"image":{"@id":"https:\/\/www.hytorcatlantique.fr\/pt-ao\/#\/schema\/logo\/image\/"},"sameAs":["https:\/\/www.facebook.com\/HytorcATLANTIQUE","https:\/\/www.linkedin.com\/company\/hytorc-atlantique\/about\/","https:\/\/www.youtube.com\/user\/HytorcAtlantique"]}]}},"_links":{"self":[{"href":"https:\/\/www.hytorcatlantique.fr\/pt-ao\/wp-json\/wp\/v2\/pages\/14102","targetHints":{"allow":["GET"]}}],"collection":[{"href":"https:\/\/www.hytorcatlantique.fr\/pt-ao\/wp-json\/wp\/v2\/pages"}],"about":[{"href":"https:\/\/www.hytorcatlantique.fr\/pt-ao\/wp-json\/wp\/v2\/types\/page"}],"author":[{"embeddable":true,"href":"https:\/\/www.hytorcatlantique.fr\/pt-ao\/wp-json\/wp\/v2\/users\/1"}],"replies":[{"embeddable":true,"href":"https:\/\/www.hytorcatlantique.fr\/pt-ao\/wp-json\/wp\/v2\/comments?post=14102"}],"version-history":[{"count":1,"href":"https:\/\/www.hytorcatlantique.fr\/pt-ao\/wp-json\/wp\/v2\/pages\/14102\/revisions"}],"predecessor-version":[{"id":14103,"href":"https:\/\/www.hytorcatlantique.fr\/pt-ao\/wp-json\/wp\/v2\/pages\/14102\/revisions\/14103"}],"up":[{"embeddable":true,"href":"https:\/\/www.hytorcatlantique.fr\/pt-ao\/wp-json\/wp\/v2\/pages\/14054"}],"wp:featuredmedia":[{"embeddable":true,"href":"https:\/\/www.hytorcatlantique.fr\/pt-ao\/wp-json\/wp\/v2\/media\/12270"}],"wp:attachment":[{"href":"https:\/\/www.hytorcatlantique.fr\/pt-ao\/wp-json\/wp\/v2\/media?parent=14102"}],"wp:term":[{"taxonomy":"pompe-hydraulique","embeddable":true,"href":"https:\/\/www.hytorcatlantique.fr\/pt-ao\/wp-json\/wp\/v2\/pompe-hydraulique?post=14102"}],"curies":[{"name":"wp","href":"https:\/\/api.w.org\/{rel}","templated":true}]}}