{"id":14138,"date":"2019-07-08T15:13:47","date_gmt":"2019-07-08T15:13:47","guid":{"rendered":"https:\/\/www.hytorcatlantique.fr\/politica-de-privacidade\/"},"modified":"2023-07-03T08:14:05","modified_gmt":"2023-07-03T08:14:05","slug":"politica-de-privacidade","status":"publish","type":"page","link":"https:\/\/www.hytorcatlantique.fr\/pt-ao\/politica-de-privacidade\/","title":{"rendered":"Pol\u00edtica de privacidade"},"content":{"rendered":"<h1>Pol\u00edtica de privacidade (norma RGPD)<\/h1>\n<p><strong>Seguran\u00e7a e protec\u00e7\u00e3o dos dados pessoais<\/strong><\/p>\n<p><strong>Desenhe a sua privacidade<\/strong><\/p>\n<h2>Avisos<\/h2>\n<p>Esta ferramenta est\u00e1 \u00e0 sua disposi\u00e7\u00e3o gratuitamente. A ferramenta baseia-se nas informa\u00e7\u00f5es da an\u00e1lise profissional da empresa sobre o cumprimento do RGPD. No entanto, como a conformidade \u00e9 um processo din\u00e2mico e cada situa\u00e7\u00e3o \u00e9 \u00fanica, as informa\u00e7\u00f5es fornecidas devem ser adaptadas e n\u00e3o podem, de forma alguma, ser consideradas exaustivas ou exactas.<\/p>\n<p>A menos que solicite uma revis\u00e3o e valida\u00e7\u00e3o pelo Gabinete, o documento gerado \u00e9 considerado uma mera informa\u00e7\u00e3o. Consequentemente, o utilizador \u00e9 o \u00fanico respons\u00e1vel pela interpreta\u00e7\u00e3o das informa\u00e7\u00f5es fornecidas, pelos conselhos que delas retira e pelas adapta\u00e7\u00f5es feitas \u00e0 sua pr\u00f3pria actividade comercial. A utiliza\u00e7\u00e3o e o funcionamento da ferramenta s\u00e3o, por conseguinte, da sua exclusiva responsabilidade e por sua conta e risco.<\/p>\n<h2>Defini\u00e7\u00f5es :<\/h2>\n<p><strong>O editor <\/strong>: A pessoa, singular ou colectiva, que publica os servi\u00e7os de comunica\u00e7\u00e3o p\u00fablica em linha.<\/p>\n<p><strong>O S\u00edtio <\/strong>: Todos os s\u00edtios Web, p\u00e1ginas Web e servi\u00e7os em linha oferecidos pelo Editor.<\/p>\n<p><strong>O Utilizador <\/strong>: A pessoa que utiliza o S\u00edtio e os servi\u00e7os.<\/p>\n<h3>Natureza dos dados recolhidos<\/h3>\n<p><strong>No decurso da utiliza\u00e7\u00e3o dos Sites, o Editor pode recolher as seguintes categorias de dados <\/strong><strong>sobre os seus Utilizadores:<\/strong><\/p>\n<p>Dados do estado civil, dados de identidade, dados de identifica\u00e7\u00e3o&#8230;<\/p>\n<h3>Divulga\u00e7\u00e3o de dados pessoais a terceiros<\/h3>\n<p><strong>N\u00e3o divulga\u00e7\u00e3o a terceiros<\/strong><\/p>\n<p>Os seus dados n\u00e3o ser\u00e3o divulgados a terceiros. No entanto, o utilizador \u00e9 informado de que pode ser divulgado nos termos de uma lei, regulamento ou decis\u00e3o de uma autoridade reguladora ou judicial competente.<\/p>\n<h3>Informa\u00e7\u00e3o pr\u00e9via para a divulga\u00e7\u00e3o de dados pessoais a terceiros em caso de fus\u00e3o\/absor\u00e7\u00e3o<\/h3>\n<p><strong>Recolha de consentimento pr\u00e9vio \u00e0 transmiss\u00e3o de dados na sequ\u00eancia de uma fus\u00e3o \/<\/strong><\/p>\n<p><strong>aquisi\u00e7\u00e3o<\/strong><\/p>\n<p>Na eventualidade de nos envolvermos numa fus\u00e3o, aquisi\u00e7\u00e3o ou outra forma de transfer\u00eancia de activos, obteremos o seu consentimento pr\u00e9vio para a transfer\u00eancia dos seus dados pessoais e manteremos o n\u00edvel de confidencialidade dos seus dados pessoais para o qual deu o seu consentimento.<\/p>\n<h3>Objectivo da reutiliza\u00e7\u00e3o dos dados pessoais recolhidos<\/h3>\n<p><strong>Efectuar opera\u00e7\u00f5es de gest\u00e3o de clientes relativas a<\/strong><\/p>\n<ul>\n<li>contratos; encomendas; entregas; facturas; contabilidade e, nomeadamente, gest\u00e3o de contas a receber<\/li>\n<li>um programa de fideliza\u00e7\u00e3o no \u00e2mbito de uma entidade ou entidades jur\u00eddicas;<\/li>\n<li>acompanhamento das rela\u00e7\u00f5es com os clientes, tais como inqu\u00e9ritos de satisfa\u00e7\u00e3o, gest\u00e3o de reclama\u00e7\u00f5es e servi\u00e7o p\u00f3s-venda<\/li>\n<li>a selec\u00e7\u00e3o de clientes para a realiza\u00e7\u00e3o de estudos, inqu\u00e9ritos e testes de produtos (excepto com o consentimento das pessoas em causa obtido nas condi\u00e7\u00f5es previstas no artigo 6\u00ba, estas opera\u00e7\u00f5es n\u00e3o devem conduzir ao estabelecimento de perfis suscept\u00edveis de revelar dados sens\u00edveis &#8211; origem racial ou \u00e9tnica, opini\u00f5es filos\u00f3ficas, pol\u00edticas, sindicais ou religiosas, vida sexual ou sa\u00fade das pessoas)<\/li>\n<\/ul>\n<h3>Realiza\u00e7\u00e3o de opera\u00e7\u00f5es de prospec\u00e7\u00e3o<\/h3>\n<ul>\n<li>gest\u00e3o das opera\u00e7\u00f5es t\u00e9cnicas de recolha de dados (incluindo opera\u00e7\u00f5es t\u00e9cnicas como a normaliza\u00e7\u00e3o, o enriquecimento e a elimina\u00e7\u00e3o de duplica\u00e7\u00f5es)<\/li>\n<li>selec\u00e7\u00e3o de pessoas para a realiza\u00e7\u00e3o de ac\u00e7\u00f5es de fideliza\u00e7\u00e3o, prospec\u00e7\u00e3o, inqu\u00e9ritos, testes de produtos e actividades promocionais. Excepto com o consentimento das pessoas em causa, obtido nas condi\u00e7\u00f5es previstas no artigo 6\u00ba, estas opera\u00e7\u00f5es n\u00e3o devem conduzir ao estabelecimento de perfis suscept\u00edveis de revelar dados sens\u00edveis (origem racial ou \u00e9tnica, opini\u00f5es filos\u00f3ficas, pol\u00edticas, sindicais ou religiosas, vida sexual ou sa\u00fade das pessoas)<\/li>\n<li>realiza\u00e7\u00e3o de opera\u00e7\u00f5es de solicita\u00e7\u00e3o<\/li>\n<\/ul>\n<h3>Agrega\u00e7\u00e3o de dados<\/h3>\n<p><strong>Agrega\u00e7\u00e3o com dados n\u00e3o pessoais<\/strong><\/p>\n<p>Podemos publicar, divulgar e utilizar Informa\u00e7\u00f5es Agregadas (informa\u00e7\u00f5es sobre todos os nossos Utilizadores ou grupos ou categorias espec\u00edficas de Utilizadores que combinamos de modo a que um Utilizador individual n\u00e3o possa ser identificado ou referido) e Informa\u00e7\u00f5es N\u00e3o Pessoais para an\u00e1lise da ind\u00fastria e do mercado, perfis demogr\u00e1ficos, fins promocionais e publicit\u00e1rios e outros fins comerciais.<\/p>\n<p><strong>Agrega\u00e7\u00e3o com dados pessoais dispon\u00edveis nas contas sociais do Utilizador<\/strong><\/p>\n<p>Se ligar a sua conta \u00e0 conta de outro servi\u00e7o para efeitos de correio cruzado, esse servi\u00e7o pode partilhar as suas informa\u00e7\u00f5es de perfil, informa\u00e7\u00f5es de in\u00edcio de sess\u00e3o e quaisquer outras informa\u00e7\u00f5es que tenha autorizado a serem partilhadas. Podemos agregar informa\u00e7\u00f5es sobre todos os nossos outros<\/p>\n<p>Utilizadores, grupos, contas, aos dados pessoais dispon\u00edveis sobre o Utilizador.<\/p>\n<h3>Recolha de dados de identidade<\/h3>\n<p><strong>Consulta gratuita<\/strong><\/p>\n<p>A consulta do s\u00edtio n\u00e3o exige registo nem identifica\u00e7\u00e3o pr\u00e9via. Isto pode ser feito sem que o utilizador forne\u00e7a quaisquer dados pessoais sobre si (nome, apelido, morada, etc.). N\u00e3o registamos quaisquer dados pessoais apenas para efeitos de consulta do S\u00edtio.<\/p>\n<h3>Recolha de dados de identifica\u00e7\u00e3o<\/h3>\n<p><strong>Utiliza\u00e7\u00e3o do ID de utilizador apenas para acesso aos servi\u00e7os<\/strong><\/p>\n<p>Utilizamos os seus identificadores electr\u00f3nicos apenas para e durante a execu\u00e7\u00e3o do contrato.<\/p>\n<h3>Recolha de dados terminais<\/h3>\n<p><strong>N\u00e3o h\u00e1 recolha de dados t\u00e9cnicos<\/strong><\/p>\n<p>N\u00e3o recolhemos nem armazenamos quaisquer dados t\u00e9cnicos do seu dispositivo (endere\u00e7o IP, fornecedor de servi\u00e7os Internet, etc.).<\/p>\n<h3>Biscoitos<\/h3>\n<p><strong>Tempo de reten\u00e7\u00e3o dos cookies<\/strong><\/p>\n<p>De acordo com as recomenda\u00e7\u00f5es da CNIL, a dura\u00e7\u00e3o m\u00e1xima de conserva\u00e7\u00e3o dos cookies \u00e9 de 13 meses ap\u00f3s o seu primeiro dep\u00f3sito no terminal do Utilizador, tal como a dura\u00e7\u00e3o da validade do consentimento do Utilizador para a utiliza\u00e7\u00e3o destes cookies. O tempo de vida dos cookies n\u00e3o \u00e9 prolongado em cada visita. O consentimento do Utilizador deve, por conseguinte, ser renovado no final deste per\u00edodo.<\/p>\n<p><strong>Objectivo dos cookies<\/strong><\/p>\n<p>Os cookies podem ser utilizados para fins estat\u00edsticos, nomeadamente para optimizar os servi\u00e7os prestados ao Utilizador, com base no tratamento de informa\u00e7\u00f5es relativas \u00e0 frequ\u00eancia de acesso, \u00e0 personaliza\u00e7\u00e3o das p\u00e1ginas e \u00e0s opera\u00e7\u00f5es efectuadas e informa\u00e7\u00f5es consultadas. O utilizador \u00e9 informado de que o editor pode colocar cookies no seu terminal. O cookie regista informa\u00e7\u00f5es relativas \u00e0 navega\u00e7\u00e3o no servi\u00e7o (as p\u00e1ginas que consultou, a data e a hora da consulta, etc.) que podemos ler nas suas visitas posteriores.<\/p>\n<h3>Direito do utilizador a recusar cookies<\/h3>\n<p>O utilizador reconhece que foi informado de que o Editor pode utilizar cookies. Se n\u00e3o quiser que os cookies sejam utilizados no seu terminal, a maioria dos browsers permite-lhe desactivar os cookies atrav\u00e9s das op\u00e7\u00f5es de configura\u00e7\u00e3o.<\/p>\n<h2>Conserva\u00e7\u00e3o dos dados t\u00e9cnicos<\/h2>\n<p><strong>Dura\u00e7\u00e3o da conserva\u00e7\u00e3o dos dados t\u00e9cnicos<\/strong><\/p>\n<p>Os dados t\u00e9cnicos s\u00e3o conservados durante o tempo estritamente necess\u00e1rio para atingir os objectivos acima referidos.<\/p>\n<h3>Per\u00edodo de conserva\u00e7\u00e3o dos dados pessoais e anonimiza\u00e7\u00e3o<\/h3>\n<p><strong>Conserva\u00e7\u00e3o dos dados durante a vig\u00eancia da rela\u00e7\u00e3o contratual<\/strong><\/p>\n<p>De acordo com o artigo 6-5\u00b0 da lei n\u00b078-17 de 6 de Janeiro de 1978 relativa ao tratamento de dados, ficheiros e liberdades, os dados pessoais sujeitos a tratamento n\u00e3o s\u00e3o conservados para al\u00e9m do tempo necess\u00e1rio para a execu\u00e7\u00e3o das obriga\u00e7\u00f5es definidas no momento da celebra\u00e7\u00e3o do contrato ou da dura\u00e7\u00e3o predefinida da rela\u00e7\u00e3o contratual.<\/p>\n<p><strong>Conserva\u00e7\u00e3o de dados an\u00f3nimos para al\u00e9m da rela\u00e7\u00e3o contratual \/ ap\u00f3s a elimina\u00e7\u00e3o da <\/strong><strong>conta<\/strong><\/p>\n<p>Conservamos os dados pessoais durante o tempo estritamente necess\u00e1rio para cumprir os objectivos descritos nas presentes C&amp;C. Ap\u00f3s este per\u00edodo, os dados ser\u00e3o anonimizados e conservados apenas para fins estat\u00edsticos e n\u00e3o ser\u00e3o utilizados de forma alguma.<\/p>\n<p><strong>Elimina\u00e7\u00e3o de dados ap\u00f3s a elimina\u00e7\u00e3o da conta<\/strong><\/p>\n<p>S\u00e3o criados meios de purga de dados para permitir a elimina\u00e7\u00e3o efectiva dos dados uma vez atingido o per\u00edodo de conserva\u00e7\u00e3o ou arquivo necess\u00e1rio para o cumprimento das finalidades determinadas ou impostas. De acordo com a lei francesa n\u00b078-17 de 6 de Janeiro de 1978 sobre o tratamento de dados, ficheiros de dados e liberdades individuais, tem o direito de apagar os seus dados a qualquer momento, contactando a Editora.<\/p>\n<p><strong>Elimina\u00e7\u00e3o de dados ap\u00f3s 3 anos de inactividade<\/strong><\/p>\n<p>Por raz\u00f5es de seguran\u00e7a, se o utilizador n\u00e3o tiver iniciado sess\u00e3o no s\u00edtio durante um per\u00edodo de tr\u00eas anos, receber\u00e1 uma mensagem de correio electr\u00f3nico a convid\u00e1-lo a iniciar sess\u00e3o o mais rapidamente poss\u00edvel, caso contr\u00e1rio os seus dados ser\u00e3o eliminados das nossas bases de dados.<\/p>\n<h3><strong>Eliminar a conta<\/strong><\/h3>\n<p><strong>Supress\u00e3o da conta a pedido<\/strong><\/p>\n<p>O Utilizador pode eliminar a sua Conta a qualquer momento, atrav\u00e9s de um simples pedido ao Editor OU atrav\u00e9s do menu de elimina\u00e7\u00e3o da Conta nas defini\u00e7\u00f5es da Conta, se aplic\u00e1vel.<\/p>\n<p><strong>Elimina\u00e7\u00e3o da conta em caso de viola\u00e7\u00e3o das TOS<\/strong><\/p>\n<p>Em caso de viola\u00e7\u00e3o de qualquer disposi\u00e7\u00e3o dos Termos de Servi\u00e7o ou de qualquer outro documento aqui incorporado por refer\u00eancia, o Editor reserva-se o direito de terminar ou restringir, sem aviso pr\u00e9vio e \u00e0 sua inteira discri\u00e7\u00e3o, a sua utiliza\u00e7\u00e3o e acesso aos servi\u00e7os, \u00e0 sua conta e a todos os Sites.<\/p>\n<h3>Indica\u00e7\u00f5es em caso de viola\u00e7\u00e3o da seguran\u00e7a detectada pelo editor<\/h3>\n<p><strong>Informar o utilizador em caso de viola\u00e7\u00e3o da seguran\u00e7a<\/strong><\/p>\n<p>Comprometemo-nos a aplicar todas as medidas t\u00e9cnicas e organizativas adequadas para garantir um n\u00edvel de seguran\u00e7a adequado aos riscos de acesso acidental, n\u00e3o autorizado ou ilegal, divulga\u00e7\u00e3o, altera\u00e7\u00e3o, perda ou destrui\u00e7\u00e3o dos seus dados pessoais.<\/p>\n<p>Se tivermos conhecimento de um acesso ilegal aos seus dados pessoais armazenados nos nossos servidores ou nos dos nossos prestadores de servi\u00e7os, ou de um acesso n\u00e3o autorizado que resulte nos riscos acima identificados, procederemos da seguinte forma<\/p>\n<ul>\n<li>Notific\u00e1-lo do incidente o mais rapidamente poss\u00edvel;<\/li>\n<li>Examinar as causas do incidente e inform\u00e1-lo;<\/li>\n<li>Tomar as medidas necess\u00e1rias, dentro do razo\u00e1vel, para atenuar os efeitos negativos e os danos que possam resultar do incidente<\/li>\n<\/ul>\n<p><strong>Limita\u00e7\u00e3o da responsabilidade<\/strong><\/p>\n<p>Os compromissos assumidos no ponto anterior, relativos \u00e0 notifica\u00e7\u00e3o em caso de viola\u00e7\u00e3o da seguran\u00e7a, n\u00e3o podem, em caso algum, ser interpretados como uma admiss\u00e3o de culpa ou de responsabilidade pela ocorr\u00eancia do incidente em causa.<\/p>\n<h2>Transfer\u00eancia de dados pessoais para o estrangeiro<\/h2>\n<p><strong>N\u00e3o h\u00e1 transfer\u00eancia para fora da Uni\u00e3o Europeia<\/strong><\/p>\n<p>O Editor compromete-se a n\u00e3o transferir os dados pessoais dos seus Utilizadores para fora da Uni\u00e3o Europeia.<\/p>\n<h2>Altera\u00e7\u00f5es aos T&amp;C e \u00e0 Pol\u00edtica de Privacidade<\/h2>\n<p><strong>Em caso de altera\u00e7\u00e3o das presentes CGU, um compromisso de n\u00e3o reduzir substancialmente o n\u00edvel de confidencialidade <\/strong><strong>sem informa\u00e7\u00e3o pr\u00e9via das pessoas em causa<\/strong><\/p>\n<p>Comprometemo-nos a inform\u00e1-lo em caso de altera\u00e7\u00f5es substanciais \u00e0s presentes C&amp;C e a n\u00e3o reduzir substancialmente o n\u00edvel de confidencialidade dos seus dados sem o informar e obter o seu consentimento.<\/p>\n<h3><strong>Direito aplic\u00e1vel e vias de recurso<\/strong><\/h3>\n<p><strong>Cl\u00e1usula de arbitragem<\/strong><\/p>\n<p>O utilizador concorda expressamente que qualquer lit\u00edgio que possa surgir em resultado das presentes CGU, incluindo a sua interpreta\u00e7\u00e3o ou desempenho, ser\u00e1 submetido a arbitragem sujeita \u00e0s regras da plataforma de arbitragem mutuamente acordada, \u00e0 qual o utilizador dever\u00e1 aderir sem reservas.<\/p>\n<h2>Portabilidade dos dados<\/h2>\n<p><strong>Portabilidade dos dados<\/strong><\/p>\n<p>O editor compromete-se a oferecer-lhe a possibilidade de obter a devolu\u00e7\u00e3o de todos os seus dados mediante pedido. O Utilizador tem assim a garantia de um melhor controlo dos seus dados e mant\u00e9m a possibilidade de os reutilizar. Estes dados devem ser fornecidos num formato aberto e facilmente reutiliz\u00e1vel.<\/p>\n","protected":false},"excerpt":{"rendered":"<p>Pol\u00edtica de privacidade (norma RGPD) Seguran\u00e7a e protec\u00e7\u00e3o dos dados pessoais Desenhe a sua privacidade Avisos Esta ferramenta est\u00e1 \u00e0 sua disposi\u00e7\u00e3o gratuitamente. A ferramenta baseia-se nas informa\u00e7\u00f5es da an\u00e1lise profissional da empresa sobre o cumprimento do RGPD. No entanto, como a conformidade \u00e9 um processo din\u00e2mico e cada situa\u00e7\u00e3o \u00e9 \u00fanica, as informa\u00e7\u00f5es fornecidas [&hellip;]<\/p>\n","protected":false},"author":1,"featured_media":0,"parent":0,"menu_order":0,"comment_status":"closed","ping_status":"closed","template":"templates\/metions.php","meta":{"_acf_changed":false,"footnotes":""},"pompe-hydraulique":[],"class_list":["post-14138","page","type-page","status-publish","hentry"],"acf":[],"yoast_head":"<!-- This site is optimized with the Yoast SEO plugin v27.4 - https:\/\/yoast.com\/product\/yoast-seo-wordpress\/ -->\n<title>Pol\u00edtica de privacidade - Hytorc Fran\u00e7a<\/title>\n<meta name=\"robots\" content=\"noindex, nofollow\" \/>\n<meta property=\"og:locale\" content=\"pt_PT\" \/>\n<meta property=\"og:type\" content=\"article\" \/>\n<meta property=\"og:title\" content=\"Pol\u00edtica de privacidade - Hytorc Fran\u00e7a\" \/>\n<meta property=\"og:description\" content=\"Pol\u00edtica de privacidade (norma RGPD) Seguran\u00e7a e protec\u00e7\u00e3o dos dados pessoais Desenhe a sua privacidade Avisos Esta ferramenta est\u00e1 \u00e0 sua disposi\u00e7\u00e3o gratuitamente. A ferramenta baseia-se nas informa\u00e7\u00f5es da an\u00e1lise profissional da empresa sobre o cumprimento do RGPD. No entanto, como a conformidade \u00e9 um processo din\u00e2mico e cada situa\u00e7\u00e3o \u00e9 \u00fanica, as informa\u00e7\u00f5es fornecidas [&hellip;]\" \/>\n<meta property=\"og:url\" content=\"https:\/\/www.hytorcatlantique.fr\/pt-ao\/politica-de-privacidade\/\" \/>\n<meta property=\"og:site_name\" content=\"Hytorc Fran\u00e7a\" \/>\n<meta property=\"article:publisher\" content=\"https:\/\/www.facebook.com\/HytorcATLANTIQUE\" \/>\n<meta property=\"article:modified_time\" content=\"2023-07-03T08:14:05+00:00\" \/>\n<meta name=\"twitter:card\" content=\"summary_large_image\" \/>\n<meta name=\"twitter:label1\" content=\"Est. reading time\" \/>\n\t<meta name=\"twitter:data1\" content=\"10 minutos\" \/>\n<script type=\"application\/ld+json\" class=\"yoast-schema-graph\">{\"@context\":\"https:\\\/\\\/schema.org\",\"@graph\":[{\"@type\":\"WebPage\",\"@id\":\"https:\\\/\\\/www.hytorcatlantique.fr\\\/pt-ao\\\/politica-de-privacidade\\\/\",\"url\":\"https:\\\/\\\/www.hytorcatlantique.fr\\\/pt-ao\\\/politica-de-privacidade\\\/\",\"name\":\"Pol\u00edtica de privacidade - Hytorc Fran\u00e7a\",\"isPartOf\":{\"@id\":\"https:\\\/\\\/www.hytorcatlantique.fr\\\/pt-ao\\\/#website\"},\"datePublished\":\"2019-07-08T15:13:47+00:00\",\"dateModified\":\"2023-07-03T08:14:05+00:00\",\"breadcrumb\":{\"@id\":\"https:\\\/\\\/www.hytorcatlantique.fr\\\/pt-ao\\\/politica-de-privacidade\\\/#breadcrumb\"},\"inLanguage\":\"pt-AO\",\"potentialAction\":[{\"@type\":\"ReadAction\",\"target\":[\"https:\\\/\\\/www.hytorcatlantique.fr\\\/pt-ao\\\/politica-de-privacidade\\\/\"]}]},{\"@type\":\"BreadcrumbList\",\"@id\":\"https:\\\/\\\/www.hytorcatlantique.fr\\\/pt-ao\\\/politica-de-privacidade\\\/#breadcrumb\",\"itemListElement\":[{\"@type\":\"ListItem\",\"position\":1,\"name\":\"In\u00edcio\",\"item\":\"https:\\\/\\\/www.hytorcatlantique.fr\\\/pt-ao\\\/\"},{\"@type\":\"ListItem\",\"position\":2,\"name\":\"Pol\u00edtica de privacidade\"}]},{\"@type\":\"WebSite\",\"@id\":\"https:\\\/\\\/www.hytorcatlantique.fr\\\/pt-ao\\\/#website\",\"url\":\"https:\\\/\\\/www.hytorcatlantique.fr\\\/pt-ao\\\/\",\"name\":\"Hytorc Fran\u00e7a\",\"description\":\"Solu\u00e7\u00e3o para aplica\u00e7\u00e3o de fixa\u00e7\u00e3o\",\"publisher\":{\"@id\":\"https:\\\/\\\/www.hytorcatlantique.fr\\\/pt-ao\\\/#organization\"},\"potentialAction\":[{\"@type\":\"SearchAction\",\"target\":{\"@type\":\"EntryPoint\",\"urlTemplate\":\"https:\\\/\\\/www.hytorcatlantique.fr\\\/pt-ao\\\/?s={search_term_string}\"},\"query-input\":{\"@type\":\"PropertyValueSpecification\",\"valueRequired\":true,\"valueName\":\"search_term_string\"}}],\"inLanguage\":\"pt-AO\"},{\"@type\":\"Organization\",\"@id\":\"https:\\\/\\\/www.hytorcatlantique.fr\\\/pt-ao\\\/#organization\",\"name\":\"Hytorc Fran\u00e7a\",\"url\":\"https:\\\/\\\/www.hytorcatlantique.fr\\\/pt-ao\\\/\",\"logo\":{\"@type\":\"ImageObject\",\"inLanguage\":\"pt-AO\",\"@id\":\"https:\\\/\\\/www.hytorcatlantique.fr\\\/pt-ao\\\/#\\\/schema\\\/logo\\\/image\\\/\",\"url\":\"https:\\\/\\\/www.hytorcatlantique.fr\\\/wp-content\\\/uploads\\\/2019\\\/07\\\/logo-hytorc.png\",\"contentUrl\":\"https:\\\/\\\/www.hytorcatlantique.fr\\\/wp-content\\\/uploads\\\/2019\\\/07\\\/logo-hytorc.png\",\"width\":239,\"height\":57,\"caption\":\"Hytorc Fran\u00e7a\"},\"image\":{\"@id\":\"https:\\\/\\\/www.hytorcatlantique.fr\\\/pt-ao\\\/#\\\/schema\\\/logo\\\/image\\\/\"},\"sameAs\":[\"https:\\\/\\\/www.facebook.com\\\/HytorcATLANTIQUE\",\"https:\\\/\\\/www.linkedin.com\\\/company\\\/hytorc-atlantique\\\/about\\\/\",\"https:\\\/\\\/www.youtube.com\\\/user\\\/HytorcAtlantique\"]}]}<\/script>\n<!-- \/ Yoast SEO plugin. -->","yoast_head_json":{"title":"Pol\u00edtica de privacidade - Hytorc Fran\u00e7a","robots":{"index":"noindex","follow":"nofollow"},"og_locale":"pt_PT","og_type":"article","og_title":"Pol\u00edtica de privacidade - Hytorc Fran\u00e7a","og_description":"Pol\u00edtica de privacidade (norma RGPD) Seguran\u00e7a e protec\u00e7\u00e3o dos dados pessoais Desenhe a sua privacidade Avisos Esta ferramenta est\u00e1 \u00e0 sua disposi\u00e7\u00e3o gratuitamente. A ferramenta baseia-se nas informa\u00e7\u00f5es da an\u00e1lise profissional da empresa sobre o cumprimento do RGPD. No entanto, como a conformidade \u00e9 um processo din\u00e2mico e cada situa\u00e7\u00e3o \u00e9 \u00fanica, as informa\u00e7\u00f5es fornecidas [&hellip;]","og_url":"https:\/\/www.hytorcatlantique.fr\/pt-ao\/politica-de-privacidade\/","og_site_name":"Hytorc Fran\u00e7a","article_publisher":"https:\/\/www.facebook.com\/HytorcATLANTIQUE","article_modified_time":"2023-07-03T08:14:05+00:00","twitter_card":"summary_large_image","twitter_misc":{"Est. reading time":"10 minutos"},"schema":{"@context":"https:\/\/schema.org","@graph":[{"@type":"WebPage","@id":"https:\/\/www.hytorcatlantique.fr\/pt-ao\/politica-de-privacidade\/","url":"https:\/\/www.hytorcatlantique.fr\/pt-ao\/politica-de-privacidade\/","name":"Pol\u00edtica de privacidade - Hytorc Fran\u00e7a","isPartOf":{"@id":"https:\/\/www.hytorcatlantique.fr\/pt-ao\/#website"},"datePublished":"2019-07-08T15:13:47+00:00","dateModified":"2023-07-03T08:14:05+00:00","breadcrumb":{"@id":"https:\/\/www.hytorcatlantique.fr\/pt-ao\/politica-de-privacidade\/#breadcrumb"},"inLanguage":"pt-AO","potentialAction":[{"@type":"ReadAction","target":["https:\/\/www.hytorcatlantique.fr\/pt-ao\/politica-de-privacidade\/"]}]},{"@type":"BreadcrumbList","@id":"https:\/\/www.hytorcatlantique.fr\/pt-ao\/politica-de-privacidade\/#breadcrumb","itemListElement":[{"@type":"ListItem","position":1,"name":"In\u00edcio","item":"https:\/\/www.hytorcatlantique.fr\/pt-ao\/"},{"@type":"ListItem","position":2,"name":"Pol\u00edtica de privacidade"}]},{"@type":"WebSite","@id":"https:\/\/www.hytorcatlantique.fr\/pt-ao\/#website","url":"https:\/\/www.hytorcatlantique.fr\/pt-ao\/","name":"Hytorc Fran\u00e7a","description":"Solu\u00e7\u00e3o para aplica\u00e7\u00e3o de fixa\u00e7\u00e3o","publisher":{"@id":"https:\/\/www.hytorcatlantique.fr\/pt-ao\/#organization"},"potentialAction":[{"@type":"SearchAction","target":{"@type":"EntryPoint","urlTemplate":"https:\/\/www.hytorcatlantique.fr\/pt-ao\/?s={search_term_string}"},"query-input":{"@type":"PropertyValueSpecification","valueRequired":true,"valueName":"search_term_string"}}],"inLanguage":"pt-AO"},{"@type":"Organization","@id":"https:\/\/www.hytorcatlantique.fr\/pt-ao\/#organization","name":"Hytorc Fran\u00e7a","url":"https:\/\/www.hytorcatlantique.fr\/pt-ao\/","logo":{"@type":"ImageObject","inLanguage":"pt-AO","@id":"https:\/\/www.hytorcatlantique.fr\/pt-ao\/#\/schema\/logo\/image\/","url":"https:\/\/www.hytorcatlantique.fr\/wp-content\/uploads\/2019\/07\/logo-hytorc.png","contentUrl":"https:\/\/www.hytorcatlantique.fr\/wp-content\/uploads\/2019\/07\/logo-hytorc.png","width":239,"height":57,"caption":"Hytorc Fran\u00e7a"},"image":{"@id":"https:\/\/www.hytorcatlantique.fr\/pt-ao\/#\/schema\/logo\/image\/"},"sameAs":["https:\/\/www.facebook.com\/HytorcATLANTIQUE","https:\/\/www.linkedin.com\/company\/hytorc-atlantique\/about\/","https:\/\/www.youtube.com\/user\/HytorcAtlantique"]}]}},"_links":{"self":[{"href":"https:\/\/www.hytorcatlantique.fr\/pt-ao\/wp-json\/wp\/v2\/pages\/14138","targetHints":{"allow":["GET"]}}],"collection":[{"href":"https:\/\/www.hytorcatlantique.fr\/pt-ao\/wp-json\/wp\/v2\/pages"}],"about":[{"href":"https:\/\/www.hytorcatlantique.fr\/pt-ao\/wp-json\/wp\/v2\/types\/page"}],"author":[{"embeddable":true,"href":"https:\/\/www.hytorcatlantique.fr\/pt-ao\/wp-json\/wp\/v2\/users\/1"}],"replies":[{"embeddable":true,"href":"https:\/\/www.hytorcatlantique.fr\/pt-ao\/wp-json\/wp\/v2\/comments?post=14138"}],"version-history":[{"count":1,"href":"https:\/\/www.hytorcatlantique.fr\/pt-ao\/wp-json\/wp\/v2\/pages\/14138\/revisions"}],"predecessor-version":[{"id":14139,"href":"https:\/\/www.hytorcatlantique.fr\/pt-ao\/wp-json\/wp\/v2\/pages\/14138\/revisions\/14139"}],"wp:attachment":[{"href":"https:\/\/www.hytorcatlantique.fr\/pt-ao\/wp-json\/wp\/v2\/media?parent=14138"}],"wp:term":[{"taxonomy":"pompe-hydraulique","embeddable":true,"href":"https:\/\/www.hytorcatlantique.fr\/pt-ao\/wp-json\/wp\/v2\/pompe-hydraulique?post=14138"}],"curies":[{"name":"wp","href":"https:\/\/api.w.org\/{rel}","templated":true}]}}