{"id":14335,"date":"2019-07-08T09:57:37","date_gmt":"2019-07-08T09:57:37","guid":{"rendered":"https:\/\/www.hytorcatlantique.fr\/inicio\/"},"modified":"2023-07-03T08:14:31","modified_gmt":"2023-07-03T08:14:31","slug":"inicio","status":"publish","type":"page","link":"https:\/\/www.hytorcatlantique.fr\/pt-ao\/","title":{"rendered":"In\u00edcio"},"content":{"rendered":"","protected":false},"excerpt":{"rendered":"","protected":false},"author":1,"featured_media":0,"parent":0,"menu_order":0,"comment_status":"closed","ping_status":"closed","template":"templates\/accueil.php","meta":{"_acf_changed":false,"footnotes":""},"pompe-hydraulique":[],"class_list":["post-14335","page","type-page","status-publish","hentry"],"acf":[],"yoast_head":"<!-- This site is optimized with the Yoast SEO plugin v27.4 - https:\/\/yoast.com\/product\/yoast-seo-wordpress\/ -->\n<title>HYTORC France : Chave dinamom\u00e9trica hidr\u00e1ulica para a ind\u00fastria<\/title>\n<meta name=\"description\" content=\"A HYTORC Fran\u00e7a \u00e9 o l\u00edder mundial em ferramentas de bin\u00e1rio profissionais: chaves dinamom\u00e9tricas hidr\u00e1ulicas, chaves de fendas dinamom\u00e9tricas, etc.\" \/>\n<meta name=\"robots\" content=\"index, follow, max-snippet:-1, max-image-preview:large, max-video-preview:-1\" \/>\n<link rel=\"canonical\" href=\"https:\/\/www.hytorcatlantique.fr\/pt-ao\/\" \/>\n<meta property=\"og:locale\" content=\"pt_PT\" \/>\n<meta property=\"og:type\" content=\"article\" \/>\n<meta property=\"og:title\" content=\"HYTORC France : Chave dinamom\u00e9trica hidr\u00e1ulica para a ind\u00fastria\" \/>\n<meta property=\"og:description\" content=\"A HYTORC Fran\u00e7a \u00e9 o l\u00edder mundial em ferramentas de bin\u00e1rio profissionais: chaves dinamom\u00e9tricas hidr\u00e1ulicas, chaves de fendas dinamom\u00e9tricas, etc.\" \/>\n<meta property=\"og:url\" content=\"https:\/\/www.hytorcatlantique.fr\/pt-ao\/\" \/>\n<meta property=\"og:site_name\" content=\"Hytorc Fran\u00e7a\" \/>\n<meta property=\"article:publisher\" content=\"https:\/\/www.facebook.com\/HytorcATLANTIQUE\" \/>\n<meta property=\"article:modified_time\" content=\"2023-07-03T08:14:31+00:00\" \/>\n<meta name=\"twitter:card\" content=\"summary_large_image\" \/>\n<script type=\"application\/ld+json\" class=\"yoast-schema-graph\">{\"@context\":\"https:\\\/\\\/schema.org\",\"@graph\":[{\"@type\":\"WebPage\",\"@id\":\"https:\\\/\\\/www.hytorcatlantique.fr\\\/pt-ao\\\/\",\"url\":\"https:\\\/\\\/www.hytorcatlantique.fr\\\/pt-ao\\\/\",\"name\":\"HYTORC France : Chave dinamom\u00e9trica hidr\u00e1ulica para a ind\u00fastria\",\"isPartOf\":{\"@id\":\"https:\\\/\\\/www.hytorcatlantique.fr\\\/pt-ao\\\/#website\"},\"datePublished\":\"2019-07-08T09:57:37+00:00\",\"dateModified\":\"2023-07-03T08:14:31+00:00\",\"description\":\"A HYTORC Fran\u00e7a \u00e9 o l\u00edder mundial em ferramentas de bin\u00e1rio profissionais: chaves dinamom\u00e9tricas hidr\u00e1ulicas, chaves de fendas dinamom\u00e9tricas, etc.\",\"breadcrumb\":{\"@id\":\"https:\\\/\\\/www.hytorcatlantique.fr\\\/pt-ao\\\/#breadcrumb\"},\"inLanguage\":\"pt-AO\",\"potentialAction\":[{\"@type\":\"ReadAction\",\"target\":[\"https:\\\/\\\/www.hytorcatlantique.fr\\\/pt-ao\\\/\"]}]},{\"@type\":\"BreadcrumbList\",\"@id\":\"https:\\\/\\\/www.hytorcatlantique.fr\\\/pt-ao\\\/#breadcrumb\",\"itemListElement\":[{\"@type\":\"ListItem\",\"position\":1,\"name\":\"In\u00edcio\",\"item\":\"https:\\\/\\\/www.hytorcatlantique.fr\\\/pt-ao\\\/\"},{\"@type\":\"ListItem\",\"position\":2,\"name\":\"In\u00edcio\"}]},{\"@type\":\"WebSite\",\"@id\":\"https:\\\/\\\/www.hytorcatlantique.fr\\\/pt-ao\\\/#website\",\"url\":\"https:\\\/\\\/www.hytorcatlantique.fr\\\/pt-ao\\\/\",\"name\":\"Hytorc Fran\u00e7a\",\"description\":\"Solu\u00e7\u00e3o para aplica\u00e7\u00e3o de fixa\u00e7\u00e3o\",\"publisher\":{\"@id\":\"https:\\\/\\\/www.hytorcatlantique.fr\\\/pt-ao\\\/#organization\"},\"potentialAction\":[{\"@type\":\"SearchAction\",\"target\":{\"@type\":\"EntryPoint\",\"urlTemplate\":\"https:\\\/\\\/www.hytorcatlantique.fr\\\/pt-ao\\\/?s={search_term_string}\"},\"query-input\":{\"@type\":\"PropertyValueSpecification\",\"valueRequired\":true,\"valueName\":\"search_term_string\"}}],\"inLanguage\":\"pt-AO\"},{\"@type\":\"Organization\",\"@id\":\"https:\\\/\\\/www.hytorcatlantique.fr\\\/pt-ao\\\/#organization\",\"name\":\"Hytorc Fran\u00e7a\",\"url\":\"https:\\\/\\\/www.hytorcatlantique.fr\\\/pt-ao\\\/\",\"logo\":{\"@type\":\"ImageObject\",\"inLanguage\":\"pt-AO\",\"@id\":\"https:\\\/\\\/www.hytorcatlantique.fr\\\/pt-ao\\\/#\\\/schema\\\/logo\\\/image\\\/\",\"url\":\"https:\\\/\\\/www.hytorcatlantique.fr\\\/wp-content\\\/uploads\\\/2019\\\/07\\\/logo-hytorc.png\",\"contentUrl\":\"https:\\\/\\\/www.hytorcatlantique.fr\\\/wp-content\\\/uploads\\\/2019\\\/07\\\/logo-hytorc.png\",\"width\":239,\"height\":57,\"caption\":\"Hytorc Fran\u00e7a\"},\"image\":{\"@id\":\"https:\\\/\\\/www.hytorcatlantique.fr\\\/pt-ao\\\/#\\\/schema\\\/logo\\\/image\\\/\"},\"sameAs\":[\"https:\\\/\\\/www.facebook.com\\\/HytorcATLANTIQUE\",\"https:\\\/\\\/www.linkedin.com\\\/company\\\/hytorc-atlantique\\\/about\\\/\",\"https:\\\/\\\/www.youtube.com\\\/user\\\/HytorcAtlantique\"]}]}<\/script>\n<!-- \/ Yoast SEO plugin. -->","yoast_head_json":{"title":"HYTORC France : Chave dinamom\u00e9trica hidr\u00e1ulica para a ind\u00fastria","description":"A HYTORC Fran\u00e7a \u00e9 o l\u00edder mundial em ferramentas de bin\u00e1rio profissionais: chaves dinamom\u00e9tricas hidr\u00e1ulicas, chaves de fendas dinamom\u00e9tricas, etc.","robots":{"index":"index","follow":"follow","max-snippet":"max-snippet:-1","max-image-preview":"max-image-preview:large","max-video-preview":"max-video-preview:-1"},"canonical":"https:\/\/www.hytorcatlantique.fr\/pt-ao\/","og_locale":"pt_PT","og_type":"article","og_title":"HYTORC France : Chave dinamom\u00e9trica hidr\u00e1ulica para a ind\u00fastria","og_description":"A HYTORC Fran\u00e7a \u00e9 o l\u00edder mundial em ferramentas de bin\u00e1rio profissionais: chaves dinamom\u00e9tricas hidr\u00e1ulicas, chaves de fendas dinamom\u00e9tricas, etc.","og_url":"https:\/\/www.hytorcatlantique.fr\/pt-ao\/","og_site_name":"Hytorc Fran\u00e7a","article_publisher":"https:\/\/www.facebook.com\/HytorcATLANTIQUE","article_modified_time":"2023-07-03T08:14:31+00:00","twitter_card":"summary_large_image","schema":{"@context":"https:\/\/schema.org","@graph":[{"@type":"WebPage","@id":"https:\/\/www.hytorcatlantique.fr\/pt-ao\/","url":"https:\/\/www.hytorcatlantique.fr\/pt-ao\/","name":"HYTORC France : Chave dinamom\u00e9trica hidr\u00e1ulica para a ind\u00fastria","isPartOf":{"@id":"https:\/\/www.hytorcatlantique.fr\/pt-ao\/#website"},"datePublished":"2019-07-08T09:57:37+00:00","dateModified":"2023-07-03T08:14:31+00:00","description":"A HYTORC Fran\u00e7a \u00e9 o l\u00edder mundial em ferramentas de bin\u00e1rio profissionais: chaves dinamom\u00e9tricas hidr\u00e1ulicas, chaves de fendas dinamom\u00e9tricas, etc.","breadcrumb":{"@id":"https:\/\/www.hytorcatlantique.fr\/pt-ao\/#breadcrumb"},"inLanguage":"pt-AO","potentialAction":[{"@type":"ReadAction","target":["https:\/\/www.hytorcatlantique.fr\/pt-ao\/"]}]},{"@type":"BreadcrumbList","@id":"https:\/\/www.hytorcatlantique.fr\/pt-ao\/#breadcrumb","itemListElement":[{"@type":"ListItem","position":1,"name":"In\u00edcio","item":"https:\/\/www.hytorcatlantique.fr\/pt-ao\/"},{"@type":"ListItem","position":2,"name":"In\u00edcio"}]},{"@type":"WebSite","@id":"https:\/\/www.hytorcatlantique.fr\/pt-ao\/#website","url":"https:\/\/www.hytorcatlantique.fr\/pt-ao\/","name":"Hytorc Fran\u00e7a","description":"Solu\u00e7\u00e3o para aplica\u00e7\u00e3o de fixa\u00e7\u00e3o","publisher":{"@id":"https:\/\/www.hytorcatlantique.fr\/pt-ao\/#organization"},"potentialAction":[{"@type":"SearchAction","target":{"@type":"EntryPoint","urlTemplate":"https:\/\/www.hytorcatlantique.fr\/pt-ao\/?s={search_term_string}"},"query-input":{"@type":"PropertyValueSpecification","valueRequired":true,"valueName":"search_term_string"}}],"inLanguage":"pt-AO"},{"@type":"Organization","@id":"https:\/\/www.hytorcatlantique.fr\/pt-ao\/#organization","name":"Hytorc Fran\u00e7a","url":"https:\/\/www.hytorcatlantique.fr\/pt-ao\/","logo":{"@type":"ImageObject","inLanguage":"pt-AO","@id":"https:\/\/www.hytorcatlantique.fr\/pt-ao\/#\/schema\/logo\/image\/","url":"https:\/\/www.hytorcatlantique.fr\/wp-content\/uploads\/2019\/07\/logo-hytorc.png","contentUrl":"https:\/\/www.hytorcatlantique.fr\/wp-content\/uploads\/2019\/07\/logo-hytorc.png","width":239,"height":57,"caption":"Hytorc Fran\u00e7a"},"image":{"@id":"https:\/\/www.hytorcatlantique.fr\/pt-ao\/#\/schema\/logo\/image\/"},"sameAs":["https:\/\/www.facebook.com\/HytorcATLANTIQUE","https:\/\/www.linkedin.com\/company\/hytorc-atlantique\/about\/","https:\/\/www.youtube.com\/user\/HytorcAtlantique"]}]}},"_links":{"self":[{"href":"https:\/\/www.hytorcatlantique.fr\/pt-ao\/wp-json\/wp\/v2\/pages\/14335","targetHints":{"allow":["GET"]}}],"collection":[{"href":"https:\/\/www.hytorcatlantique.fr\/pt-ao\/wp-json\/wp\/v2\/pages"}],"about":[{"href":"https:\/\/www.hytorcatlantique.fr\/pt-ao\/wp-json\/wp\/v2\/types\/page"}],"author":[{"embeddable":true,"href":"https:\/\/www.hytorcatlantique.fr\/pt-ao\/wp-json\/wp\/v2\/users\/1"}],"replies":[{"embeddable":true,"href":"https:\/\/www.hytorcatlantique.fr\/pt-ao\/wp-json\/wp\/v2\/comments?post=14335"}],"version-history":[{"count":1,"href":"https:\/\/www.hytorcatlantique.fr\/pt-ao\/wp-json\/wp\/v2\/pages\/14335\/revisions"}],"predecessor-version":[{"id":14336,"href":"https:\/\/www.hytorcatlantique.fr\/pt-ao\/wp-json\/wp\/v2\/pages\/14335\/revisions\/14336"}],"wp:attachment":[{"href":"https:\/\/www.hytorcatlantique.fr\/pt-ao\/wp-json\/wp\/v2\/media?parent=14335"}],"wp:term":[{"taxonomy":"pompe-hydraulique","embeddable":true,"href":"https:\/\/www.hytorcatlantique.fr\/pt-ao\/wp-json\/wp\/v2\/pompe-hydraulique?post=14335"}],"curies":[{"name":"wp","href":"https:\/\/api.w.org\/{rel}","templated":true}]}}